{"id":74,"date":"2025-12-26T16:03:42","date_gmt":"2025-12-26T19:03:42","guid":{"rendered":"https:\/\/blog.ufes.br\/enps\/?page_id=74"},"modified":"2026-03-28T16:09:30","modified_gmt":"2026-03-28T19:09:30","slug":"estude-na-ufes","status":"publish","type":"page","link":"https:\/\/blog.ufes.br\/enps\/estude-na-ufes\/","title":{"rendered":"Estude na UFES"},"content":{"rendered":"\t\t<div data-elementor-type=\"wp-page\" data-elementor-id=\"74\" class=\"elementor elementor-74\">\n\t\t\t\t<div class=\"elementor-element elementor-element-281c614d e-flex e-con-boxed e-con e-parent\" data-id=\"281c614d\" data-element_type=\"container\" data-e-type=\"container\">\n\t\t\t\t\t<div class=\"e-con-inner\">\n\t\t\t\t<div class=\"elementor-element elementor-element-7b21aed elementor-widget elementor-widget-heading\" data-id=\"7b21aed\" data-element_type=\"widget\" data-e-type=\"widget\" data-widget_type=\"heading.default\">\n\t\t\t\t\t<h1 class=\"elementor-heading-title elementor-size-default\">Estude na UFES<\/h1>\t\t\t\t<\/div>\n\t\t\t\t<div class=\"elementor-element elementor-element-1561cc1 elementor-widget elementor-widget-image\" data-id=\"1561cc1\" data-element_type=\"widget\" data-e-type=\"widget\" data-widget_type=\"image.default\">\n\t\t\t\t\t\t\t\t\t\t\t\t\t\t\t<img fetchpriority=\"high\" decoding=\"async\" width=\"300\" height=\"224\" src=\"https:\/\/blog.ufes.br\/enps\/files\/2026\/03\/ufes.png\" class=\"attachment-large size-large wp-image-536\" alt=\"\" \/>\t\t\t\t\t\t\t\t\t\t\t\t\t\t\t<\/div>\n\t\t\t\t<div class=\"elementor-element elementor-element-6582a8d5 elementor-widget elementor-widget-text-editor\" data-id=\"6582a8d5\" data-element_type=\"widget\" data-e-type=\"widget\" data-widget_type=\"text-editor.default\">\n\t\t\t\t\t\t\t\t\t\n<p>A Universidade Federal do Esp\u00edrito Santo (UFES) tem possui mais de 70 anos de exist\u00eancia, portanto uma trajet\u00f3ria longa. Inicialmente foi chamada de Universidade do Esp\u00edrito Santo, sendo criada pela Lei n\u00b0. 806, de 5 de maio de 1954. E em 1965, por ser uma institui\u00e7\u00e3o de ensino vinculada ao ent\u00e3o Minist\u00e9rio da Educa\u00e7\u00e3o e Cultura (MEC) e mantida pela Uni\u00e3o, torna-se, ent\u00e3o, a atual UFES.\u00a0<\/p>\n\n<p>A UFES tem a miss\u00e3o de garantir a forma\u00e7\u00e3o humana, acad\u00eamica e profissional com excel\u00eancia, por meio do ensino, da pesquisa e da extens\u00e3o. Tem por vis\u00e3o ser reconhecida como institui\u00e7\u00e3o p\u00fablica de excel\u00eancia nacional e internacional, comprometida com os avan\u00e7os cient\u00edficos, tecnol\u00f3gicos, educacionais, culturais e sociais, promovendo inclus\u00e3o social \u00e0 toda sociedade brasileira, em foco o Estado do Esp\u00edrito Santo.<\/p>\n\n<p>Atualmente, a UFES conta com 4 campi: Goiabeiras (sede administrativa), Maru\u00edpe, S\u00e3o Mateus e Alegre.<\/p>\n\n<p>Com 11 centros de ensino, a UFES oferece ensino de gradua\u00e7\u00e3o presencial e \u00e0 dist\u00e2ncia, e de p\u00f3s-gradua\u00e7\u00e3o (mestrado e doutorado), mantendo em torno de 25 mil estudantes. Em 2026, a UFES oferece 103 cursos de gradua\u00e7\u00e3o, 61 cursos de mestrado e 39 de doutorado em diversas \u00e1reas de conhecimento.<\/p>\n\n<p>Para mais informa\u00e7\u00f5es: <a href=\"https:\/\/www.ufes.br\/\" target=\"_blank\" rel=\"noreferrer noopener\">https:\/\/www.ufes.br\/<\/a><\/p>\n\n<p>Instagram: <a href=\"https:\/\/www.instagram.com\/ufesoficial\" target=\"_blank\" rel=\"noreferrer noopener\" data-type=\"link\" data-id=\"https:\/\/www.instagram.com\/ufesoficial\">@ufesoficial<\/a><\/p>\n\n<p>\u00a0<\/p>\n\t\t\t\t\t\t\t\t<\/div>\n\t\t\t\t\t<\/div>\n\t\t\t\t<\/div>\n\t\t<div class=\"elementor-element elementor-element-c193ab7 e-flex e-con-boxed e-con e-parent\" data-id=\"c193ab7\" data-element_type=\"container\" data-e-type=\"container\">\n\t\t\t\t\t<div class=\"e-con-inner\">\n\t\t\t\t\t<\/div>\n\t\t\t\t<\/div>\n\t\t\t\t<\/div>\n\t\t","protected":false},"excerpt":{"rendered":"<p>Estude na UFES A Universidade Federal do Esp\u00edrito Santo (UFES) tem possui mais de 70 anos de exist\u00eancia, portanto uma trajet\u00f3ria longa. Inicialmente foi chamada de Universidade do Esp\u00edrito Santo, sendo criada pela Lei n\u00b0. 806, de 5 de maio &hellip; <a href=\"https:\/\/blog.ufes.br\/enps\/estude-na-ufes\/\">Continue lendo <span class=\"meta-nav\">&rarr;<\/span><\/a><\/p>\n","protected":false},"author":492,"featured_media":0,"parent":0,"menu_order":0,"comment_status":"closed","ping_status":"closed","template":"","meta":{"_bbp_topic_count":0,"_bbp_reply_count":0,"_bbp_total_topic_count":0,"_bbp_total_reply_count":0,"_bbp_voice_count":0,"_bbp_anonymous_reply_count":0,"_bbp_topic_count_hidden":0,"_bbp_reply_count_hidden":0,"_bbp_forum_subforum_count":0,"_uag_custom_page_level_css":"","footnotes":""},"class_list":["post-74","page","type-page","status-publish","hentry"],"uagb_featured_image_src":{"full":false,"thumbnail":false,"medium":false,"medium_large":false,"large":false,"1536x1536":false,"2048x2048":false,"post-thumbnail":false,"large-feature":false,"small-feature":false},"uagb_author_info":{"display_name":"admindoenps","author_link":"https:\/\/blog.ufes.br\/enps\/author\/admindoenps\/"},"uagb_comment_info":0,"uagb_excerpt":"Estude na UFES A Universidade Federal do Esp\u00edrito Santo (UFES) tem possui mais de 70 anos de exist\u00eancia, portanto uma trajet\u00f3ria longa. Inicialmente foi chamada de Universidade do Esp\u00edrito Santo, sendo criada pela Lei n\u00b0. 806, de 5 de maio &hellip; Continue lendo &rarr;","_links":{"self":[{"href":"https:\/\/blog.ufes.br\/enps\/wp-json\/wp\/v2\/pages\/74","targetHints":{"allow":["GET"]}}],"collection":[{"href":"https:\/\/blog.ufes.br\/enps\/wp-json\/wp\/v2\/pages"}],"about":[{"href":"https:\/\/blog.ufes.br\/enps\/wp-json\/wp\/v2\/types\/page"}],"author":[{"embeddable":true,"href":"https:\/\/blog.ufes.br\/enps\/wp-json\/wp\/v2\/users\/492"}],"replies":[{"embeddable":true,"href":"https:\/\/blog.ufes.br\/enps\/wp-json\/wp\/v2\/comments?post=74"}],"version-history":[{"count":23,"href":"https:\/\/blog.ufes.br\/enps\/wp-json\/wp\/v2\/pages\/74\/revisions"}],"predecessor-version":[{"id":539,"href":"https:\/\/blog.ufes.br\/enps\/wp-json\/wp\/v2\/pages\/74\/revisions\/539"}],"wp:attachment":[{"href":"https:\/\/blog.ufes.br\/enps\/wp-json\/wp\/v2\/media?parent=74"}],"curies":[{"name":"wp","href":"https:\/\/api.w.org\/{rel}","templated":true}]}}