{"id":75,"date":"2025-12-26T16:03:42","date_gmt":"2025-12-26T19:03:42","guid":{"rendered":"https:\/\/blog.ufes.br\/enps\/?page_id=75"},"modified":"2026-03-02T10:50:27","modified_gmt":"2026-03-02T13:50:27","slug":"localize-se-na-ufes","status":"publish","type":"page","link":"https:\/\/blog.ufes.br\/enps\/localize-se-na-ufes\/","title":{"rendered":"Localize-se na UFES"},"content":{"rendered":"\t\t<div data-elementor-type=\"wp-page\" data-elementor-id=\"75\" class=\"elementor elementor-75\">\n\t\t\t\t<div class=\"elementor-element elementor-element-b1ca653 e-flex e-con-boxed e-con e-parent\" data-id=\"b1ca653\" data-element_type=\"container\" data-e-type=\"container\">\n\t\t\t\t\t<div class=\"e-con-inner\">\n\t\t\t\t<div class=\"elementor-element elementor-element-9c053b1 elementor-widget elementor-widget-heading\" data-id=\"9c053b1\" data-element_type=\"widget\" data-e-type=\"widget\" data-widget_type=\"heading.default\">\n\t\t\t\t\t<h1 class=\"elementor-heading-title elementor-size-default\">Localize-se na UFES<\/h1>\t\t\t\t<\/div>\n\t\t\t\t<div class=\"elementor-element elementor-element-743bdc8f elementor-widget elementor-widget-text-editor\" data-id=\"743bdc8f\" data-element_type=\"widget\" data-e-type=\"widget\" data-widget_type=\"text-editor.default\">\n\t\t\t\t\t\t\t\t\t\n<p><strong>Para n\u00e3o se perder no ENPS\/EIPS \u2192 Mapa da Ufes<\/strong><u><\/u><\/p>\n\n<p>As atividades do EIPS\/ENPS ser\u00e3o realizadas no <em>campus<\/em> de Goiabeiras da Universidade Federal do Esp\u00edrito Santo (Ufes), no munic\u00edpio de Vit\u00f3ria-ES. Ir\u00e3o se concentrar no Teatro Universit\u00e1rio e no Centro de Ci\u00eancias Jur\u00eddicas e Econ\u00f4micas (CCJE). Os locais e hor\u00e1rios de cada atividade estar\u00e3o dispon\u00edveis para consulta na programa\u00e7\u00e3o. Tamb\u00e9m haver\u00e1 sinaliza\u00e7\u00e3o nos principais pontos de acesso e nos percursos no <em>campus.<\/em><\/p>\n\n<p>Neste link, est\u00e1 o mapa interativo do <em>campus<\/em> de Goiabeiras, desenvolvido pelo Laborat\u00f3rio de Projetos em Design (ProDesign Ufes): <a href=\"https:\/\/mapa.ufes.br\/?campus=goiabeiras\" target=\"_blank\" rel=\"noreferrer noopener\">https:\/\/mapa.ufes.br\/?campus=goiabeiras<\/a><\/p>\n\n<p>Endere\u00e7o do <em>campus <\/em>universit\u00e1rio<em>:<\/em> Avenida Fernando Ferrari, 514, Goiabeiras, Vit\u00f3ria, ES, 29075-910\u00a0<\/p>\n\n<p>\u00a0<\/p>\n\t\t\t\t\t\t\t\t<\/div>\n\t\t\t\t\t<\/div>\n\t\t\t\t<\/div>\n\t\t<div class=\"elementor-element elementor-element-6d485cb e-flex e-con-boxed e-con e-parent\" data-id=\"6d485cb\" data-element_type=\"container\" data-e-type=\"container\">\n\t\t\t\t\t<div class=\"e-con-inner\">\n\t\t\t\t<div class=\"elementor-element elementor-element-b43f84f elementor-absolute elementor-widget elementor-widget-google_maps\" data-id=\"b43f84f\" data-element_type=\"widget\" data-e-type=\"widget\" data-settings=\"{&quot;_position&quot;:&quot;absolute&quot;}\" data-widget_type=\"google_maps.default\">\n\t\t\t\t\t\t\t<div class=\"elementor-custom-embed\">\n\t\t\t<iframe loading=\"lazy\"\n\t\t\t\t\tsrc=\"https:\/\/maps.google.com\/maps?q=Universidade%20Federal%20do%20Esp%C3%ADrito%20Santo%20-%20UFES%20Campus%20de%20Goiabeiras&#038;t=m&#038;z=17&#038;output=embed&#038;iwloc=near\"\n\t\t\t\t\ttitle=\"Universidade Federal do Esp\u00edrito Santo - UFES Campus de Goiabeiras\"\n\t\t\t\t\taria-label=\"Universidade Federal do Esp\u00edrito Santo - UFES Campus de Goiabeiras\"\n\t\t\t><\/iframe>\n\t\t<\/div>\n\t\t\t\t\t\t<\/div>\n\t\t\t\t\t<\/div>\n\t\t\t\t<\/div>\n\t\t\t\t<\/div>\n\t\t","protected":false},"excerpt":{"rendered":"<p>Localize-se na UFES Para n\u00e3o se perder no ENPS\/EIPS \u2192 Mapa da Ufes As atividades do EIPS\/ENPS ser\u00e3o realizadas no campus de Goiabeiras da Universidade Federal do Esp\u00edrito Santo (Ufes), no munic\u00edpio de Vit\u00f3ria-ES. Ir\u00e3o se concentrar no Teatro Universit\u00e1rio &hellip; <a href=\"https:\/\/blog.ufes.br\/enps\/localize-se-na-ufes\/\">Continue lendo <span class=\"meta-nav\">&rarr;<\/span><\/a><\/p>\n","protected":false},"author":492,"featured_media":0,"parent":0,"menu_order":0,"comment_status":"closed","ping_status":"closed","template":"","meta":{"_bbp_topic_count":0,"_bbp_reply_count":0,"_bbp_total_topic_count":0,"_bbp_total_reply_count":0,"_bbp_voice_count":0,"_bbp_anonymous_reply_count":0,"_bbp_topic_count_hidden":0,"_bbp_reply_count_hidden":0,"_bbp_forum_subforum_count":0,"_uag_custom_page_level_css":"","footnotes":""},"class_list":["post-75","page","type-page","status-publish","hentry"],"uagb_featured_image_src":{"full":false,"thumbnail":false,"medium":false,"medium_large":false,"large":false,"1536x1536":false,"2048x2048":false,"post-thumbnail":false,"large-feature":false,"small-feature":false},"uagb_author_info":{"display_name":"admindoenps","author_link":"https:\/\/blog.ufes.br\/enps\/author\/admindoenps\/"},"uagb_comment_info":0,"uagb_excerpt":"Localize-se na UFES Para n\u00e3o se perder no ENPS\/EIPS \u2192 Mapa da Ufes As atividades do EIPS\/ENPS ser\u00e3o realizadas no campus de Goiabeiras da Universidade Federal do Esp\u00edrito Santo (Ufes), no munic\u00edpio de Vit\u00f3ria-ES. Ir\u00e3o se concentrar no Teatro Universit\u00e1rio &hellip; Continue lendo &rarr;","_links":{"self":[{"href":"https:\/\/blog.ufes.br\/enps\/wp-json\/wp\/v2\/pages\/75","targetHints":{"allow":["GET"]}}],"collection":[{"href":"https:\/\/blog.ufes.br\/enps\/wp-json\/wp\/v2\/pages"}],"about":[{"href":"https:\/\/blog.ufes.br\/enps\/wp-json\/wp\/v2\/types\/page"}],"author":[{"embeddable":true,"href":"https:\/\/blog.ufes.br\/enps\/wp-json\/wp\/v2\/users\/492"}],"replies":[{"embeddable":true,"href":"https:\/\/blog.ufes.br\/enps\/wp-json\/wp\/v2\/comments?post=75"}],"version-history":[{"count":12,"href":"https:\/\/blog.ufes.br\/enps\/wp-json\/wp\/v2\/pages\/75\/revisions"}],"predecessor-version":[{"id":421,"href":"https:\/\/blog.ufes.br\/enps\/wp-json\/wp\/v2\/pages\/75\/revisions\/421"}],"wp:attachment":[{"href":"https:\/\/blog.ufes.br\/enps\/wp-json\/wp\/v2\/media?parent=75"}],"curies":[{"name":"wp","href":"https:\/\/api.w.org\/{rel}","templated":true}]}}