{"id":76,"date":"2025-12-26T16:03:42","date_gmt":"2025-12-26T19:03:42","guid":{"rendered":"https:\/\/blog.ufes.br\/enps\/?page_id=76"},"modified":"2026-03-28T16:12:50","modified_gmt":"2026-03-28T19:12:50","slug":"estude-no-ppgps","status":"publish","type":"page","link":"https:\/\/blog.ufes.br\/enps\/estude-no-ppgps\/","title":{"rendered":"Estude no PPGPS"},"content":{"rendered":"\t\t<div data-elementor-type=\"wp-page\" data-elementor-id=\"76\" class=\"elementor elementor-76\">\n\t\t\t\t<div class=\"elementor-element elementor-element-3f4506f8 e-flex e-con-boxed e-con e-parent\" data-id=\"3f4506f8\" data-element_type=\"container\" data-e-type=\"container\">\n\t\t\t\t\t<div class=\"e-con-inner\">\n\t\t\t\t<div class=\"elementor-element elementor-element-152b321 elementor-widget elementor-widget-heading\" data-id=\"152b321\" data-element_type=\"widget\" data-e-type=\"widget\" data-widget_type=\"heading.default\">\n\t\t\t\t\t<h2 class=\"elementor-heading-title elementor-size-default\">Estude no PPGPS<\/h2>\t\t\t\t<\/div>\n\t\t\t\t<div class=\"elementor-element elementor-element-b4dcdcc elementor-widget elementor-widget-image\" data-id=\"b4dcdcc\" data-element_type=\"widget\" data-e-type=\"widget\" data-widget_type=\"image.default\">\n\t\t\t\t\t\t\t\t\t\t\t\t\t\t\t<img fetchpriority=\"high\" decoding=\"async\" width=\"285\" height=\"177\" src=\"https:\/\/blog.ufes.br\/enps\/files\/2026\/03\/ppgps.jpg\" class=\"attachment-large size-large wp-image-540\" alt=\"\" \/>\t\t\t\t\t\t\t\t\t\t\t\t\t\t\t<\/div>\n\t\t\t\t<div class=\"elementor-element elementor-element-26d89b17 elementor-widget elementor-widget-text-editor\" data-id=\"26d89b17\" data-element_type=\"widget\" data-e-type=\"widget\" data-widget_type=\"text-editor.default\">\n\t\t\t\t\t\t\t\t\t\n<p>O Programa de P\u00f3s-Gradua\u00e7\u00e3o em Pol\u00edtica Social (PPGPS) est\u00e1 localizado no Centro de Ci\u00eancias Jur\u00eddicas e Econ\u00f4micas, no campus de UFES, em Vit\u00f3ria\/ES, e oferece os cursos de p\u00f3s-gradua\u00e7\u00e3o acad\u00eamico de Mestrado (desde 2004) e de Doutorado (desde 2012). Nas duas \u00faltimas avalia\u00e7\u00f5es quadrienais da CAPES (2017-2020, 2021-2024), alcan\u00e7ou a nota 6.<\/p>\n\n<p>O PPGPS encontra-se localizado na \u00e1rea de concentra\u00e7\u00e3o Pol\u00edtica Social, Estado e Sociedade e em sua trajet\u00f3ria j\u00e1 formou <em>187<\/em> mestres e <em>46<\/em> doutores e conta com <em>66<\/em> alunos regularmente matriculados, sendo <em>38<\/em> no mestrado e <em>28<\/em> no doutorado. Os egressos encontram-se inseridos em institui\u00e7\u00f5es de ensino superior (p\u00fablicas e privadas), em institui\u00e7\u00f5es executoras de pol\u00edticas p\u00fablicas e em cursos de Doutorado no Pa\u00eds.<\/p>\n\n<p>O Programa conta com duas linhas de pesquisa:<\/p>\n\n<p>&#8211; Pol\u00edtica Social, Movimentos Sociais e Servi\u00e7o Social;<\/p>\n\n<p>&#8211; Reprodu\u00e7\u00e3o e Estrutura do Capitalismo Contempor\u00e2neo.<\/p>\n\n<p><strong>Para mais informa\u00e7\u00f5es:<\/strong><br \/>Instagram: <a href=\"https:\/\/instagram.com\/ppgps.ufes\" target=\"_blank\" rel=\"noopener\">@ppgps.ufes<\/a><br \/>e-mail: <a href=\"mailto:pos.politicasocial@ufes.br\">pos.politicasocial@ufes.br<\/a><\/p>\n\n<p>Mapa de localiza\u00e7\u00e3o:<\/p>\n\t\t\t\t\t\t\t\t<\/div>\n\t\t\t\t\t<\/div>\n\t\t\t\t<\/div>\n\t\t<div class=\"elementor-element elementor-element-7ebaba6 e-flex e-con-boxed e-con e-parent\" data-id=\"7ebaba6\" data-element_type=\"container\" data-e-type=\"container\">\n\t\t\t\t\t<div class=\"e-con-inner\">\n\t\t\t\t<div class=\"elementor-element elementor-element-80f49d9 elementor-widget__width-inherit elementor-widget elementor-widget-google_maps\" data-id=\"80f49d9\" data-element_type=\"widget\" data-e-type=\"widget\" data-widget_type=\"google_maps.default\">\n\t\t\t\t\t\t\t<div class=\"elementor-custom-embed\">\n\t\t\t<iframe loading=\"lazy\"\n\t\t\t\t\tsrc=\"https:\/\/maps.google.com\/maps?q=Centro%2Bde%2BCi%C3%AAncias%2BJur%C3%ADdicas%2Be%2BEcon%C3%B4micas%2B-%2BGoiabeiras%2C%2BVit%C3%B3ria%2B-%2BES&#038;t=m&#038;z=14&#038;output=embed&#038;iwloc=near\"\n\t\t\t\t\ttitle=\"Centro+de+Ci\u00eancias+Jur\u00eddicas+e+Econ\u00f4micas+-+Goiabeiras,+Vit\u00f3ria+-+ES\"\n\t\t\t\t\taria-label=\"Centro+de+Ci\u00eancias+Jur\u00eddicas+e+Econ\u00f4micas+-+Goiabeiras,+Vit\u00f3ria+-+ES\"\n\t\t\t><\/iframe>\n\t\t<\/div>\n\t\t\t\t\t\t<\/div>\n\t\t\t\t\t<\/div>\n\t\t\t\t<\/div>\n\t\t\t\t<\/div>\n\t\t","protected":false},"excerpt":{"rendered":"<p>Estude no PPGPS O Programa de P\u00f3s-Gradua\u00e7\u00e3o em Pol\u00edtica Social (PPGPS) est\u00e1 localizado no Centro de Ci\u00eancias Jur\u00eddicas e Econ\u00f4micas, no campus de UFES, em Vit\u00f3ria\/ES, e oferece os cursos de p\u00f3s-gradua\u00e7\u00e3o acad\u00eamico de Mestrado (desde 2004) e de Doutorado &hellip; <a href=\"https:\/\/blog.ufes.br\/enps\/estude-no-ppgps\/\">Continue lendo <span class=\"meta-nav\">&rarr;<\/span><\/a><\/p>\n","protected":false},"author":492,"featured_media":0,"parent":0,"menu_order":0,"comment_status":"closed","ping_status":"closed","template":"","meta":{"_bbp_topic_count":0,"_bbp_reply_count":0,"_bbp_total_topic_count":0,"_bbp_total_reply_count":0,"_bbp_voice_count":0,"_bbp_anonymous_reply_count":0,"_bbp_topic_count_hidden":0,"_bbp_reply_count_hidden":0,"_bbp_forum_subforum_count":0,"_uag_custom_page_level_css":"","footnotes":""},"class_list":["post-76","page","type-page","status-publish","hentry"],"uagb_featured_image_src":{"full":false,"thumbnail":false,"medium":false,"medium_large":false,"large":false,"1536x1536":false,"2048x2048":false,"post-thumbnail":false,"large-feature":false,"small-feature":false},"uagb_author_info":{"display_name":"admindoenps","author_link":"https:\/\/blog.ufes.br\/enps\/author\/admindoenps\/"},"uagb_comment_info":0,"uagb_excerpt":"Estude no PPGPS O Programa de P\u00f3s-Gradua\u00e7\u00e3o em Pol\u00edtica Social (PPGPS) est\u00e1 localizado no Centro de Ci\u00eancias Jur\u00eddicas e Econ\u00f4micas, no campus de UFES, em Vit\u00f3ria\/ES, e oferece os cursos de p\u00f3s-gradua\u00e7\u00e3o acad\u00eamico de Mestrado (desde 2004) e de Doutorado &hellip; Continue lendo &rarr;","_links":{"self":[{"href":"https:\/\/blog.ufes.br\/enps\/wp-json\/wp\/v2\/pages\/76","targetHints":{"allow":["GET"]}}],"collection":[{"href":"https:\/\/blog.ufes.br\/enps\/wp-json\/wp\/v2\/pages"}],"about":[{"href":"https:\/\/blog.ufes.br\/enps\/wp-json\/wp\/v2\/types\/page"}],"author":[{"embeddable":true,"href":"https:\/\/blog.ufes.br\/enps\/wp-json\/wp\/v2\/users\/492"}],"replies":[{"embeddable":true,"href":"https:\/\/blog.ufes.br\/enps\/wp-json\/wp\/v2\/comments?post=76"}],"version-history":[{"count":23,"href":"https:\/\/blog.ufes.br\/enps\/wp-json\/wp\/v2\/pages\/76\/revisions"}],"predecessor-version":[{"id":543,"href":"https:\/\/blog.ufes.br\/enps\/wp-json\/wp\/v2\/pages\/76\/revisions\/543"}],"wp:attachment":[{"href":"https:\/\/blog.ufes.br\/enps\/wp-json\/wp\/v2\/media?parent=76"}],"curies":[{"name":"wp","href":"https:\/\/api.w.org\/{rel}","templated":true}]}}