{"id":77,"date":"2025-12-26T16:03:42","date_gmt":"2025-12-26T19:03:42","guid":{"rendered":"https:\/\/blog.ufes.br\/enps\/?page_id=77"},"modified":"2026-02-13T20:04:08","modified_gmt":"2026-02-13T23:04:08","slug":"conheca-vitoria-es","status":"publish","type":"page","link":"https:\/\/blog.ufes.br\/enps\/conheca-vitoria-es\/","title":{"rendered":"Conhe\u00e7a Vit\u00f3ria\/ES"},"content":{"rendered":"\t\t<div data-elementor-type=\"wp-page\" data-elementor-id=\"77\" class=\"elementor elementor-77\">\n\t\t\t\t<div class=\"elementor-element elementor-element-ce8a8d3 e-flex e-con-boxed e-con e-parent\" data-id=\"ce8a8d3\" data-element_type=\"container\" data-e-type=\"container\">\n\t\t\t\t\t<div class=\"e-con-inner\">\n\t\t\t\t<div class=\"elementor-element elementor-element-cc20b53 elementor-widget elementor-widget-heading\" data-id=\"cc20b53\" data-element_type=\"widget\" data-e-type=\"widget\" data-widget_type=\"heading.default\">\n\t\t\t\t\t<h2 class=\"elementor-heading-title elementor-size-default\">Conhe\u00e7a Vit\u00f3ria\/ES<\/h2>\t\t\t\t<\/div>\n\t\t\t\t<div class=\"elementor-element elementor-element-687a777 elementor-widget elementor-widget-text-editor\" data-id=\"687a777\" data-element_type=\"widget\" data-e-type=\"widget\" data-widget_type=\"text-editor.default\">\n\t\t\t\t\t\t\t\t\t<h2 style=\"text-align: center\">LOCAIS PARA TURISTAR (ALGUMAS SUGEST\u00d5ES)<\/h2><p><!-- \/wp:heading --><!-- wp:quote --><\/p><blockquote class=\"wp-block-quote\"><!-- wp:paragraph --><p>Observa\u00e7\u00e3o: os hor\u00e1rios de funcionamento, bem como o pre\u00e7o dos ingressos (quando for o caso), podem sofrer modifica\u00e7\u00f5es. Por isso, recomendamos conferir as informa\u00e7\u00f5es antes de se deslocar.<\/p><!-- \/wp:paragraph --><\/blockquote><p><!-- \/wp:quote --><!-- wp:paragraph --><\/p><p><strong>Sugest\u00f5es do EIPS\/ENPS para turistar e conhecer em Vit\u00f3ria<\/strong><\/p><p><!-- \/wp:paragraph --><!-- wp:list --><\/p><ul class=\"wp-block-list\"><!-- wp:list-item --><li><strong>Associa\u00e7\u00e3o Paneleiras de Goiabeiras<\/strong><!-- wp:list --><ul class=\"wp-block-list\"><!-- wp:list-item --><li>Endere\u00e7o: Rua Leopoldo Gomes Salles, 55, Goiabeiras, Vit\u00f3ria &#8211; ES, 29075-105 (<a href=\"https:\/\/maps.app.goo.gl\/QY85JwACDRkRVnCGA\" target=\"_blank\" rel=\"noreferrer noopener\">https:\/\/maps.app.goo.gl\/QY85JwACDRkRVnCGA<\/a>);\u00a0<\/li><!-- \/wp:list-item --><!-- wp:list-item --><li>Funcionamento: de segunda-feira a s\u00e1bado, das 8h \u00e0s 18h30. Domingo, das 8h \u00e0s 15h.<\/li><!-- \/wp:list-item --><\/ul><!-- \/wp:list --><\/li><!-- \/wp:list-item --><\/ul><p><!-- \/wp:list --><!-- wp:list --><\/p><ul class=\"wp-block-list\"><!-- wp:list-item --><li><strong>Parque Pedra da Cebola<\/strong><!-- wp:list --><ul class=\"wp-block-list\"><!-- wp:list-item --><li>Endere\u00e7o: Rua Ana Vi\u00eaira Mafra, s\/n &#8211; Mata da Praia, Vit\u00f3ria &#8211; ES, 29066-010 (<a href=\"https:\/\/maps.app.goo.gl\/eKrqm1csFA6sNyUx5\">htt<\/a><a href=\"https:\/\/maps.app.goo.gl\/eKrqm1csFA6sNyUx5\" target=\"_blank\" rel=\"noreferrer noopener\">p<\/a><a href=\"https:\/\/maps.app.goo.gl\/eKrqm1csFA6sNyUx5\">s:\/\/maps.app.goo.gl\/eKrqm1csFA6sNyUx5<\/a>);<\/li><!-- \/wp:list-item --><!-- wp:list-item --><li>Funcionamento: ter\u00e7a-feira a domingo, das 5h \u00e0s 22h.<\/li><!-- \/wp:list-item --><\/ul><!-- \/wp:list --><\/li><!-- \/wp:list-item --><\/ul><p><!-- \/wp:list --><!-- wp:list --><\/p><ul class=\"wp-block-list\"><!-- wp:list-item --><li><strong>Parque da Fonte Grande<\/strong><!-- wp:list --><ul class=\"wp-block-list\"><!-- wp:list-item --><li>Endere\u00e7o: Av. Serafim Derenzi, Grande Vit\u00f3ria (<a href=\"https:\/\/maps.app.goo.gl\/QqvNpfpUcfDpg8Ph7\">https:<\/a><a href=\"https:\/\/maps.app.goo.gl\/QqvNpfpUcfDpg8Ph7\" target=\"_blank\" rel=\"noreferrer noopener\">\/<\/a><a href=\"https:\/\/maps.app.goo.gl\/QqvNpfpUcfDpg8Ph7\">\/maps.app.goo.gl\/QqvNpfpUcfDpg8Ph7<\/a>).<\/li><!-- \/wp:list-item --><!-- wp:list-item --><li>Funcionamento: entre ter\u00e7a-feira e domingo, de 8h \u00e0s 17h.<\/li><!-- \/wp:list-item --><\/ul><!-- \/wp:list --><\/li><!-- \/wp:list-item --><\/ul><p><!-- \/wp:list --><!-- wp:list --><\/p><ul class=\"wp-block-list\"><!-- wp:list-item --><li><strong>Funda\u00e7\u00e3o Projeto Tamar em Vit\u00f3ria<\/strong><!-- wp:list --><ul class=\"wp-block-list\"><!-- wp:list-item --><li>Endere\u00e7o: Av. Nossa Sra. dos Navegantes, 700A &#8211; Enseada do Su\u00e1, Vit\u00f3ria &#8211; ES, 29050-256 (<a href=\"https:\/\/maps.app.goo.gl\/j5Qy4gZus9zERFBN9\" target=\"_blank\" rel=\"noreferrer noopener\">https:\/\/maps.app.goo.gl\/j5Qy4gZus9zERFBN9<\/a>);<\/li><!-- \/wp:list-item --><!-- wp:list-item --><li>Funcionamento: de ter\u00e7a-feira a domingo, das 10h \u00e0s 17h;<\/li><!-- \/wp:list-item --><!-- wp:list-item --><li>Ingressos: inteira (R$ 36,00) e meia (R$18,00), com pagamento no d\u00e9bito, no cr\u00e9dito e no dinheiro.<\/li><!-- \/wp:list-item --><\/ul><!-- \/wp:list --><\/li><!-- \/wp:list-item --><\/ul><p><!-- \/wp:list --><!-- wp:list --><\/p><ul class=\"wp-block-list\"><!-- wp:list-item --><li><strong>Pra\u00e7a do Papa<\/strong><!-- wp:list --><ul class=\"wp-block-list\"><!-- wp:list-item --><li>Endere\u00e7o: Enseada do Su\u00e1, Vit\u00f3ria &#8211; ES (<a href=\"https:\/\/maps.app.goo.gl\/AfSBFV9Lfz1psttWA\" target=\"_blank\" rel=\"noreferrer noopener\">https:\/\/maps.app.goo.gl\/AfSBFV9Lfz1psttWA<\/a>).\u00a0<\/li><!-- \/wp:list-item --><\/ul><!-- \/wp:list --><\/li><!-- \/wp:list-item --><\/ul><p><!-- \/wp:list --><!-- wp:list --><\/p><ul class=\"wp-block-list\"><!-- wp:list-item --><li><strong>Pier Iemanj\u00e1<\/strong><!-- wp:list --><ul class=\"wp-block-list\"><!-- wp:list-item --><li>Endere\u00e7o: Av. Dante Michelini, 12 &#8211; Jardim da Penha, Vit\u00f3ria &#8211; ES (<a href=\"https:\/\/maps.app.goo.gl\/ccxPUwMNgTKKHWiz6\" target=\"_blank\" rel=\"noreferrer noopener\">https:\/\/maps.app.goo.gl\/ccxPUwMNgTKKHWiz6<\/a>)<\/li><!-- \/wp:list-item --><\/ul><!-- \/wp:list --><\/li><!-- \/wp:list-item --><\/ul><p><!-- \/wp:list --><!-- wp:list --><\/p><ul class=\"wp-block-list\"><!-- wp:list-item --><li><strong>Monumento Guerreiro Zulu<\/strong><!-- wp:list --><ul class=\"wp-block-list\"><!-- wp:list-item --><li>Endere\u00e7o: 1661, Av. Am\u00e9rico Buaiz, 1533 &#8211; Enseada do Su\u00e1, Vit\u00f3ria &#8211; ES (<a href=\"https:\/\/maps.app.goo.gl\/wRWTvs7sW1R7v8i8A\" target=\"_blank\" rel=\"noreferrer noopener\">https:\/\/maps.app.goo.gl\/wRWTvs7sW1R7v8i8A<\/a>).\u00a0<\/li><!-- \/wp:list-item --><\/ul><!-- \/wp:list --><\/li><!-- \/wp:list-item --><\/ul><p><!-- \/wp:list --><!-- wp:list --><\/p><ul class=\"wp-block-list\"><!-- wp:list-item --><li><strong>Praias:<\/strong><!-- wp:list --><ul class=\"wp-block-list\"><!-- wp:list-item --><li>Ilha do Frade (<a href=\"https:\/\/maps.app.goo.gl\/fLVUp54ZoeeNvRxT7\" target=\"_blank\" rel=\"noreferrer noopener\">https:\/\/maps.app.goo.gl\/fLVUp54ZoeeNvRxT7<\/a>);<\/li><!-- \/wp:list-item --><!-- wp:list-item --><li>Ilha do Boi (<a href=\"https:\/\/maps.app.goo.gl\/ksJes1cwnpsQa7tW6\" target=\"_blank\" rel=\"noreferrer noopener\">https:\/\/maps.app.goo.gl\/ksJes1cwnpsQa7tW6<\/a>);<\/li><!-- \/wp:list-item --><!-- wp:list-item --><li>Guarderia (<a href=\"https:\/\/maps.app.goo.gl\/X3gi62R5fvthNmsD8\" target=\"_blank\" rel=\"noreferrer noopener\">https:\/\/maps.app.goo.gl\/X3gi62R5fvthNmsD8<\/a>);<\/li><!-- \/wp:list-item --><!-- wp:list-item --><li>Curva da Jurema (<a href=\"https:\/\/maps.app.goo.gl\/8taF2LRstCba6yCo9\" target=\"_blank\" rel=\"noreferrer noopener\">https:\/\/maps.app.goo.gl\/8taF2LRstCba6yCo9<\/a>).\u00a0<\/li><!-- \/wp:list-item --><\/ul><!-- \/wp:list --><\/li><!-- \/wp:list-item --><\/ul><p><!-- \/wp:list --><!-- wp:quote --><\/p><blockquote class=\"wp-block-quote\"><!-- wp:paragraph --><p>Aos domingos, entre 8h e 13h, na Praia da Curva da Jurema, funciona o Projeto Praia Acess\u00edvel, que busca garantir o banho de mar assistido \u00e0s pessoas com defici\u00eancia ou com mobilidade reduzida. Para mais informa\u00e7\u00f5es, ver: <a href=\"https:\/\/www.vitoria.es.gov.br\/semesp\/projeto-praia-acessivel\">https:\/\/www.vitoria.es.gov.br\/semesp\/projeto-praia-acessivel<\/a>.<\/p><!-- \/wp:paragraph --><\/blockquote><p><!-- \/wp:quote --><!-- wp:quote --><\/p><blockquote class=\"wp-block-quote\"><!-- wp:paragraph --><p>Mapa com algumas informa\u00e7\u00f5es \u00fateis sobre Vit\u00f3ria e com locais de interesse tur\u00edstico. Elaborado pela Prefeitura Municipal de Vit\u00f3ria. Dispon\u00edvel em: <a href=\"https:\/\/www.vitoria.es.gov.br\/download.php?tipo=1&amp;id=759\" target=\"_blank\" rel=\"noreferrer noopener\">https:\/\/www.vitoria.es.gov.br\/download.php?tipo=1&amp;id=759<\/a>\u00a0<\/p><!-- \/wp:paragraph --><\/blockquote><p><!-- \/wp:quote --><!-- wp:paragraph --><\/p><p><strong>No Centro de Vit\u00f3ria<\/strong><u><\/u><\/p><p><!-- \/wp:paragraph --><!-- wp:list --><\/p><ul class=\"wp-block-list\"><!-- wp:list-item --><li><strong>MUCANE \u2014 Museu Capixaba do Negro<\/strong><!-- wp:list --><ul class=\"wp-block-list\"><!-- wp:list-item --><li>Endere\u00e7o: Av. Rep\u00fablica, 121 &#8211; Centro, Vit\u00f3ria &#8211; ES, 29010-700 (<a href=\"https:\/\/maps.app.goo.gl\/yyx9R2rkT5yznTfZ7\" target=\"_blank\" rel=\"noreferrer noopener\">https:\/\/maps.app.goo.gl\/yyx9R2rkT5yznTfZ7<\/a>);\u00a0<\/li><!-- \/wp:list-item --><\/ul><!-- \/wp:list --><\/li><!-- \/wp:list-item --><!-- wp:list-item --><li>Funcionamento: de ter\u00e7a-feira a sexta-feira, de 9h \u00e0s 19h; s\u00e1bado, de 9h \u00e0s 13h.<\/li><!-- \/wp:list-item --><\/ul><p><!-- \/wp:list --><!-- wp:list --><\/p><ul class=\"wp-block-list\"><!-- wp:list-item --><li><strong>Parque Moscoso<\/strong><!-- wp:list --><ul class=\"wp-block-list\"><!-- wp:list-item --><li>Endere\u00e7o: Av. Cleto Nunes, s\/n &#8211; Centro, Vit\u00f3ria &#8211; ES, 29015-040 (<a href=\"https:\/\/maps.app.goo.gl\/y8a9gbgP27CVoLn99\" target=\"_blank\" rel=\"noreferrer noopener\">https:\/\/maps.app.goo.gl\/y8a9gbgP27CVoLn99<\/a>);<\/li><!-- \/wp:list-item --><!-- wp:list-item --><li>Funcionamento: segunda-feira, de 5h \u00e0s 9h e de 17 \u00e0s 22h; de ter\u00e7a-feira a domingo, das 5h \u00e0s 22h.<\/li><!-- \/wp:list-item --><\/ul><!-- \/wp:list --><\/li><!-- \/wp:list-item --><\/ul><p><!-- \/wp:list --><!-- wp:list --><\/p><ul class=\"wp-block-list\"><!-- wp:list-item --><li><strong>Casa Caipora Centro Cultural<\/strong><!-- wp:list --><ul class=\"wp-block-list\"><!-- wp:list-item --><li>Endere\u00e7o: R. Nestor Gomes, 168 &#8211; Centro, Vit\u00f3ria &#8211; ES, 29015-150 (<a href=\"https:\/\/maps.app.goo.gl\/AHxyNRXSJuE7VCnh7\" target=\"_blank\" rel=\"noreferrer noopener\">https:\/\/maps.app.goo.gl\/AHxyNRXSJuE7VCnh7<\/a>).<\/li><!-- \/wp:list-item --><\/ul><!-- \/wp:list --><\/li><!-- \/wp:list-item --><\/ul><p><!-- \/wp:list --><!-- wp:list --><\/p><ul class=\"wp-block-list\"><!-- wp:list-item --><li><strong>Centro Cultural Sesc Gl\u00f3ria<\/strong><!-- wp:list --><ul class=\"wp-block-list\"><!-- wp:list-item --><li>Endere\u00e7o: Av. Jer\u00f4nimo Monteiro, 428 &#8211; Centro, Vit\u00f3ria &#8211; ES, 29010-002 ( <a href=\"https:\/\/maps.app.goo.gl\/SQcZiXQWw6AcAesh7\" target=\"_blank\" rel=\"noreferrer noopener\">https:\/\/maps.app.goo.gl\/SQcZiXQWw6AcAesh7<\/a>);<\/li><!-- \/wp:list-item --><!-- wp:list-item --><li>Funcionamento: quarta-feira a s\u00e1bado, de 10h \u00e0s 20h.<\/li><!-- \/wp:list-item --><\/ul><!-- \/wp:list --><\/li><!-- \/wp:list-item --><\/ul><p><!-- \/wp:list --><!-- wp:list --><\/p><ul class=\"wp-block-list\"><!-- wp:list-item --><li><strong>Theatro Carlos Gomes<\/strong><!-- wp:list --><ul class=\"wp-block-list\"><!-- wp:list-item --><li>Endere\u00e7o: R. Bar\u00e3o de Itapemirim, 232 &#8211; Centro, Vit\u00f3ria &#8211; ES, 29010-060 (<a href=\"https:\/\/maps.app.goo.gl\/acFfFWU86TzbyFg39\" target=\"_blank\" rel=\"noreferrer noopener\">https:\/\/maps.app.goo.gl\/acFfFWU86TzbyFg39<\/a>);<\/li><!-- \/wp:list-item --><\/ul><!-- \/wp:list --><\/li><!-- \/wp:list-item --><\/ul><p><!-- \/wp:list --><!-- wp:list --><\/p><ul class=\"wp-block-list\"><!-- wp:list-item --><li><strong>Pal\u00e1cio da Cultura S\u00f4nia Cabral<\/strong><!-- wp:list --><ul class=\"wp-block-list\"><!-- wp:list-item --><li>Endere\u00e7o: R. S\u00e3o Gon\u00e7alo &#8211; Centro, Vit\u00f3ria &#8211; ES, 29015-210 (<a href=\"https:\/\/maps.app.goo.gl\/mHsutYn6j5ffLp8UA\" target=\"_blank\" rel=\"noreferrer noopener\">https:\/\/maps.app.goo.gl\/mHsutYn6j5ffLp8UA<\/a>).<\/li><!-- \/wp:list-item --><\/ul><!-- \/wp:list --><\/li><!-- \/wp:list-item --><\/ul><p><!-- \/wp:list --><!-- wp:list --><\/p><ul class=\"wp-block-list\"><!-- wp:list-item --><li><strong>Pal\u00e1cio Anchieta<\/strong><!-- wp:list --><ul class=\"wp-block-list\"><!-- wp:list-item --><li>Endere\u00e7o: Pra\u00e7a Jo\u00e3o Cl\u00edmaco, s\/n &#8211; Centro, Vit\u00f3ria &#8211; ES, 29015-110 (<a href=\"https:\/\/maps.app.goo.gl\/aaonihxPRFsLQWuK8\" target=\"_blank\" rel=\"noreferrer noopener\">https:\/\/maps.app.goo.gl\/aaonihxPRFsLQWuK8<\/a>);<\/li><!-- \/wp:list-item --><!-- wp:list-item --><li>Funcionamento: de ter\u00e7a-feira a sexta-feira, de 9h \u00e0s 17h; s\u00e1bado e domingo, de 9h \u00e0s 16h.<\/li><!-- \/wp:list-item --><\/ul><!-- \/wp:list --><\/li><!-- \/wp:list-item --><\/ul><p><!-- \/wp:list --><!-- wp:list --><\/p><ul class=\"wp-block-list\"><!-- wp:list-item --><li><strong>Centro Cultural Triplex Vermelho<\/strong><!-- wp:list --><ul class=\"wp-block-list\"><!-- wp:list-item --><li>Endere\u00e7o: Pra\u00e7a Costa Pereira &#8211; Centro, Vit\u00f3ria &#8211; ES, 29010-080 (<a href=\"https:\/\/maps.app.goo.gl\/sYZTvgRF7sRG5tS58\" target=\"_blank\" rel=\"noreferrer noopener\">https:\/\/maps.app.goo.gl\/sYZTvgRF7sRG5tS58<\/a>).<\/li><!-- \/wp:list-item --><\/ul><!-- \/wp:list --><\/li><!-- \/wp:list-item --><\/ul><p><!-- \/wp:list --><!-- wp:list --><\/p><ul class=\"wp-block-list\"><!-- wp:list-item --><li><strong>Museu de Artes do Esp\u00edrito Santo<\/strong><!-- wp:list --><ul class=\"wp-block-list\"><!-- wp:list-item --><li>Endere\u00e7o: Av. Jer\u00f4nimo Monteiro, 631 &#8211; Centro, Vit\u00f3ria &#8211; ES, 29010-001 (<a href=\"https:\/\/maps.app.goo.gl\/tHiE1N4uqwGtQWp58\" target=\"_blank\" rel=\"noreferrer noopener\">https:\/\/maps.app.goo.gl\/tHiE1N4uqwGtQWp58<\/a>);<\/li><!-- \/wp:list-item --><!-- wp:list-item --><li>Funcionamento: de ter\u00e7a-feira a sexta-feira, de 10h \u00e0s 18h; s\u00e1bado e domingo, de 10h \u00e0s 16h.<\/li><!-- \/wp:list-item --><\/ul><!-- \/wp:list --><\/li><!-- \/wp:list-item --><\/ul><p><!-- \/wp:list --><!-- wp:list --><\/p><ul class=\"wp-block-list\"><!-- wp:list-item --><li><strong>Pra\u00e7a Costa Pereira<\/strong><!-- wp:list --><ul class=\"wp-block-list\"><!-- wp:list-item --><li>Endere\u00e7o: Av. Jer\u00f4nimo Monteiro &#8211; Centro, Vit\u00f3ria &#8211; ES, 29010-080 (<a href=\"https:\/\/maps.app.goo.gl\/fZqDM1q55j5a2Zma9\" target=\"_blank\" rel=\"noreferrer noopener\">https:\/\/maps.app.goo.gl\/fZqDM1q55j5a2Zma9<\/a>).\u00a0<\/li><!-- \/wp:list-item --><\/ul><!-- \/wp:list --><\/li><!-- \/wp:list-item --><\/ul><p><!-- \/wp:list --><!-- wp:list --><\/p><ul class=\"wp-block-list\"><!-- wp:list-item --><li><strong>Catedral Metropolitana de Nossa Senhora da Vit\u00f3ria<\/strong><!-- wp:list --><ul class=\"wp-block-list\"><!-- wp:list-item --><li>Endere\u00e7o: Pra\u00e7a Dom Lu\u00eds Scortegagna, s\/n &#8211; Centro, Vit\u00f3ria &#8211; ES, 29015-030 (<a href=\"https:\/\/maps.app.goo.gl\/V5EVYKx4eVdmHXTc8\" target=\"_blank\" rel=\"noreferrer noopener\">https:\/\/maps.app.goo.gl\/V5EVYKx4eVdmHXTc8<\/a>);<\/li><!-- \/wp:list-item --><!-- wp:list-item --><li>Funcionamento: todos os dias, entre 7h e 19h.<\/li><!-- \/wp:list-item --><\/ul><!-- \/wp:list --><\/li><!-- \/wp:list-item --><\/ul><p><!-- \/wp:list --><!-- wp:list --><\/p><ul class=\"wp-block-list\"><!-- wp:list-item --><li><strong>Bas\u00edlica de Santo Ant\u00f4nio<\/strong><!-- wp:list --><ul class=\"wp-block-list\"><!-- wp:list-item --><li>Endere\u00e7o: R. Ludov\u00edco Pavoni, s\/n &#8211; Santo Ant\u00f4nio, Vit\u00f3ria &#8211; ES, 29026-290 (<a href=\"https:\/\/maps.app.goo.gl\/jhGXVntoanTKdXJb7\" target=\"_blank\" rel=\"noreferrer noopener\">https:\/\/maps.app.goo.gl\/jhGXVntoanTKdXJb7<\/a>);<\/li><!-- \/wp:list-item --><!-- wp:list-item --><li>Funcionamento: de ter\u00e7a-feira a s\u00e1bado, entre 9h e 12h e entre 14h e 19h. No domingo, entre 8h e 12h e entre 14h e 20h.<\/li><!-- \/wp:list-item --><\/ul><!-- \/wp:list --><\/li><!-- \/wp:list-item --><\/ul><p><!-- \/wp:list --><!-- wp:list --><\/p><ul class=\"wp-block-list\"><!-- wp:list-item --><li><strong>Mercado Vila Rubim<\/strong><!-- wp:list --><ul class=\"wp-block-list\"><!-- wp:list-item --><li>Endere\u00e7o: R. Ja\u00edr Andrade, 38 &#8211; Vila Rubim, Vit\u00f3ria &#8211; ES, 29025-190 (<a href=\"https:\/\/maps.app.goo.gl\/CkLTLqBXjZEfBmrr7\" target=\"_blank\" rel=\"noreferrer noopener\">https:\/\/maps.app.goo.gl\/CkLTLqBXjZEfBmrr7<\/a>);<\/li><!-- \/wp:list-item --><!-- wp:list-item --><li>Funcionamento: de segunda-feira a sexta-feira, entre 8h e 18h. No s\u00e1bado, entre 8h e 14h.<\/li><!-- \/wp:list-item --><\/ul><!-- \/wp:list --><\/li><!-- \/wp:list-item --><\/ul><p><!-- \/wp:list --><!-- wp:list --><\/p><ul class=\"wp-block-list\"><!-- wp:list-item --><li><strong>Mercado da Capixaba<\/strong><!-- wp:list --><ul class=\"wp-block-list\"><!-- wp:list-item --><li>Endere\u00e7o: Av. Jer\u00f4nimo Monteiro &#8211; Centro, Vit\u00f3ria &#8211; ES, 29010-050 (<a href=\"https:\/\/maps.app.goo.gl\/kdrt6pts6voAGEE98\" target=\"_blank\" rel=\"noreferrer noopener\">https:\/\/maps.app.goo.gl\/kdrt6pts6voAGEE98<\/a>);<\/li><!-- \/wp:list-item --><!-- wp:list-item --><li>Funcionamento: de segunda-feira a sexta-feira, entre 10h e 18h. No s\u00e1bado, entre 10h e 14h.<\/li><!-- \/wp:list-item --><\/ul><!-- \/wp:list --><\/li><!-- \/wp:list-item --><\/ul><p><!-- \/wp:list --><!-- wp:quote --><\/p><blockquote class=\"wp-block-quote\"><!-- wp:paragraph --><p>Link de um mapa com pontos tur\u00edsticos do Centro Hist\u00f3rico de Vit\u00f3ria elaborado pela Prefeitura Municipal de Vit\u00f3ria: <a href=\"https:\/\/www.vitoria.es.gov.br\/download.php?tipo=1&amp;id=760\" target=\"_blank\" rel=\"noreferrer noopener\">https:\/\/www.vitoria.es.gov.br\/download.php?tipo=1&amp;id=760<\/a>.<\/p><!-- \/wp:paragraph --><\/blockquote><p><!-- \/wp:quote --><!-- wp:paragraph --><\/p><p><strong>Nos munic\u00edpios vizinhos<\/strong><u><\/u><\/p><p><!-- \/wp:paragraph --><!-- wp:list --><\/p><ul class=\"wp-block-list\"><!-- wp:list-item --><li><strong>Convento da Penha<\/strong><!-- wp:list --><ul class=\"wp-block-list\"><!-- wp:list-item --><li>Endere\u00e7o: R. Vasco Coutinho &#8211; Prainha, Vila Velha &#8211; ES, 29100-231 (<a href=\"https:\/\/maps.app.goo.gl\/cx2RPWcg7qY5wxT88\" target=\"_blank\" rel=\"noreferrer noopener\">https:\/\/maps.app.goo.gl\/cx2RPWcg7qY5wxT88<\/a>);\u00a0\u00a0<\/li><!-- \/wp:list-item --><!-- wp:list-item --><li>Funcionamento: todos os dias, entre 7h e 16h30.<\/li><!-- \/wp:list-item --><\/ul><!-- \/wp:list --><\/li><!-- \/wp:list-item --><\/ul><p><!-- \/wp:list --><!-- wp:list --><\/p><ul class=\"wp-block-list\"><!-- wp:list-item --><li><strong>Est\u00e1tua de Chico Prego<\/strong><!-- wp:list --><ul class=\"wp-block-list\"><!-- wp:list-item --><li>Endere\u00e7o: Av. Get\u00falio Vargas, 146 &#8211; Serra Centro, Serra &#8211; ES, 29176-090 (<a href=\"https:\/\/maps.app.goo.gl\/oouLGGBTJYvTaBCG9\" target=\"_blank\" rel=\"noreferrer noopener\">https:\/\/maps.app.goo.gl\/oouLGGBTJYvTaBCG9<\/a>).\u00a0\u00a0<\/li><!-- \/wp:list-item --><\/ul><!-- \/wp:list --><\/li><!-- \/wp:list-item --><\/ul><p><!-- \/wp:list --><!-- wp:list --><\/p><ul class=\"wp-block-list\"><!-- wp:list-item --><li>S\u00edtio Hist\u00f3rico S\u00e3o Jos\u00e9 do Queimado<!-- wp:list --><ul class=\"wp-block-list\"><!-- wp:list-item --><li>Endere\u00e7o: Queimado, Serra &#8211; ES (<a href=\"https:\/\/maps.app.goo.gl\/g5UnXMRXBkW2XU6w5\" target=\"_blank\" rel=\"noreferrer noopener\">https:\/\/maps.app.goo.gl\/g5UnXMRXBkW2XU6w5<\/a>);\u00a0\u00a0\u00a0<\/li><!-- \/wp:list-item --><!-- wp:list-item --><li>Funcionamento: para agendamento ver o site da Prefeitura (<a href=\"https:\/\/www.serra.es.gov.br\/noticias\/postar-dia-0107-visitas-guiadas-a-pontos-turisticos-da-serra-agora-podem-ser-agendadas-em-poucos-cliques\">https:\/\/www.serra.es.gov.br\/noticias\/postar-dia-0107-visitas-guiadas-a-pontos-tur<\/a><a href=\"https:\/\/www.serra.es.gov.br\/noticias\/postar-dia-0107-visitas-guiadas-a-pontos-turisticos-da-serra-agora-podem-ser-agendadas-em-poucos-cliques\" target=\"_blank\" rel=\"noreferrer noopener\">i<\/a><a href=\"https:\/\/www.serra.es.gov.br\/noticias\/postar-dia-0107-visitas-guiadas-a-pontos-turisticos-da-serra-agora-podem-ser-agendadas-em-poucos-cliques\">sticos-da-serra-agora-podem-ser-agendadas-em-poucos-cliques<\/a>).<\/li><\/ul><\/li><\/ul>\t\t\t\t\t\t\t\t<\/div>\n\t\t\t\t\t<\/div>\n\t\t\t\t<\/div>\n\t\t\t\t<\/div>\n\t\t","protected":false},"excerpt":{"rendered":"<p>Conhe\u00e7a Vit\u00f3ria\/ES LOCAIS PARA TURISTAR (ALGUMAS SUGEST\u00d5ES) Observa\u00e7\u00e3o: os hor\u00e1rios de funcionamento, bem como o pre\u00e7o dos ingressos (quando for o caso), podem sofrer modifica\u00e7\u00f5es. Por isso, recomendamos conferir as informa\u00e7\u00f5es antes de se deslocar. Sugest\u00f5es do EIPS\/ENPS para turistar &hellip; <a href=\"https:\/\/blog.ufes.br\/enps\/conheca-vitoria-es\/\">Continue lendo <span class=\"meta-nav\">&rarr;<\/span><\/a><\/p>\n","protected":false},"author":492,"featured_media":0,"parent":0,"menu_order":0,"comment_status":"closed","ping_status":"closed","template":"","meta":{"_bbp_topic_count":0,"_bbp_reply_count":0,"_bbp_total_topic_count":0,"_bbp_total_reply_count":0,"_bbp_voice_count":0,"_bbp_anonymous_reply_count":0,"_bbp_topic_count_hidden":0,"_bbp_reply_count_hidden":0,"_bbp_forum_subforum_count":0,"_uag_custom_page_level_css":"","footnotes":""},"class_list":["post-77","page","type-page","status-publish","hentry"],"uagb_featured_image_src":{"full":false,"thumbnail":false,"medium":false,"medium_large":false,"large":false,"1536x1536":false,"2048x2048":false,"post-thumbnail":false,"large-feature":false,"small-feature":false},"uagb_author_info":{"display_name":"admindoenps","author_link":"https:\/\/blog.ufes.br\/enps\/author\/admindoenps\/"},"uagb_comment_info":0,"uagb_excerpt":"Conhe\u00e7a Vit\u00f3ria\/ES LOCAIS PARA TURISTAR (ALGUMAS SUGEST\u00d5ES) Observa\u00e7\u00e3o: os hor\u00e1rios de funcionamento, bem como o pre\u00e7o dos ingressos (quando for o caso), podem sofrer modifica\u00e7\u00f5es. Por isso, recomendamos conferir as informa\u00e7\u00f5es antes de se deslocar. Sugest\u00f5es do EIPS\/ENPS para turistar &hellip; Continue lendo &rarr;","_links":{"self":[{"href":"https:\/\/blog.ufes.br\/enps\/wp-json\/wp\/v2\/pages\/77","targetHints":{"allow":["GET"]}}],"collection":[{"href":"https:\/\/blog.ufes.br\/enps\/wp-json\/wp\/v2\/pages"}],"about":[{"href":"https:\/\/blog.ufes.br\/enps\/wp-json\/wp\/v2\/types\/page"}],"author":[{"embeddable":true,"href":"https:\/\/blog.ufes.br\/enps\/wp-json\/wp\/v2\/users\/492"}],"replies":[{"embeddable":true,"href":"https:\/\/blog.ufes.br\/enps\/wp-json\/wp\/v2\/comments?post=77"}],"version-history":[{"count":4,"href":"https:\/\/blog.ufes.br\/enps\/wp-json\/wp\/v2\/pages\/77\/revisions"}],"predecessor-version":[{"id":221,"href":"https:\/\/blog.ufes.br\/enps\/wp-json\/wp\/v2\/pages\/77\/revisions\/221"}],"wp:attachment":[{"href":"https:\/\/blog.ufes.br\/enps\/wp-json\/wp\/v2\/media?parent=77"}],"curies":[{"name":"wp","href":"https:\/\/api.w.org\/{rel}","templated":true}]}}