{"id":31,"date":"2014-10-23T21:07:45","date_gmt":"2014-10-23T21:07:45","guid":{"rendered":"http:\/\/blog.ufes.br\/ensinodefisica\/?page_id=31"},"modified":"2021-03-30T13:50:51","modified_gmt":"2021-03-30T13:50:51","slug":"material-didatico","status":"publish","type":"page","link":"https:\/\/blog.ufes.br\/ensinodefisica\/material-didatico\/","title":{"rendered":"Material Did\u00e1tico"},"content":{"rendered":"<p>Em constru\u00e7\u00e3o.<\/p>\n","protected":false},"excerpt":{"rendered":"<p>Em constru\u00e7\u00e3o.<\/p>\n","protected":false},"author":190,"featured_media":0,"parent":0,"menu_order":0,"comment_status":"closed","ping_status":"closed","template":"","meta":{"_bbp_topic_count":0,"_bbp_reply_count":0,"_bbp_total_topic_count":0,"_bbp_total_reply_count":0,"_bbp_voice_count":0,"_bbp_anonymous_reply_count":0,"_bbp_topic_count_hidden":0,"_bbp_reply_count_hidden":0,"_bbp_forum_subforum_count":0,"_uag_custom_page_level_css":"","footnotes":""},"class_list":["post-31","page","type-page","status-publish","hentry"],"uagb_featured_image_src":{"full":false,"thumbnail":false,"medium":false,"medium_large":false,"large":false,"1536x1536":false,"2048x2048":false,"post-thumbnail":false},"uagb_author_info":{"display_name":"Angelita","author_link":"https:\/\/blog.ufes.br\/ensinodefisica\/author\/angelita-morais\/"},"uagb_comment_info":0,"uagb_excerpt":"Em constru\u00e7\u00e3o.","_links":{"self":[{"href":"https:\/\/blog.ufes.br\/ensinodefisica\/wp-json\/wp\/v2\/pages\/31","targetHints":{"allow":["GET"]}}],"collection":[{"href":"https:\/\/blog.ufes.br\/ensinodefisica\/wp-json\/wp\/v2\/pages"}],"about":[{"href":"https:\/\/blog.ufes.br\/ensinodefisica\/wp-json\/wp\/v2\/types\/page"}],"author":[{"embeddable":true,"href":"https:\/\/blog.ufes.br\/ensinodefisica\/wp-json\/wp\/v2\/users\/190"}],"replies":[{"embeddable":true,"href":"https:\/\/blog.ufes.br\/ensinodefisica\/wp-json\/wp\/v2\/comments?post=31"}],"version-history":[{"count":4,"href":"https:\/\/blog.ufes.br\/ensinodefisica\/wp-json\/wp\/v2\/pages\/31\/revisions"}],"predecessor-version":[{"id":100,"href":"https:\/\/blog.ufes.br\/ensinodefisica\/wp-json\/wp\/v2\/pages\/31\/revisions\/100"}],"wp:attachment":[{"href":"https:\/\/blog.ufes.br\/ensinodefisica\/wp-json\/wp\/v2\/media?parent=31"}],"curies":[{"name":"wp","href":"https:\/\/api.w.org\/{rel}","templated":true}]}}