{"id":2,"date":"2013-09-18T20:21:10","date_gmt":"2013-09-18T20:21:10","guid":{"rendered":"http:\/\/blog.ufes.br\/fisionasaudedoidoso\/?page_id=2"},"modified":"2013-10-01T17:25:15","modified_gmt":"2013-10-01T17:25:15","slug":"pagina-exemplo","status":"publish","type":"page","link":"https:\/\/blog.ufes.br\/fisionasaudedoidoso\/pagina-exemplo\/","title":{"rendered":"Quem somos?"},"content":{"rendered":"<p style=\"text-align: left\">Este blog tem o objetivo de divulgar as a\u00e7\u00f5es e reflex\u00f5es do Grupo de Pesquisa em Fisioterapia na Sa\u00fade do Idoso da Universidade Federal do Esp\u00edrito Santo &#8211; UFES.<\/p>\n<p style=\"text-align: left\">O grupo \u00e9 coordenado pelas Professoras Doutoras Fernanda Moura Vargas Dias e Alessandra Paiva. Atualmente, ele apresenta duas linhas de pesquisa e dez trabalhos de inicia\u00e7\u00e3o cient\u00edfica vinculados.<\/p>\n<p style=\"text-align: left\">S\u00e3o realizadas reuni\u00f5es semanais para discuss\u00e3o de artigos que contam com a presen\u00e7a dos alunos de Fisioterapia integrantes dos subprojetos de pesquisa, al\u00e9m de alunos e professores que se interessam em discutir a tem\u00e1tica da Fisioterapia na Sa\u00fade do Idoso.<\/p>\n","protected":false},"excerpt":{"rendered":"<p>Este blog tem o objetivo de divulgar as a\u00e7\u00f5es e reflex\u00f5es do Grupo de Pesquisa em Fisioterapia na Sa\u00fade do Idoso da Universidade Federal do Esp\u00edrito Santo &#8211; UFES. O grupo \u00e9 coordenado pelas Professoras Doutoras Fernanda Moura Vargas Dias e Alessandra Paiva. Atualmente, ele apresenta duas linhas de pesquisa e dez trabalhos de inicia\u00e7\u00e3o &hellip; <a href=\"https:\/\/blog.ufes.br\/fisionasaudedoidoso\/pagina-exemplo\/\" class=\"more-link\">Continue lendo <span class=\"screen-reader-text\">Quem somos?<\/span> <span class=\"meta-nav\">&rarr;<\/span><\/a><\/p>\n","protected":false},"author":157,"featured_media":0,"parent":0,"menu_order":1,"comment_status":"open","ping_status":"open","template":"","meta":{"_bbp_topic_count":0,"_bbp_reply_count":0,"_bbp_total_topic_count":0,"_bbp_total_reply_count":0,"_bbp_voice_count":0,"_bbp_anonymous_reply_count":0,"_bbp_topic_count_hidden":0,"_bbp_reply_count_hidden":0,"_bbp_forum_subforum_count":0,"_uag_custom_page_level_css":"","footnotes":""},"class_list":["post-2","page","type-page","status-publish","hentry"],"uagb_featured_image_src":{"full":false,"thumbnail":false,"medium":false,"medium_large":false,"large":false,"1536x1536":false,"2048x2048":false,"post-thumbnail":false},"uagb_author_info":{"display_name":"fisionasaudedoidoso","author_link":"https:\/\/blog.ufes.br\/fisionasaudedoidoso\/author\/fisionasaudedoidoso\/"},"uagb_comment_info":6,"uagb_excerpt":"Este blog tem o objetivo de divulgar as a\u00e7\u00f5es e reflex\u00f5es do Grupo de Pesquisa em Fisioterapia na Sa\u00fade do Idoso da Universidade Federal do Esp\u00edrito Santo &#8211; UFES. O grupo \u00e9 coordenado pelas Professoras Doutoras Fernanda Moura Vargas Dias e Alessandra Paiva. Atualmente, ele apresenta duas linhas de pesquisa e dez trabalhos de inicia\u00e7\u00e3o&hellip;","_links":{"self":[{"href":"https:\/\/blog.ufes.br\/fisionasaudedoidoso\/wp-json\/wp\/v2\/pages\/2","targetHints":{"allow":["GET"]}}],"collection":[{"href":"https:\/\/blog.ufes.br\/fisionasaudedoidoso\/wp-json\/wp\/v2\/pages"}],"about":[{"href":"https:\/\/blog.ufes.br\/fisionasaudedoidoso\/wp-json\/wp\/v2\/types\/page"}],"author":[{"embeddable":true,"href":"https:\/\/blog.ufes.br\/fisionasaudedoidoso\/wp-json\/wp\/v2\/users\/157"}],"replies":[{"embeddable":true,"href":"https:\/\/blog.ufes.br\/fisionasaudedoidoso\/wp-json\/wp\/v2\/comments?post=2"}],"version-history":[{"count":3,"href":"https:\/\/blog.ufes.br\/fisionasaudedoidoso\/wp-json\/wp\/v2\/pages\/2\/revisions"}],"predecessor-version":[{"id":25,"href":"https:\/\/blog.ufes.br\/fisionasaudedoidoso\/wp-json\/wp\/v2\/pages\/2\/revisions\/25"}],"wp:attachment":[{"href":"https:\/\/blog.ufes.br\/fisionasaudedoidoso\/wp-json\/wp\/v2\/media?parent=2"}],"curies":[{"name":"wp","href":"https:\/\/api.w.org\/{rel}","templated":true}]}}