{"id":28,"date":"2013-09-19T01:44:23","date_gmt":"2013-09-19T01:44:23","guid":{"rendered":"http:\/\/blog.ufes.br\/fisionasaudedoidoso\/?page_id=28"},"modified":"2013-09-21T01:52:47","modified_gmt":"2013-09-21T01:52:47","slug":"subprojetos-de-iniciacao-cientifica","status":"publish","type":"page","link":"https:\/\/blog.ufes.br\/fisionasaudedoidoso\/subprojetos-de-iniciacao-cientifica\/","title":{"rendered":"Subprojetos de Inicia\u00e7\u00e3o Cient\u00edfica"},"content":{"rendered":"<p>1)\u00a0\u00a0\u00a0\u00a0\u00a0 Inicia\u00e7\u00e3o cient\u00edfica bolsista.<\/p>\n<p>T\u00edtulo: Perfil cardiovascular e percep\u00e7\u00e3o da fadiga em idosos deambuladores de uma institui\u00e7\u00e3o de longa perman\u00eancia.\u00a0Aluna: J\u00e9ssica de Paula Reis.<\/p>\n<p>2)\u00a0\u00a0\u00a0\u00a0\u00a0 Inicia\u00e7\u00e3o cient\u00edfica bolsista.<\/p>\n<p>T\u00edtulo: Avalia\u00e7\u00e3o das deformidades e postura em idosos acamados em uma institui\u00e7\u00e3o de longa perman\u00eancia.\u00a0Aluna: Victor Freire e B\u00e1rbara Rhana.<\/p>\n<p>3)\u00a0\u00a0\u00a0\u00a0\u00a0 Inicia\u00e7\u00e3o cient\u00edfica volunt\u00e1ria.<\/p>\n<p>T\u00edtulo: Avalia\u00e7\u00e3o da fun\u00e7\u00e3o pulmonar e da capacidade funcional para a pr\u00e1tica de exerc\u00edcios em idosos residentes em institui\u00e7\u00e3o de longa perman\u00eancia.\u00a0Aluna: Fernanda Barros.<\/p>\n<p>4)\u00a0\u00a0\u00a0\u00a0\u00a0 Inicia\u00e7\u00e3o cient\u00edfica volunt\u00e1ria.<\/p>\n<p>T\u00edtulo: Avalia\u00e7\u00e3o da flexibilidade e da postura em idosos deambuladores de uma institui\u00e7\u00e3o de longa perman\u00eancia atrav\u00e9s da fotogrametria.\u00a0Aluna: Manuela Pagani Marques e Lorrana Cristina Magalh\u00e3es.<\/p>\n<p>5)\u00a0\u00a0\u00a0\u00a0\u00a0 Inicia\u00e7\u00e3o cient\u00edfica volunt\u00e1ria.<\/p>\n<p>T\u00edtulo: Avalia\u00e7\u00e3o da mobilidade, aspectos nutricionais e presen\u00e7a de \u00falceras em idosos acamados em uma institui\u00e7\u00e3o de longa perman\u00eancia.\u00a0Aluna: Kayse Francinny do Esp\u00edrito Santo Rodrigues.<\/p>\n<p>6)\u00a0\u00a0\u00a0\u00a0\u00a0 Inicia\u00e7\u00e3o cient\u00edfica bolsista<\/p>\n<p>T\u00edtulo: Rela\u00e7\u00e3o entre a incontin\u00eancia urin\u00e1ria por esfor\u00e7o em idosas com S\u00edndrome da fragilidade e doen\u00e7as respirat\u00f3rias.\u00a0Aluna: Aline Modolo Serafim.<\/p>\n<p>7)\u00a0\u00a0\u00a0\u00a0\u00a0 Inicia\u00e7\u00e3o cient\u00edfica bolsista.<\/p>\n<p>T\u00edtulo: Fragilidade em idosos institucionalizados. A<span style=\"line-height: 1.5\">luna: J\u00e9ssyca Schultz Regatieri.<\/span><\/p>\n<p>8)\u00a0\u00a0 Inicia\u00e7\u00e3o cient\u00edfica volunt\u00e1ria.<\/p>\n<p>T\u00edtulo: Auto-percep\u00e7\u00e3o funcional em idosos institucionalizados.\u00a0Aluna: Milena Parteli Daniel.<\/p>\n<p>9)\u00a0\u00a0 Inicia\u00e7\u00e3o cient\u00edfica volunt\u00e1ria.<\/p>\n<p>T\u00edtulo: Fatores associados ao d\u00e9ficit de equil\u00edbrio em idosos deambuladores institucionalizados.\u00a0Aluna: Ana Paula de Souza Paganini.<\/p>\n<p>10)\u00a0\u00a0\u00a0\u00a0\u00a0\u00a0\u00a0\u00a0 Inicia\u00e7\u00e3o cient\u00edfica volunt\u00e1ria.<\/p>\n<p>T\u00edtulo: Avalia\u00e7\u00e3o da propriocep\u00e7\u00e3o e exteriocep\u00e7\u00e3o e sua associa\u00e7\u00e3o com a imagem corporal em idosos deambuladores de uma institui\u00e7\u00e3o de longa perman\u00eancia em Vit\u00f3ria &#8211; ES.\u00a0Aluna: Camila da Silva Ribeiro.<\/p>\n<p>&nbsp;<\/p>\n","protected":false},"excerpt":{"rendered":"<p>1)\u00a0\u00a0\u00a0\u00a0\u00a0 Inicia\u00e7\u00e3o cient\u00edfica bolsista. T\u00edtulo: Perfil cardiovascular e percep\u00e7\u00e3o da fadiga em idosos deambuladores de uma institui\u00e7\u00e3o de longa perman\u00eancia.\u00a0Aluna: J\u00e9ssica de Paula Reis. 2)\u00a0\u00a0\u00a0\u00a0\u00a0 Inicia\u00e7\u00e3o cient\u00edfica bolsista. T\u00edtulo: Avalia\u00e7\u00e3o das deformidades e postura em idosos acamados em uma institui\u00e7\u00e3o de longa perman\u00eancia.\u00a0Aluna: Victor Freire e B\u00e1rbara Rhana. 3)\u00a0\u00a0\u00a0\u00a0\u00a0 Inicia\u00e7\u00e3o cient\u00edfica volunt\u00e1ria. T\u00edtulo: Avalia\u00e7\u00e3o da &hellip; <a href=\"https:\/\/blog.ufes.br\/fisionasaudedoidoso\/subprojetos-de-iniciacao-cientifica\/\" class=\"more-link\">Continue lendo <span class=\"screen-reader-text\">Subprojetos de Inicia\u00e7\u00e3o Cient\u00edfica<\/span> <span class=\"meta-nav\">&rarr;<\/span><\/a><\/p>\n","protected":false},"author":157,"featured_media":0,"parent":0,"menu_order":0,"comment_status":"open","ping_status":"open","template":"","meta":{"_bbp_topic_count":0,"_bbp_reply_count":0,"_bbp_total_topic_count":0,"_bbp_total_reply_count":0,"_bbp_voice_count":0,"_bbp_anonymous_reply_count":0,"_bbp_topic_count_hidden":0,"_bbp_reply_count_hidden":0,"_bbp_forum_subforum_count":0,"_uag_custom_page_level_css":"","footnotes":""},"class_list":["post-28","page","type-page","status-publish","hentry"],"uagb_featured_image_src":{"full":false,"thumbnail":false,"medium":false,"medium_large":false,"large":false,"1536x1536":false,"2048x2048":false,"post-thumbnail":false},"uagb_author_info":{"display_name":"fisionasaudedoidoso","author_link":"https:\/\/blog.ufes.br\/fisionasaudedoidoso\/author\/fisionasaudedoidoso\/"},"uagb_comment_info":6,"uagb_excerpt":"1)\u00a0\u00a0\u00a0\u00a0\u00a0 Inicia\u00e7\u00e3o cient\u00edfica bolsista. T\u00edtulo: Perfil cardiovascular e percep\u00e7\u00e3o da fadiga em idosos deambuladores de uma institui\u00e7\u00e3o de longa perman\u00eancia.\u00a0Aluna: J\u00e9ssica de Paula Reis. 2)\u00a0\u00a0\u00a0\u00a0\u00a0 Inicia\u00e7\u00e3o cient\u00edfica bolsista. T\u00edtulo: Avalia\u00e7\u00e3o das deformidades e postura em idosos acamados em uma institui\u00e7\u00e3o de longa perman\u00eancia.\u00a0Aluna: Victor Freire e B\u00e1rbara Rhana. 3)\u00a0\u00a0\u00a0\u00a0\u00a0 Inicia\u00e7\u00e3o cient\u00edfica volunt\u00e1ria. T\u00edtulo: Avalia\u00e7\u00e3o da&hellip;","_links":{"self":[{"href":"https:\/\/blog.ufes.br\/fisionasaudedoidoso\/wp-json\/wp\/v2\/pages\/28","targetHints":{"allow":["GET"]}}],"collection":[{"href":"https:\/\/blog.ufes.br\/fisionasaudedoidoso\/wp-json\/wp\/v2\/pages"}],"about":[{"href":"https:\/\/blog.ufes.br\/fisionasaudedoidoso\/wp-json\/wp\/v2\/types\/page"}],"author":[{"embeddable":true,"href":"https:\/\/blog.ufes.br\/fisionasaudedoidoso\/wp-json\/wp\/v2\/users\/157"}],"replies":[{"embeddable":true,"href":"https:\/\/blog.ufes.br\/fisionasaudedoidoso\/wp-json\/wp\/v2\/comments?post=28"}],"version-history":[{"count":3,"href":"https:\/\/blog.ufes.br\/fisionasaudedoidoso\/wp-json\/wp\/v2\/pages\/28\/revisions"}],"predecessor-version":[{"id":47,"href":"https:\/\/blog.ufes.br\/fisionasaudedoidoso\/wp-json\/wp\/v2\/pages\/28\/revisions\/47"}],"wp:attachment":[{"href":"https:\/\/blog.ufes.br\/fisionasaudedoidoso\/wp-json\/wp\/v2\/media?parent=28"}],"curies":[{"name":"wp","href":"https:\/\/api.w.org\/{rel}","templated":true}]}}