{"id":53,"date":"2013-10-01T17:19:40","date_gmt":"2013-10-01T17:19:40","guid":{"rendered":"http:\/\/blog.ufes.br\/fisionasaudedoidoso\/?page_id=53"},"modified":"2013-10-20T23:52:45","modified_gmt":"2013-10-20T23:52:45","slug":"fique-ligado","status":"publish","type":"page","link":"https:\/\/blog.ufes.br\/fisionasaudedoidoso\/fique-ligado\/","title":{"rendered":"Fique ligado!"},"content":{"rendered":"<p>Ol\u00e1 pessoal,<\/p>\n<p><span style=\"line-height: 1.5\"><strong>DICA:<\/strong> O aluno Victor informou que na aula de TCC com Prof. Fl\u00e1via ele conseguiu pesquisar artigos em uma base de dados chamada\u00a0SCIENCE DIRECT. Vejam se encontram mais artigos l\u00e1 !!!\u00a0<\/span><\/p>\n<p><strong>Evento do CREFITO em Vit\u00f3ria, participem!!!<\/strong><\/p>\n<p><a href=\"http:\/\/blog.ufes.br\/fisionasaudedoidoso\/files\/2013\/10\/Crefito.png\"><img loading=\"lazy\" decoding=\"async\" alt=\"Crefito\" src=\"http:\/\/blog.ufes.br\/fisionasaudedoidoso\/files\/2013\/10\/Crefito-300x72.png\" width=\"300\" height=\"72\" \/><\/a><\/p>\n<p>Eventos, links e sites interessantes!<\/p>\n<p>Ciclo de debates em Fisioterapia &#8211; UFES, fa\u00e7am inscri\u00e7\u00e3o!<\/p>\n<p><a href=\"http:\/\/blog.ufes.br\/fisionasaudedoidoso\/files\/2013\/10\/Divulga\u00e7\u00e3o-net.png\"><img loading=\"lazy\" decoding=\"async\" class=\"alignnone size-medium wp-image-55\" alt=\"Divulga\u00e7\u00e3o net\" src=\"http:\/\/blog.ufes.br\/fisionasaudedoidoso\/files\/2013\/10\/Divulga\u00e7\u00e3o-net-300x223.png\" width=\"300\" height=\"223\" srcset=\"https:\/\/blog.ufes.br\/fisionasaudedoidoso\/files\/2013\/10\/Divulga\u00e7\u00e3o-net-300x223.png 300w, https:\/\/blog.ufes.br\/fisionasaudedoidoso\/files\/2013\/10\/Divulga\u00e7\u00e3o-net.png 681w\" sizes=\"auto, (max-width: 300px) 100vw, 300px\" \/><\/a><\/p>\n<p>&nbsp;<\/p>\n","protected":false},"excerpt":{"rendered":"<p>Ol\u00e1 pessoal, DICA: O aluno Victor informou que na aula de TCC com Prof. Fl\u00e1via ele conseguiu pesquisar artigos em uma base de dados chamada\u00a0SCIENCE DIRECT. Vejam se encontram mais artigos l\u00e1 !!!\u00a0 Evento do CREFITO em Vit\u00f3ria, participem!!! Eventos, links e sites interessantes! Ciclo de debates em Fisioterapia &#8211; UFES, fa\u00e7am inscri\u00e7\u00e3o! &nbsp;<\/p>\n","protected":false},"author":158,"featured_media":0,"parent":0,"menu_order":0,"comment_status":"open","ping_status":"open","template":"","meta":{"_bbp_topic_count":0,"_bbp_reply_count":0,"_bbp_total_topic_count":0,"_bbp_total_reply_count":0,"_bbp_voice_count":0,"_bbp_anonymous_reply_count":0,"_bbp_topic_count_hidden":0,"_bbp_reply_count_hidden":0,"_bbp_forum_subforum_count":0,"_uag_custom_page_level_css":"","footnotes":""},"class_list":["post-53","page","type-page","status-publish","hentry"],"uagb_featured_image_src":{"full":false,"thumbnail":false,"medium":false,"medium_large":false,"large":false,"1536x1536":false,"2048x2048":false,"post-thumbnail":false},"uagb_author_info":{"display_name":"fernanda.dias","author_link":"https:\/\/blog.ufes.br\/fisionasaudedoidoso\/author\/fernanda-dias\/"},"uagb_comment_info":7,"uagb_excerpt":"Ol\u00e1 pessoal, DICA: O aluno Victor informou que na aula de TCC com Prof. Fl\u00e1via ele conseguiu pesquisar artigos em uma base de dados chamada\u00a0SCIENCE DIRECT. Vejam se encontram mais artigos l\u00e1 !!!\u00a0 Evento do CREFITO em Vit\u00f3ria, participem!!! Eventos, links e sites interessantes! Ciclo de debates em Fisioterapia &#8211; UFES, fa\u00e7am inscri\u00e7\u00e3o! &nbsp;","_links":{"self":[{"href":"https:\/\/blog.ufes.br\/fisionasaudedoidoso\/wp-json\/wp\/v2\/pages\/53","targetHints":{"allow":["GET"]}}],"collection":[{"href":"https:\/\/blog.ufes.br\/fisionasaudedoidoso\/wp-json\/wp\/v2\/pages"}],"about":[{"href":"https:\/\/blog.ufes.br\/fisionasaudedoidoso\/wp-json\/wp\/v2\/types\/page"}],"author":[{"embeddable":true,"href":"https:\/\/blog.ufes.br\/fisionasaudedoidoso\/wp-json\/wp\/v2\/users\/158"}],"replies":[{"embeddable":true,"href":"https:\/\/blog.ufes.br\/fisionasaudedoidoso\/wp-json\/wp\/v2\/comments?post=53"}],"version-history":[{"count":3,"href":"https:\/\/blog.ufes.br\/fisionasaudedoidoso\/wp-json\/wp\/v2\/pages\/53\/revisions"}],"predecessor-version":[{"id":66,"href":"https:\/\/blog.ufes.br\/fisionasaudedoidoso\/wp-json\/wp\/v2\/pages\/53\/revisions\/66"}],"wp:attachment":[{"href":"https:\/\/blog.ufes.br\/fisionasaudedoidoso\/wp-json\/wp\/v2\/media?parent=53"}],"curies":[{"name":"wp","href":"https:\/\/api.w.org\/{rel}","templated":true}]}}