{"id":25,"date":"2012-04-13T23:33:50","date_gmt":"2012-04-13T23:33:50","guid":{"rendered":"http:\/\/blog.ufes.br\/geppedes\/?page_id=25"},"modified":"2012-04-13T23:33:50","modified_gmt":"2012-04-13T23:33:50","slug":"grupo-de-estudos-e-pesquisa-em-populacoes-pesqueiras-e-desenvolvimento-no-es-%e2%80%93-geppedes","status":"publish","type":"page","link":"https:\/\/blog.ufes.br\/geppedes\/grupo-de-estudos-e-pesquisa-em-populacoes-pesqueiras-e-desenvolvimento-no-es-%e2%80%93-geppedes\/","title":{"rendered":"Grupo de Estudos e Pesquisa em Popula\u00e7\u00f5es Pesqueiras e Desenvolvimento no ES \u2013 (GEPPEDES)"},"content":{"rendered":"<p><strong><span style=\"color: #0000ff\">Grupo de Estudos e Pesquisa em Popula\u00e7\u00f5es Pesqueiras e Desenvolvimento no ES \u2013 (GEPPEDES)<\/span><\/strong><\/p>\n<p><strong>O GEPPEDES foi criado em 2011 e atualmente funciona com v\u00e1rios bolsistas e tr\u00eas projetos de pesquisa com financiamento das institui\u00e7\u00f5es fomentadoras de apoio a pesquisa no Brasil e no estado do ES (CNPq\/FAPES, MEC\/PROEST, CNPq)<\/strong><\/p>\n<p>&nbsp;<\/p>\n<ul>\n<li><span style=\"color: #0000ff\"><strong>Coordena\u00e7\u00e3o:<\/strong><\/span><\/li>\n<\/ul>\n<p><span style=\"color: #0000ff\">Profas.: Aline Trigueiro e Winifred Knox;<\/span><\/p>\n<p><span style=\"color: #0000ff\">Participantes: alunos de gradua\u00e7\u00e3o e p\u00f3s-gradua\u00e7\u00e3o.<\/span><\/p>\n<p>&nbsp;<\/p>\n<p><span style=\"color: #0000ff\"><strong>Objetivos do GEPPEDES<\/strong><\/span><span style=\"color: #0000ff\">: estimular o debate em torno de duas grandes tem\u00e1ticas: Ambiente e Desenvolvimento com foco nas popula\u00e7\u00f5es pesqueiras artesanais litor\u00e2neas.<\/span><\/p>\n<p>&nbsp;<\/p>\n<ul>\n<li><span style=\"color: #0000ff\"><strong>Linhas de trabalho<\/strong><\/span><span style=\"color: #0000ff\">:<\/span>&nbsp;\n<p><span style=\"color: #0000ff\"><strong>Desenvolvimento e impactos socioambientais no litoral do ES;<\/strong><\/span><\/p>\n<p>&nbsp;<\/p>\n<p><span style=\"color: #0000ff\"><strong>Popula\u00e7\u00f5es pesqueiras: modos de vida e de trabalho;<\/strong><\/span><\/p>\n<p>&nbsp;<\/p>\n<p><span style=\"color: #0000ff\"><strong>Conflitos socioambientais;<\/strong><\/span><\/p>\n<p>&nbsp;<\/p>\n<p><span style=\"color: #0000ff\"><strong>Risco e sa\u00fade entre os grupos pesqueiros.<\/strong><\/span><\/p>\n<p><span style=\"color: #0000ff\"><strong><br \/>\n<\/strong><\/span><\/p>\n<p><span style=\"color: #0000ff\"><strong><br \/>\n<\/strong><\/span><\/p>\n<p><span style=\"color: #0000ff\"><strong><br \/>\n<\/strong><\/span><\/p>\n<p><span style=\"color: #0000ff\"><br \/>\n<\/span><\/p>\n<p><span style=\"color: #0000ff\"><br \/>\n<\/span><\/li>\n<\/ul>\n","protected":false},"excerpt":{"rendered":"<p>Grupo de Estudos e Pesquisa em Popula\u00e7\u00f5es Pesqueiras e Desenvolvimento no ES \u2013 (GEPPEDES) O GEPPEDES foi criado em 2011 e atualmente funciona com v\u00e1rios bolsistas e tr\u00eas projetos de pesquisa com financiamento das institui\u00e7\u00f5es fomentadoras de apoio a pesquisa no Brasil e no estado do ES (CNPq\/FAPES, MEC\/PROEST, CNPq) &nbsp; Coordena\u00e7\u00e3o: Profas.: Aline Trigueiro [&hellip;]<\/p>\n","protected":false},"author":32,"featured_media":0,"parent":0,"menu_order":0,"comment_status":"open","ping_status":"open","template":"","meta":{"_bbp_topic_count":0,"_bbp_reply_count":0,"_bbp_total_topic_count":0,"_bbp_total_reply_count":0,"_bbp_voice_count":0,"_bbp_anonymous_reply_count":0,"_bbp_topic_count_hidden":0,"_bbp_reply_count_hidden":0,"_bbp_forum_subforum_count":0,"_uag_custom_page_level_css":"","footnotes":""},"class_list":["post-25","page","type-page","status-publish","hentry"],"uagb_featured_image_src":{"full":false,"thumbnail":false,"medium":false,"medium_large":false,"large":false,"1536x1536":false,"2048x2048":false,"post-thumbnail":false,"list-post-thumbnail":false,"tile-post-thumbnail":false,"slideshow-thumbnail":false},"uagb_author_info":{"display_name":"Knox","author_link":"https:\/\/blog.ufes.br\/geppedes\/author\/winifred-knox\/"},"uagb_comment_info":1,"uagb_excerpt":"Grupo de Estudos e Pesquisa em Popula\u00e7\u00f5es Pesqueiras e Desenvolvimento no ES \u2013 (GEPPEDES) O GEPPEDES foi criado em 2011 e atualmente funciona com v\u00e1rios bolsistas e tr\u00eas projetos de pesquisa com financiamento das institui\u00e7\u00f5es fomentadoras de apoio a pesquisa no Brasil e no estado do ES (CNPq\/FAPES, MEC\/PROEST, CNPq) &nbsp; Coordena\u00e7\u00e3o: Profas.: Aline Trigueiro&hellip;","_links":{"self":[{"href":"https:\/\/blog.ufes.br\/geppedes\/wp-json\/wp\/v2\/pages\/25","targetHints":{"allow":["GET"]}}],"collection":[{"href":"https:\/\/blog.ufes.br\/geppedes\/wp-json\/wp\/v2\/pages"}],"about":[{"href":"https:\/\/blog.ufes.br\/geppedes\/wp-json\/wp\/v2\/types\/page"}],"author":[{"embeddable":true,"href":"https:\/\/blog.ufes.br\/geppedes\/wp-json\/wp\/v2\/users\/32"}],"replies":[{"embeddable":true,"href":"https:\/\/blog.ufes.br\/geppedes\/wp-json\/wp\/v2\/comments?post=25"}],"version-history":[{"count":4,"href":"https:\/\/blog.ufes.br\/geppedes\/wp-json\/wp\/v2\/pages\/25\/revisions"}],"predecessor-version":[{"id":29,"href":"https:\/\/blog.ufes.br\/geppedes\/wp-json\/wp\/v2\/pages\/25\/revisions\/29"}],"wp:attachment":[{"href":"https:\/\/blog.ufes.br\/geppedes\/wp-json\/wp\/v2\/media?parent=25"}],"curies":[{"name":"wp","href":"https:\/\/api.w.org\/{rel}","templated":true}]}}