{"id":45,"date":"2020-05-01T11:49:52","date_gmt":"2020-05-01T14:49:52","guid":{"rendered":"http:\/\/blog.ufes.br\/giuseppi\/?page_id=45"},"modified":"2020-05-02T15:14:53","modified_gmt":"2020-05-02T18:14:53","slug":"inicio","status":"publish","type":"page","link":"https:\/\/blog.ufes.br\/giuseppi\/","title":{"rendered":"Apresenta\u00e7\u00e3o"},"content":{"rendered":"\n<p>Professor do <a href=\"http:\/\/www.fisica.ufes.br\/pt-br\/departamento-de-f%C3%ADsica-cce\" target=\"_blank\" rel=\"noreferrer noopener\" aria-label=\"Departamento de F\u00edsica da UFES (abre numa nova aba)\">Departamento de F\u00edsica da UFES<\/a>.<\/p>\n\n\n\n<p>Membro permanente do <a rel=\"noreferrer noopener\" aria-label=\"Programa de P\u00f3s-Gradua\u00e7\u00e3o em Ensino de F\u00edsica (abre numa nova aba)\" href=\"http:\/\/www.ensinodefisica.ufes.br\/pt-br\/pos-graduacao\/PPGEnFis\" target=\"_blank\">Programa de P\u00f3s-Gradua\u00e7\u00e3o em Ensino de F\u00edsica<\/a>.<\/p>\n\n\n\n<p>Acesso ao <a rel=\"noreferrer noopener\" aria-label=\"Curr\u00edculo Lattes (abre numa nova aba)\" href=\"http:\/\/lattes.cnpq.br\/8736403052879718\" target=\"_blank\">Curr\u00edculo Lattes<\/a>.<\/p>\n\n\n\n<p>Contato: <a href=\"mailto:giuseppi.ufes@gmail.com\" target=\"_blank\" rel=\"noreferrer noopener\" aria-label=\"giuseppi.ufes@gmail.com (abre numa nova aba)\">giuseppi.ufes@gmail.com<\/a><\/p>\n","protected":false},"excerpt":{"rendered":"<p>Professor do Departamento de F\u00edsica da UFES. Membro permanente do Programa de P\u00f3s-Gradua\u00e7\u00e3o em Ensino de F\u00edsica. Acesso ao Curr\u00edculo Lattes. Contato: giuseppi.ufes@gmail.com<\/p>\n","protected":false},"author":143,"featured_media":0,"parent":0,"menu_order":0,"comment_status":"closed","ping_status":"closed","template":"","meta":{"_bbp_topic_count":0,"_bbp_reply_count":0,"_bbp_total_topic_count":0,"_bbp_total_reply_count":0,"_bbp_voice_count":0,"_bbp_anonymous_reply_count":0,"_bbp_topic_count_hidden":0,"_bbp_reply_count_hidden":0,"_bbp_forum_subforum_count":0,"_uag_custom_page_level_css":"","footnotes":""},"class_list":["post-45","page","type-page","status-publish","hentry"],"uagb_featured_image_src":{"full":false,"thumbnail":false,"medium":false,"medium_large":false,"large":false,"1536x1536":false,"2048x2048":false,"post-thumbnail":false},"uagb_author_info":{"display_name":"giuseppi.camiletti","author_link":"https:\/\/blog.ufes.br\/giuseppi\/author\/giuseppi-camiletti\/"},"uagb_comment_info":0,"uagb_excerpt":"Professor do Departamento de F\u00edsica da UFES. Membro permanente do Programa de P\u00f3s-Gradua\u00e7\u00e3o em Ensino de F\u00edsica. Acesso ao Curr\u00edculo Lattes. Contato: giuseppi.ufes@gmail.com","_links":{"self":[{"href":"https:\/\/blog.ufes.br\/giuseppi\/wp-json\/wp\/v2\/pages\/45","targetHints":{"allow":["GET"]}}],"collection":[{"href":"https:\/\/blog.ufes.br\/giuseppi\/wp-json\/wp\/v2\/pages"}],"about":[{"href":"https:\/\/blog.ufes.br\/giuseppi\/wp-json\/wp\/v2\/types\/page"}],"author":[{"embeddable":true,"href":"https:\/\/blog.ufes.br\/giuseppi\/wp-json\/wp\/v2\/users\/143"}],"replies":[{"embeddable":true,"href":"https:\/\/blog.ufes.br\/giuseppi\/wp-json\/wp\/v2\/comments?post=45"}],"version-history":[{"count":6,"href":"https:\/\/blog.ufes.br\/giuseppi\/wp-json\/wp\/v2\/pages\/45\/revisions"}],"predecessor-version":[{"id":103,"href":"https:\/\/blog.ufes.br\/giuseppi\/wp-json\/wp\/v2\/pages\/45\/revisions\/103"}],"wp:attachment":[{"href":"https:\/\/blog.ufes.br\/giuseppi\/wp-json\/wp\/v2\/media?parent=45"}],"curies":[{"name":"wp","href":"https:\/\/api.w.org\/{rel}","templated":true}]}}