{"id":52,"date":"2020-05-01T11:53:52","date_gmt":"2020-05-01T14:53:52","guid":{"rendered":"http:\/\/blog.ufes.br\/giuseppi\/?page_id=52"},"modified":"2020-05-02T15:15:33","modified_gmt":"2020-05-02T18:15:33","slug":"projeto-de-extensao","status":"publish","type":"page","link":"https:\/\/blog.ufes.br\/giuseppi\/projeto-de-extensao\/","title":{"rendered":"Projeto de Extens\u00e3o"},"content":{"rendered":"\n<p>Coordeno o projeto Show de F\u00edsica da Ufes, cujo principal objetivo  \u00e9 despertar a curiosidade dos participantes para a Ci\u00eancia e estimular o esp\u00edrito cient\u00edfico a partir da explora\u00e7\u00e3o dos experimentos apresentados durante o Show. O&nbsp;publico alvo&nbsp;s\u00e3o estudantes da Educa\u00e7\u00e3o B\u00e1sica. Mais informa\u00e7\u00f5es podem ser obtidas no link abaixo:<\/p>\n\n\n\n<p><a href=\"http:\/\/www.showdefisica.ufes.br\/sobre\">http:\/\/www.showdefisica.ufes.br\/sobre<\/a><\/p>\n","protected":false},"excerpt":{"rendered":"<p>Coordeno o projeto Show de F\u00edsica da Ufes, cujo principal objetivo \u00e9 despertar a curiosidade dos participantes para a Ci\u00eancia e estimular o esp\u00edrito cient\u00edfico a partir da explora\u00e7\u00e3o dos experimentos apresentados durante o Show. O&nbsp;publico alvo&nbsp;s\u00e3o estudantes da Educa\u00e7\u00e3o B\u00e1sica. Mais informa\u00e7\u00f5es podem ser obtidas no link abaixo: http:\/\/www.showdefisica.ufes.br\/sobre<\/p>\n","protected":false},"author":143,"featured_media":0,"parent":0,"menu_order":2,"comment_status":"closed","ping_status":"closed","template":"","meta":{"_bbp_topic_count":0,"_bbp_reply_count":0,"_bbp_total_topic_count":0,"_bbp_total_reply_count":0,"_bbp_voice_count":0,"_bbp_anonymous_reply_count":0,"_bbp_topic_count_hidden":0,"_bbp_reply_count_hidden":0,"_bbp_forum_subforum_count":0,"_uag_custom_page_level_css":"","footnotes":""},"class_list":["post-52","page","type-page","status-publish","hentry"],"uagb_featured_image_src":{"full":false,"thumbnail":false,"medium":false,"medium_large":false,"large":false,"1536x1536":false,"2048x2048":false,"post-thumbnail":false},"uagb_author_info":{"display_name":"giuseppi.camiletti","author_link":"https:\/\/blog.ufes.br\/giuseppi\/author\/giuseppi-camiletti\/"},"uagb_comment_info":0,"uagb_excerpt":"Coordeno o projeto Show de F\u00edsica da Ufes, cujo principal objetivo \u00e9 despertar a curiosidade dos participantes para a Ci\u00eancia e estimular o esp\u00edrito cient\u00edfico a partir da explora\u00e7\u00e3o dos experimentos apresentados durante o Show. O&nbsp;publico alvo&nbsp;s\u00e3o estudantes da Educa\u00e7\u00e3o B\u00e1sica. Mais informa\u00e7\u00f5es podem ser obtidas no link abaixo: http:\/\/www.showdefisica.ufes.br\/sobre","_links":{"self":[{"href":"https:\/\/blog.ufes.br\/giuseppi\/wp-json\/wp\/v2\/pages\/52","targetHints":{"allow":["GET"]}}],"collection":[{"href":"https:\/\/blog.ufes.br\/giuseppi\/wp-json\/wp\/v2\/pages"}],"about":[{"href":"https:\/\/blog.ufes.br\/giuseppi\/wp-json\/wp\/v2\/types\/page"}],"author":[{"embeddable":true,"href":"https:\/\/blog.ufes.br\/giuseppi\/wp-json\/wp\/v2\/users\/143"}],"replies":[{"embeddable":true,"href":"https:\/\/blog.ufes.br\/giuseppi\/wp-json\/wp\/v2\/comments?post=52"}],"version-history":[{"count":5,"href":"https:\/\/blog.ufes.br\/giuseppi\/wp-json\/wp\/v2\/pages\/52\/revisions"}],"predecessor-version":[{"id":102,"href":"https:\/\/blog.ufes.br\/giuseppi\/wp-json\/wp\/v2\/pages\/52\/revisions\/102"}],"wp:attachment":[{"href":"https:\/\/blog.ufes.br\/giuseppi\/wp-json\/wp\/v2\/media?parent=52"}],"curies":[{"name":"wp","href":"https:\/\/api.w.org\/{rel}","templated":true}]}}