{"id":66,"date":"2020-05-01T17:25:11","date_gmt":"2020-05-01T20:25:11","guid":{"rendered":"http:\/\/blog.ufes.br\/giuseppi\/?page_id=66"},"modified":"2020-05-02T15:16:23","modified_gmt":"2020-05-02T18:16:23","slug":"orientacoes-concluidas","status":"publish","type":"page","link":"https:\/\/blog.ufes.br\/giuseppi\/orientacoes-concluidas\/","title":{"rendered":"Orienta\u00e7\u00f5es Conclu\u00eddas"},"content":{"rendered":"\n<p><strong>Mestrado<\/strong><\/p>\n\n\n\n<p>A disserta\u00e7\u00e3o, juntamente com o produto educacional, de todos os alunos de mestrado que j\u00e1 orientei podem ser acessados <a rel=\"noreferrer noopener\" aria-label=\"aqui (abre numa nova aba)\" href=\"http:\/\/www.ensinodefisica.ufes.br\/pt-br\/pos-graduacao\/PPGEnFis\/disserta%C3%A7%C3%B5es-defendidas\" target=\"_blank\">aqui<\/a>. <\/p>\n\n\n\n<p><\/p>\n\n\n\n<p><\/p>\n\n\n\n<p><strong>Trabalhos de Conclus\u00e3o de Curso<\/strong><\/p>\n\n\n\n<p>Os trabalhos de conclus\u00e3o de curso de gradua\u00e7\u00e3o de todos os alunos que j\u00e1 orientei podem ser acessados abaixo:<\/p>\n\n\n\n<div class=\"wp-block-file\"><a href=\"https:\/\/blog.ufes.br\/giuseppi\/files\/2020\/05\/TCC1_VNI_G1_Versao_final.pdf\" target=\"_blank\" rel=\"noreferrer noopener\">Roberta, Francielle e Jomar &#8211; Agosto 2018<\/a><a href=\"https:\/\/blog.ufes.br\/giuseppi\/files\/2020\/05\/TCC1_VNI_G1_Versao_final.pdf\" class=\"wp-block-file__button\" download>Baixar<\/a><\/div>\n\n\n\n<div class=\"wp-block-file\"><a href=\"https:\/\/blog.ufes.br\/giuseppi\/files\/2020\/05\/TCC-Alexandre_5.pdf\" target=\"_blank\" rel=\"noreferrer noopener\">Alexandre Benetelli &#8211; Dezembro 2016<\/a><a href=\"https:\/\/blog.ufes.br\/giuseppi\/files\/2020\/05\/TCC-Alexandre_5.pdf\" class=\"wp-block-file__button\" download>Baixar<\/a><\/div>\n\n\n\n<div class=\"wp-block-file\"><a href=\"https:\/\/blog.ufes.br\/giuseppi\/files\/2020\/05\/TCC-J\u00e9ssyca-e-Suainy-2016.1-V12Impressa.pdf\" target=\"_blank\" rel=\"noreferrer noopener\">J\u00e9ssyca e Suinany &#8211; Julho 2016<\/a><a href=\"https:\/\/blog.ufes.br\/giuseppi\/files\/2020\/05\/TCC-J\u00e9ssyca-e-Suainy-2016.1-V12Impressa.pdf\" class=\"wp-block-file__button\" download>Baixar<\/a><\/div>\n\n\n\n<div class=\"wp-block-file\"><a href=\"https:\/\/blog.ufes.br\/giuseppi\/files\/2020\/05\/monografia-Sanderley_Ap\u00f3s-Defesa-V3-FINAL.pdf\" target=\"_blank\" rel=\"noreferrer noopener\">Sanderley de Jesus Fernandes &#8211; Dezembro 2014<\/a><a href=\"https:\/\/blog.ufes.br\/giuseppi\/files\/2020\/05\/monografia-Sanderley_Ap\u00f3s-Defesa-V3-FINAL.pdf\" class=\"wp-block-file__button\" download>Baixar<\/a><\/div>\n\n\n\n<div class=\"wp-block-file\"><a href=\"https:\/\/blog.ufes.br\/giuseppi\/files\/2020\/05\/monografia-AnaPaula_V17-apos-sugestoes-banca.pdf\" target=\"_blank\" rel=\"noreferrer noopener\">Ana Paula Oliveira &#8211; Fevereiro 2014<\/a><a href=\"https:\/\/blog.ufes.br\/giuseppi\/files\/2020\/05\/monografia-AnaPaula_V17-apos-sugestoes-banca.pdf\" class=\"wp-block-file__button\" download>Baixar<\/a><\/div>\n\n\n\n<p><\/p>\n","protected":false},"excerpt":{"rendered":"<p>Mestrado A disserta\u00e7\u00e3o, juntamente com o produto educacional, de todos os alunos de mestrado que j\u00e1 orientei podem ser acessados aqui. Trabalhos de Conclus\u00e3o de Curso Os trabalhos de conclus\u00e3o de curso de gradua\u00e7\u00e3o de todos os alunos que j\u00e1 orientei podem ser acessados abaixo:<\/p>\n","protected":false},"author":143,"featured_media":0,"parent":0,"menu_order":3,"comment_status":"closed","ping_status":"closed","template":"","meta":{"_bbp_topic_count":0,"_bbp_reply_count":0,"_bbp_total_topic_count":0,"_bbp_total_reply_count":0,"_bbp_voice_count":0,"_bbp_anonymous_reply_count":0,"_bbp_topic_count_hidden":0,"_bbp_reply_count_hidden":0,"_bbp_forum_subforum_count":0,"_uag_custom_page_level_css":"","footnotes":""},"class_list":["post-66","page","type-page","status-publish","hentry"],"uagb_featured_image_src":{"full":false,"thumbnail":false,"medium":false,"medium_large":false,"large":false,"1536x1536":false,"2048x2048":false,"post-thumbnail":false},"uagb_author_info":{"display_name":"giuseppi.camiletti","author_link":"https:\/\/blog.ufes.br\/giuseppi\/author\/giuseppi-camiletti\/"},"uagb_comment_info":0,"uagb_excerpt":"Mestrado A disserta\u00e7\u00e3o, juntamente com o produto educacional, de todos os alunos de mestrado que j\u00e1 orientei podem ser acessados aqui. Trabalhos de Conclus\u00e3o de Curso Os trabalhos de conclus\u00e3o de curso de gradua\u00e7\u00e3o de todos os alunos que j\u00e1 orientei podem ser acessados abaixo:","_links":{"self":[{"href":"https:\/\/blog.ufes.br\/giuseppi\/wp-json\/wp\/v2\/pages\/66","targetHints":{"allow":["GET"]}}],"collection":[{"href":"https:\/\/blog.ufes.br\/giuseppi\/wp-json\/wp\/v2\/pages"}],"about":[{"href":"https:\/\/blog.ufes.br\/giuseppi\/wp-json\/wp\/v2\/types\/page"}],"author":[{"embeddable":true,"href":"https:\/\/blog.ufes.br\/giuseppi\/wp-json\/wp\/v2\/users\/143"}],"replies":[{"embeddable":true,"href":"https:\/\/blog.ufes.br\/giuseppi\/wp-json\/wp\/v2\/comments?post=66"}],"version-history":[{"count":9,"href":"https:\/\/blog.ufes.br\/giuseppi\/wp-json\/wp\/v2\/pages\/66\/revisions"}],"predecessor-version":[{"id":87,"href":"https:\/\/blog.ufes.br\/giuseppi\/wp-json\/wp\/v2\/pages\/66\/revisions\/87"}],"wp:attachment":[{"href":"https:\/\/blog.ufes.br\/giuseppi\/wp-json\/wp\/v2\/media?parent=66"}],"curies":[{"name":"wp","href":"https:\/\/api.w.org\/{rel}","templated":true}]}}