{"id":92,"date":"2020-05-02T15:04:50","date_gmt":"2020-05-02T18:04:50","guid":{"rendered":"http:\/\/blog.ufes.br\/giuseppi\/?page_id=92"},"modified":"2020-05-21T16:23:39","modified_gmt":"2020-05-21T19:23:39","slug":"material-de-apoio-ao-professor","status":"publish","type":"page","link":"https:\/\/blog.ufes.br\/giuseppi\/material-de-apoio-ao-professor\/","title":{"rendered":"Materiais de Apoio ao Professor"},"content":{"rendered":"\n<div class=\"wp-block-file\"><a href=\"https:\/\/blog.ufes.br\/giuseppi\/files\/2020\/05\/Acoes-Praticas-Trabalho-Professor-Mai2020.pdf\" target=\"_blank\" rel=\"noreferrer noopener\">A\u00e7\u00f5es Pr\u00e1ticas para o Trabalho do Professor<\/a><a href=\"https:\/\/blog.ufes.br\/giuseppi\/files\/2020\/05\/Acoes-Praticas-Trabalho-Professor-Mai2020.pdf\" class=\"wp-block-file__button\" download>Baixar<\/a><\/div>\n\n\n\n<div class=\"wp-block-file\"><a href=\"https:\/\/blog.ufes.br\/giuseppi\/files\/2020\/05\/Planejamento-de-visita-a-atividade-de-divulgacao-e-popularizacao-da-ciencia.pdf\" target=\"_blank\" rel=\"noreferrer noopener\">Proposta de roteiro para o planejamento de visita a atividade de divulga\u00e7\u00e3o e populariza\u00e7\u00e3o da Ci\u00eancia<\/a><a href=\"https:\/\/blog.ufes.br\/giuseppi\/files\/2020\/05\/Planejamento-de-visita-a-atividade-de-divulgacao-e-popularizacao-da-ciencia.pdf\" class=\"wp-block-file__button\" download>Baixar<\/a><\/div>\n\n\n\n<p><\/p>\n\n\n\n<div class=\"wp-block-file\"><a href=\"https:\/\/blog.ufes.br\/giuseppi\/files\/2020\/05\/Regras-e-roteiro-desenvolvimento-de-um-experimento.pdf\" target=\"_blank\" rel=\"noreferrer noopener\">Proposta de regras e roteiro para o desenvolvimento de um experimento em disciplinas<\/a><a href=\"https:\/\/blog.ufes.br\/giuseppi\/files\/2020\/05\/Regras-e-roteiro-desenvolvimento-de-um-experimento.pdf\" class=\"wp-block-file__button\" download>Baixar<\/a><\/div>\n\n\n\n<p><\/p>\n\n\n\n<div class=\"wp-block-file\"><a href=\"https:\/\/blog.ufes.br\/giuseppi\/files\/2020\/05\/Possivel-modelo-banner-evento.pdf\" target=\"_blank\" rel=\"noreferrer noopener\">Poss\u00edvel modelo de banner para apresenta\u00e7\u00e3o de trabalho em evento<\/a><a href=\"https:\/\/blog.ufes.br\/giuseppi\/files\/2020\/05\/Possivel-modelo-banner-evento.pdf\" class=\"wp-block-file__button\" download>Baixar<\/a><\/div>\n\n\n\n<p>Me envie mensagem que eu encaminho o arquivo edit\u00e1vel do banner. <\/p>\n\n\n\n<p>A\u00e7\u00f5es Pr\u00e1ticas para o Trabalho do Professor<\/p>\n","protected":false},"excerpt":{"rendered":"<p>Me envie mensagem que eu encaminho o arquivo edit\u00e1vel do banner. A\u00e7\u00f5es Pr\u00e1ticas para o Trabalho do Professor<\/p>\n","protected":false},"author":143,"featured_media":0,"parent":0,"menu_order":4,"comment_status":"closed","ping_status":"closed","template":"","meta":{"_bbp_topic_count":0,"_bbp_reply_count":0,"_bbp_total_topic_count":0,"_bbp_total_reply_count":0,"_bbp_voice_count":0,"_bbp_anonymous_reply_count":0,"_bbp_topic_count_hidden":0,"_bbp_reply_count_hidden":0,"_bbp_forum_subforum_count":0,"_uag_custom_page_level_css":"","footnotes":""},"class_list":["post-92","page","type-page","status-publish","hentry"],"uagb_featured_image_src":{"full":false,"thumbnail":false,"medium":false,"medium_large":false,"large":false,"1536x1536":false,"2048x2048":false,"post-thumbnail":false},"uagb_author_info":{"display_name":"giuseppi.camiletti","author_link":"https:\/\/blog.ufes.br\/giuseppi\/author\/giuseppi-camiletti\/"},"uagb_comment_info":0,"uagb_excerpt":"Me envie mensagem que eu encaminho o arquivo edit\u00e1vel do banner. A\u00e7\u00f5es Pr\u00e1ticas para o Trabalho do Professor","_links":{"self":[{"href":"https:\/\/blog.ufes.br\/giuseppi\/wp-json\/wp\/v2\/pages\/92","targetHints":{"allow":["GET"]}}],"collection":[{"href":"https:\/\/blog.ufes.br\/giuseppi\/wp-json\/wp\/v2\/pages"}],"about":[{"href":"https:\/\/blog.ufes.br\/giuseppi\/wp-json\/wp\/v2\/types\/page"}],"author":[{"embeddable":true,"href":"https:\/\/blog.ufes.br\/giuseppi\/wp-json\/wp\/v2\/users\/143"}],"replies":[{"embeddable":true,"href":"https:\/\/blog.ufes.br\/giuseppi\/wp-json\/wp\/v2\/comments?post=92"}],"version-history":[{"count":6,"href":"https:\/\/blog.ufes.br\/giuseppi\/wp-json\/wp\/v2\/pages\/92\/revisions"}],"predecessor-version":[{"id":110,"href":"https:\/\/blog.ufes.br\/giuseppi\/wp-json\/wp\/v2\/pages\/92\/revisions\/110"}],"wp:attachment":[{"href":"https:\/\/blog.ufes.br\/giuseppi\/wp-json\/wp\/v2\/media?parent=92"}],"curies":[{"name":"wp","href":"https:\/\/api.w.org\/{rel}","templated":true}]}}