{"id":10,"date":"2019-07-12T11:49:38","date_gmt":"2019-07-12T14:49:38","guid":{"rendered":"http:\/\/blog.ufes.br\/infolab\/?page_id=10"},"modified":"2019-07-12T19:05:17","modified_gmt":"2019-07-12T22:05:17","slug":"suporte","status":"publish","type":"page","link":"https:\/\/blog.ufes.br\/infolab\/suporte\/","title":{"rendered":"Suporte T\u00e9cnico"},"content":{"rendered":"\n<p>Utilize a solicita\u00e7\u00e3o de suporte t\u00e9cnico para relatar problemas, realizar solicita\u00e7\u00f5es\/sugest\u00f5es\/reclama\u00e7\u00f5es,  tais como:<\/p>\n\n\n\n<ul class=\"wp-block-list\"><li>M\u00e1quinas com algum tipo de defeito<\/li><li>Problemas com mobili\u00e1rio (quadros, cadeiras, mesas, etc) <\/li><li>Softwares com mal funcionamento<\/li><li>Solicita\u00e7\u00e3o de instala\u00e7\u00e3o de programas<\/li><li>Equipamento auxiliar defeituoso (datashow, ar-condicionado, estabilizadores, etc)<\/li><li>Infraestrutura (luz, energia, limpeza, internet, cabeamento, etc)<\/li><\/ul>\n\n\n\n<p>Em caso de problemas com computadores, por favor, anote o <strong><u>n\u00famero de identifica\u00e7\u00e3o da m\u00e1quina<\/u><\/strong>(caso n\u00e3o tenha, pelo menos a sua posi\u00e7\u00e3o no local) e <strong><u>qual laborat\u00f3rio se encontra.<\/u><\/strong><\/p>\n\n\n\n<p>Para realizar sua solicita\u00e7\u00e3o, acesso aqui o <a href=\"https:\/\/forms.gle\/wuEnAyJNhox7SBme9\" target=\"_blank\" rel=\"noreferrer noopener\" aria-label=\" (abre numa nova aba)\">Formul\u00e1rio de Solicita\u00e7\u00e3o de Suporte T\u00e9cnico<\/a><\/p>\n","protected":false},"excerpt":{"rendered":"<p>Utilize a solicita\u00e7\u00e3o de suporte t\u00e9cnico para relatar problemas, realizar solicita\u00e7\u00f5es\/sugest\u00f5es\/reclama\u00e7\u00f5es, tais como: M\u00e1quinas com algum tipo de defeito Problemas com mobili\u00e1rio (quadros, cadeiras, mesas, etc) Softwares com mal funcionamento Solicita\u00e7\u00e3o de instala\u00e7\u00e3o de programas Equipamento auxiliar defeituoso (datashow, ar-condicionado, estabilizadores, etc) Infraestrutura (luz, energia, limpeza, internet, cabeamento, etc) Em caso de problemas com computadores, [&hellip;]<\/p>\n","protected":false},"author":362,"featured_media":0,"parent":0,"menu_order":0,"comment_status":"closed","ping_status":"closed","template":"","meta":{"_bbp_topic_count":0,"_bbp_reply_count":0,"_bbp_total_topic_count":0,"_bbp_total_reply_count":0,"_bbp_voice_count":0,"_bbp_anonymous_reply_count":0,"_bbp_topic_count_hidden":0,"_bbp_reply_count_hidden":0,"_bbp_forum_subforum_count":0,"_uag_custom_page_level_css":"","footnotes":""},"class_list":["post-10","page","type-page","status-publish","hentry"],"uagb_featured_image_src":{"full":false,"thumbnail":false,"medium":false,"medium_large":false,"large":false,"1536x1536":false,"2048x2048":false,"post-thumbnail":false},"uagb_author_info":{"display_name":"giuliano.giglio","author_link":"https:\/\/blog.ufes.br\/infolab\/author\/giuliano-giglio\/"},"uagb_comment_info":0,"uagb_excerpt":"Utilize a solicita\u00e7\u00e3o de suporte t\u00e9cnico para relatar problemas, realizar solicita\u00e7\u00f5es\/sugest\u00f5es\/reclama\u00e7\u00f5es, tais como: M\u00e1quinas com algum tipo de defeito Problemas com mobili\u00e1rio (quadros, cadeiras, mesas, etc) Softwares com mal funcionamento Solicita\u00e7\u00e3o de instala\u00e7\u00e3o de programas Equipamento auxiliar defeituoso (datashow, ar-condicionado, estabilizadores, etc) Infraestrutura (luz, energia, limpeza, internet, cabeamento, etc) Em caso de problemas com computadores,&hellip;","_links":{"self":[{"href":"https:\/\/blog.ufes.br\/infolab\/wp-json\/wp\/v2\/pages\/10","targetHints":{"allow":["GET"]}}],"collection":[{"href":"https:\/\/blog.ufes.br\/infolab\/wp-json\/wp\/v2\/pages"}],"about":[{"href":"https:\/\/blog.ufes.br\/infolab\/wp-json\/wp\/v2\/types\/page"}],"author":[{"embeddable":true,"href":"https:\/\/blog.ufes.br\/infolab\/wp-json\/wp\/v2\/users\/362"}],"replies":[{"embeddable":true,"href":"https:\/\/blog.ufes.br\/infolab\/wp-json\/wp\/v2\/comments?post=10"}],"version-history":[{"count":9,"href":"https:\/\/blog.ufes.br\/infolab\/wp-json\/wp\/v2\/pages\/10\/revisions"}],"predecessor-version":[{"id":71,"href":"https:\/\/blog.ufes.br\/infolab\/wp-json\/wp\/v2\/pages\/10\/revisions\/71"}],"wp:attachment":[{"href":"https:\/\/blog.ufes.br\/infolab\/wp-json\/wp\/v2\/media?parent=10"}],"curies":[{"name":"wp","href":"https:\/\/api.w.org\/{rel}","templated":true}]}}