{"id":112,"date":"2019-08-21T11:56:57","date_gmt":"2019-08-21T14:56:57","guid":{"rendered":"http:\/\/blog.ufes.br\/infolab\/?page_id=112"},"modified":"2020-02-04T10:34:47","modified_gmt":"2020-02-04T13:34:47","slug":"monitoria","status":"publish","type":"page","link":"https:\/\/blog.ufes.br\/infolab\/monitoria\/","title":{"rendered":"Monitoria"},"content":{"rendered":"\n<h4 class=\"wp-block-heading\"><strong>Para candidatar-se a monitor<\/strong><\/h4>\n\n\n\n<p>A monitoria volunt\u00e1ria t\u00e9cnica visa atender ao suporte a usu\u00e1rios do Laborat\u00f3rio 5 destinado a estudo e pesquisa pelos alunos dos cursos de Computa\u00e7\u00e3o (Ci\u00eancia da Computa\u00e7\u00e3o e Sistemas de Informa\u00e7\u00e3o). O aluno monitor ser\u00e1 respons\u00e1vel, dentre outras coisas:<\/p>\n\n\n\n<ul class=\"wp-block-list\"><li>Supervisionar o uso do laborat\u00f3rio pelos usu\u00e1rios<\/li><li>Relatar mal uso ou problemas em equipamentos para a Coordena\u00e7\u00e3o de Laborat\u00f3rio<\/li><li>Ajudar os usu\u00e1rios no uso de softwares instalados<\/li><li>Realizar instala\u00e7\u00e3o de softwares ou manuten\u00e7\u00e3o dos mesmos solicitados pela Coordena\u00e7\u00e3o de Laborat\u00f3rios ou professores<\/li><\/ul>\n\n\n\n<p>Como se trata de atividade volunt\u00e1ria, o aluno monitor dever\u00e1 cumprir o n\u00famero m\u00ednimo de 04 horas semanais para que, ao final do semestre, receba 50 horas de Atividade Complementar, conforme definido do Regulamento de Atividades Complementares do Departamento de Computa\u00e7\u00e3o.<\/p>\n\n\n\n<p>Para candidatar-se \u00e0 monitoria volunt\u00e1ria t\u00e9cnica, acesse o formul\u00e1rio (<a href=\"https:\/\/forms.gle\/SZV4bhfEZUWBkTwo8\">clique aqui para acess\u00e1-lo)<\/a> e preencha seus dados, principalmente sua disponibilidade.  <strong>Os hor\u00e1rios dispon\u00edveis s\u00e3o: segunda a sexta de 08h \u00e0s 12h e de 13h \u00e0s 22h<\/strong>.<\/p>\n\n\n\n<p><strong>Observa\u00e7\u00e3o importante: voc\u00ea marcar toda a sua disponibilidade para ter mais chances de aloca\u00e7\u00e3o na monitoria, pois pode haver coincid\u00eancias entre os hor\u00e1rios dos candidatos.<\/strong><\/p>\n","protected":false},"excerpt":{"rendered":"<p>Para candidatar-se a monitor A monitoria volunt\u00e1ria t\u00e9cnica visa atender ao suporte a usu\u00e1rios do Laborat\u00f3rio 5 destinado a estudo e pesquisa pelos alunos dos cursos de Computa\u00e7\u00e3o (Ci\u00eancia da Computa\u00e7\u00e3o e Sistemas de Informa\u00e7\u00e3o). O aluno monitor ser\u00e1 respons\u00e1vel, dentre outras coisas: Supervisionar o uso do laborat\u00f3rio pelos usu\u00e1rios Relatar mal uso ou problemas [&hellip;]<\/p>\n","protected":false},"author":362,"featured_media":0,"parent":0,"menu_order":0,"comment_status":"closed","ping_status":"closed","template":"","meta":{"_bbp_topic_count":0,"_bbp_reply_count":0,"_bbp_total_topic_count":0,"_bbp_total_reply_count":0,"_bbp_voice_count":0,"_bbp_anonymous_reply_count":0,"_bbp_topic_count_hidden":0,"_bbp_reply_count_hidden":0,"_bbp_forum_subforum_count":0,"_uag_custom_page_level_css":"","footnotes":""},"class_list":["post-112","page","type-page","status-publish","hentry"],"uagb_featured_image_src":{"full":false,"thumbnail":false,"medium":false,"medium_large":false,"large":false,"1536x1536":false,"2048x2048":false,"post-thumbnail":false},"uagb_author_info":{"display_name":"giuliano.giglio","author_link":"https:\/\/blog.ufes.br\/infolab\/author\/giuliano-giglio\/"},"uagb_comment_info":0,"uagb_excerpt":"Para candidatar-se a monitor A monitoria volunt\u00e1ria t\u00e9cnica visa atender ao suporte a usu\u00e1rios do Laborat\u00f3rio 5 destinado a estudo e pesquisa pelos alunos dos cursos de Computa\u00e7\u00e3o (Ci\u00eancia da Computa\u00e7\u00e3o e Sistemas de Informa\u00e7\u00e3o). O aluno monitor ser\u00e1 respons\u00e1vel, dentre outras coisas: Supervisionar o uso do laborat\u00f3rio pelos usu\u00e1rios Relatar mal uso ou problemas&hellip;","_links":{"self":[{"href":"https:\/\/blog.ufes.br\/infolab\/wp-json\/wp\/v2\/pages\/112","targetHints":{"allow":["GET"]}}],"collection":[{"href":"https:\/\/blog.ufes.br\/infolab\/wp-json\/wp\/v2\/pages"}],"about":[{"href":"https:\/\/blog.ufes.br\/infolab\/wp-json\/wp\/v2\/types\/page"}],"author":[{"embeddable":true,"href":"https:\/\/blog.ufes.br\/infolab\/wp-json\/wp\/v2\/users\/362"}],"replies":[{"embeddable":true,"href":"https:\/\/blog.ufes.br\/infolab\/wp-json\/wp\/v2\/comments?post=112"}],"version-history":[{"count":18,"href":"https:\/\/blog.ufes.br\/infolab\/wp-json\/wp\/v2\/pages\/112\/revisions"}],"predecessor-version":[{"id":158,"href":"https:\/\/blog.ufes.br\/infolab\/wp-json\/wp\/v2\/pages\/112\/revisions\/158"}],"wp:attachment":[{"href":"https:\/\/blog.ufes.br\/infolab\/wp-json\/wp\/v2\/media?parent=112"}],"curies":[{"name":"wp","href":"https:\/\/api.w.org\/{rel}","templated":true}]}}