{"id":12,"date":"2019-07-12T11:50:01","date_gmt":"2019-07-12T14:50:01","guid":{"rendered":"http:\/\/blog.ufes.br\/infolab\/?page_id=12"},"modified":"2019-09-03T11:23:58","modified_gmt":"2019-09-03T14:23:58","slug":"contato","status":"publish","type":"page","link":"https:\/\/blog.ufes.br\/infolab\/contato\/","title":{"rendered":"Contato"},"content":{"rendered":"\n<p style=\"text-align:center\">Para entrar em contato com a Coordena\u00e7\u00e3o dos Laborat\u00f3rios, envie um email para: <strong><a href=\"mailto:infolab.ufes@gmail.com\">infolab.ufes@gmail.com<\/a><\/strong><\/p>\n\n\n\n<br>Coordenador:\n<br><strong> Prof. MSc. Giuliano Prado de Morais Giglio<\/strong>\n<br><strong>Departamento de Computa\u00e7\u00e3o &#8211; CCENS<\/strong>\n\n\n\n<p><\/p>\n","protected":false},"excerpt":{"rendered":"<p>Para entrar em contato com a Coordena\u00e7\u00e3o dos Laborat\u00f3rios, envie um email para: infolab.ufes@gmail.com Coordenador: Prof. MSc. Giuliano Prado de Morais Giglio Departamento de Computa\u00e7\u00e3o &#8211; CCENS<\/p>\n","protected":false},"author":362,"featured_media":0,"parent":0,"menu_order":0,"comment_status":"closed","ping_status":"closed","template":"","meta":{"_bbp_topic_count":0,"_bbp_reply_count":0,"_bbp_total_topic_count":0,"_bbp_total_reply_count":0,"_bbp_voice_count":0,"_bbp_anonymous_reply_count":0,"_bbp_topic_count_hidden":0,"_bbp_reply_count_hidden":0,"_bbp_forum_subforum_count":0,"_uag_custom_page_level_css":"","footnotes":""},"class_list":["post-12","page","type-page","status-publish","hentry"],"uagb_featured_image_src":{"full":false,"thumbnail":false,"medium":false,"medium_large":false,"large":false,"1536x1536":false,"2048x2048":false,"post-thumbnail":false},"uagb_author_info":{"display_name":"giuliano.giglio","author_link":"https:\/\/blog.ufes.br\/infolab\/author\/giuliano-giglio\/"},"uagb_comment_info":0,"uagb_excerpt":"Para entrar em contato com a Coordena\u00e7\u00e3o dos Laborat\u00f3rios, envie um email para: infolab.ufes@gmail.com Coordenador: Prof. MSc. Giuliano Prado de Morais Giglio Departamento de Computa\u00e7\u00e3o &#8211; CCENS","_links":{"self":[{"href":"https:\/\/blog.ufes.br\/infolab\/wp-json\/wp\/v2\/pages\/12","targetHints":{"allow":["GET"]}}],"collection":[{"href":"https:\/\/blog.ufes.br\/infolab\/wp-json\/wp\/v2\/pages"}],"about":[{"href":"https:\/\/blog.ufes.br\/infolab\/wp-json\/wp\/v2\/types\/page"}],"author":[{"embeddable":true,"href":"https:\/\/blog.ufes.br\/infolab\/wp-json\/wp\/v2\/users\/362"}],"replies":[{"embeddable":true,"href":"https:\/\/blog.ufes.br\/infolab\/wp-json\/wp\/v2\/comments?post=12"}],"version-history":[{"count":7,"href":"https:\/\/blog.ufes.br\/infolab\/wp-json\/wp\/v2\/pages\/12\/revisions"}],"predecessor-version":[{"id":129,"href":"https:\/\/blog.ufes.br\/infolab\/wp-json\/wp\/v2\/pages\/12\/revisions\/129"}],"wp:attachment":[{"href":"https:\/\/blog.ufes.br\/infolab\/wp-json\/wp\/v2\/media?parent=12"}],"curies":[{"name":"wp","href":"https:\/\/api.w.org\/{rel}","templated":true}]}}