{"id":132,"date":"2019-09-03T18:44:52","date_gmt":"2019-09-03T21:44:52","guid":{"rendered":"http:\/\/blog.ufes.br\/infolab\/?page_id=132"},"modified":"2019-10-04T11:46:12","modified_gmt":"2019-10-04T14:46:12","slug":"usolab05","status":"publish","type":"page","link":"https:\/\/blog.ufes.br\/infolab\/usolab05\/","title":{"rendered":"Uso do Lab. 05"},"content":{"rendered":"\n<p style=\"text-align:left\">O Laborat\u00f3rio 05 &#8211; Pr\u00e9dio REUNI \u00e9 destinado somente aos alunos e professores dos cursos de Ci\u00eancia da Computa\u00e7\u00e3o e Sistemas de Informa\u00e7\u00e3o, para estudos, pesquisas, projetos e TCCs. Seu uso est\u00e1 condicionado \u00e0 presen\u00e7a dos monitores t\u00e9cnicos no local (<a href=\"https:\/\/drive.google.com\/file\/d\/197Llyl5HAWohrvczKI52wzCcICbygDqN\/view?usp=sharing\">clique aqui para verificar os hor\u00e1rios<\/a>), por\u00e9m, em caso particular, dever\u00e1 ser solicitado \u00e0 Coordena\u00e7\u00e3o de Laborat\u00f3rios. <\/p>\n\n\n\n<p>Em todos os casos, por favor, leia com aten\u00e7\u00e3o ao Regulamento abaixo para os procedimentos de uso e solicita\u00e7\u00e3o particular da sala.<\/p>\n\n\n\n<ul class=\"wp-block-list\"><li>Acesse o REGULAMENTO DE USO DO LAB. 05<\/li><li>Baixar o TERMO DE COMPROMISSO <\/li><\/ul>\n\n\n\n<p style=\"text-align:left\">Registro de Ocorr\u00eancia (para monitores) &#8211; (<a href=\"https:\/\/forms.gle\/3z35ST5SKWsJ5v7y8\">Acesse aqui<\/a><a href=\"https:\/\/forms.gle\/3z35ST5SKWsJ5v7y8\"><\/a>)<\/p>\n\n\n<p><!--EndFragment--><\/p>","protected":false},"excerpt":{"rendered":"<p>O Laborat\u00f3rio 05 &#8211; Pr\u00e9dio REUNI \u00e9 destinado somente aos alunos e professores dos cursos de Ci\u00eancia da Computa\u00e7\u00e3o e Sistemas de Informa\u00e7\u00e3o, para estudos, pesquisas, projetos e TCCs. Seu uso est\u00e1 condicionado \u00e0 presen\u00e7a dos monitores t\u00e9cnicos no local (clique aqui para verificar os hor\u00e1rios), por\u00e9m, em caso particular, dever\u00e1 ser solicitado \u00e0 Coordena\u00e7\u00e3o [&hellip;]<\/p>\n","protected":false},"author":362,"featured_media":0,"parent":0,"menu_order":0,"comment_status":"closed","ping_status":"closed","template":"","meta":{"_bbp_topic_count":0,"_bbp_reply_count":0,"_bbp_total_topic_count":0,"_bbp_total_reply_count":0,"_bbp_voice_count":0,"_bbp_anonymous_reply_count":0,"_bbp_topic_count_hidden":0,"_bbp_reply_count_hidden":0,"_bbp_forum_subforum_count":0,"_uag_custom_page_level_css":"","footnotes":""},"class_list":["post-132","page","type-page","status-publish","hentry"],"uagb_featured_image_src":{"full":false,"thumbnail":false,"medium":false,"medium_large":false,"large":false,"1536x1536":false,"2048x2048":false,"post-thumbnail":false},"uagb_author_info":{"display_name":"giuliano.giglio","author_link":"https:\/\/blog.ufes.br\/infolab\/author\/giuliano-giglio\/"},"uagb_comment_info":0,"uagb_excerpt":"O Laborat\u00f3rio 05 &#8211; Pr\u00e9dio REUNI \u00e9 destinado somente aos alunos e professores dos cursos de Ci\u00eancia da Computa\u00e7\u00e3o e Sistemas de Informa\u00e7\u00e3o, para estudos, pesquisas, projetos e TCCs. Seu uso est\u00e1 condicionado \u00e0 presen\u00e7a dos monitores t\u00e9cnicos no local (clique aqui para verificar os hor\u00e1rios), por\u00e9m, em caso particular, dever\u00e1 ser solicitado \u00e0 Coordena\u00e7\u00e3o&hellip;","_links":{"self":[{"href":"https:\/\/blog.ufes.br\/infolab\/wp-json\/wp\/v2\/pages\/132","targetHints":{"allow":["GET"]}}],"collection":[{"href":"https:\/\/blog.ufes.br\/infolab\/wp-json\/wp\/v2\/pages"}],"about":[{"href":"https:\/\/blog.ufes.br\/infolab\/wp-json\/wp\/v2\/types\/page"}],"author":[{"embeddable":true,"href":"https:\/\/blog.ufes.br\/infolab\/wp-json\/wp\/v2\/users\/362"}],"replies":[{"embeddable":true,"href":"https:\/\/blog.ufes.br\/infolab\/wp-json\/wp\/v2\/comments?post=132"}],"version-history":[{"count":6,"href":"https:\/\/blog.ufes.br\/infolab\/wp-json\/wp\/v2\/pages\/132\/revisions"}],"predecessor-version":[{"id":153,"href":"https:\/\/blog.ufes.br\/infolab\/wp-json\/wp\/v2\/pages\/132\/revisions\/153"}],"wp:attachment":[{"href":"https:\/\/blog.ufes.br\/infolab\/wp-json\/wp\/v2\/media?parent=132"}],"curies":[{"name":"wp","href":"https:\/\/api.w.org\/{rel}","templated":true}]}}