{"id":14,"date":"2019-07-12T11:50:35","date_gmt":"2019-07-12T14:50:35","guid":{"rendered":"http:\/\/blog.ufes.br\/infolab\/?page_id=14"},"modified":"2019-07-12T17:17:41","modified_gmt":"2019-07-12T20:17:41","slug":"regulamento-de-utilizacao","status":"publish","type":"page","link":"https:\/\/blog.ufes.br\/infolab\/regulamento-de-utilizacao\/","title":{"rendered":"Regulamento de utiliza\u00e7\u00e3o"},"content":{"rendered":"\n<p>Para utiliza\u00e7\u00e3o das salas de laborat\u00f3rios, leia com aten\u00e7\u00e3o os regulamentos a seguir, de acordo com o bloco de laborat\u00f3rios do campus UFES de Alegre.<\/p>\n\n\n\n<div class=\"wp-block-file\"><a href=\"https:\/\/blog.ufes.br\/infolab\/files\/2019\/07\/Regulamento-Laborat\u00f3rios-01-02-e-03-Pr\u00e9dio-ChiuChiu.pdf\">Regulamento-Laborat\u00f3rios-01-02-e-03-Pr\u00e9dio-ChiuChiu<\/a><a href=\"https:\/\/blog.ufes.br\/infolab\/files\/2019\/07\/Regulamento-Laborat\u00f3rios-01-02-e-03-Pr\u00e9dio-ChiuChiu.pdf\" class=\"wp-block-file__button\" download>Baixar<\/a><\/div>\n\n\n\n<div class=\"wp-block-file\"><a href=\"https:\/\/blog.ufes.br\/infolab\/files\/2019\/07\/Regulamento-Laborat\u00f3rios-05-06-07-e-08-Pr\u00e9dio-REUNI.pdf\">Regulamento-Laborat\u00f3rios-05-06-07-e-08-Pr\u00e9dio-REUNI<\/a><a href=\"https:\/\/blog.ufes.br\/infolab\/files\/2019\/07\/Regulamento-Laborat\u00f3rios-05-06-07-e-08-Pr\u00e9dio-REUNI.pdf\" class=\"wp-block-file__button\" download>Baixar<\/a><\/div>\n","protected":false},"excerpt":{"rendered":"<p>Para utiliza\u00e7\u00e3o das salas de laborat\u00f3rios, leia com aten\u00e7\u00e3o os regulamentos a seguir, de acordo com o bloco de laborat\u00f3rios do campus UFES de Alegre.<\/p>\n","protected":false},"author":362,"featured_media":0,"parent":0,"menu_order":0,"comment_status":"closed","ping_status":"closed","template":"","meta":{"_bbp_topic_count":0,"_bbp_reply_count":0,"_bbp_total_topic_count":0,"_bbp_total_reply_count":0,"_bbp_voice_count":0,"_bbp_anonymous_reply_count":0,"_bbp_topic_count_hidden":0,"_bbp_reply_count_hidden":0,"_bbp_forum_subforum_count":0,"_uag_custom_page_level_css":"","footnotes":""},"class_list":["post-14","page","type-page","status-publish","hentry"],"uagb_featured_image_src":{"full":false,"thumbnail":false,"medium":false,"medium_large":false,"large":false,"1536x1536":false,"2048x2048":false,"post-thumbnail":false},"uagb_author_info":{"display_name":"giuliano.giglio","author_link":"https:\/\/blog.ufes.br\/infolab\/author\/giuliano-giglio\/"},"uagb_comment_info":0,"uagb_excerpt":"Para utiliza\u00e7\u00e3o das salas de laborat\u00f3rios, leia com aten\u00e7\u00e3o os regulamentos a seguir, de acordo com o bloco de laborat\u00f3rios do campus UFES de Alegre.","_links":{"self":[{"href":"https:\/\/blog.ufes.br\/infolab\/wp-json\/wp\/v2\/pages\/14","targetHints":{"allow":["GET"]}}],"collection":[{"href":"https:\/\/blog.ufes.br\/infolab\/wp-json\/wp\/v2\/pages"}],"about":[{"href":"https:\/\/blog.ufes.br\/infolab\/wp-json\/wp\/v2\/types\/page"}],"author":[{"embeddable":true,"href":"https:\/\/blog.ufes.br\/infolab\/wp-json\/wp\/v2\/users\/362"}],"replies":[{"embeddable":true,"href":"https:\/\/blog.ufes.br\/infolab\/wp-json\/wp\/v2\/comments?post=14"}],"version-history":[{"count":3,"href":"https:\/\/blog.ufes.br\/infolab\/wp-json\/wp\/v2\/pages\/14\/revisions"}],"predecessor-version":[{"id":43,"href":"https:\/\/blog.ufes.br\/infolab\/wp-json\/wp\/v2\/pages\/14\/revisions\/43"}],"wp:attachment":[{"href":"https:\/\/blog.ufes.br\/infolab\/wp-json\/wp\/v2\/media?parent=14"}],"curies":[{"name":"wp","href":"https:\/\/api.w.org\/{rel}","templated":true}]}}