{"id":149,"date":"2019-09-16T10:45:08","date_gmt":"2019-09-16T13:45:08","guid":{"rendered":"http:\/\/blog.ufes.br\/infolab\/?page_id=149"},"modified":"2019-09-16T10:45:08","modified_gmt":"2019-09-16T13:45:08","slug":"avaliacao-da-monitoria","status":"publish","type":"page","link":"https:\/\/blog.ufes.br\/infolab\/avaliacao-da-monitoria\/","title":{"rendered":"Avalia\u00e7\u00e3o da monitoria"},"content":{"rendered":"\n<p>A monitoria \u00e9 uma atividade muito importante para a forma\u00e7\u00e3o acad\u00eamica do aluno e \u00e9 um importante suporte para atender \u00e0s suas dificuldades e tarefas, muitas vezes com algum grau de complexidade. Para que possamos atender cada vez melhor a todos, oferecendo um servi\u00e7o de qualidade, pedimos a voc\u00ea que avalie a monitoria que fez uso, clicando no formul\u00e1rio de avalia\u00e7\u00e3o abaixo. <\/p>\n\n\n\n<p>Pedimos a sua paci\u00eancia, colabora\u00e7\u00e3o e  responsabilidade nesta avalia\u00e7\u00e3o. Fique tranquilo, seus dados ser\u00e3o mantidos em absoluto sigilo. Obrigado!<\/p>\n\n\n\n<p style=\"text-align:center\"><a href=\"https:\/\/forms.gle\/C95pZDggV2V2KUDr6\"><strong>Clique aqui e acesse o Formul\u00e1rio de Avalia\u00e7\u00e3o.<\/strong><\/a><\/p>\n","protected":false},"excerpt":{"rendered":"<p>A monitoria \u00e9 uma atividade muito importante para a forma\u00e7\u00e3o acad\u00eamica do aluno e \u00e9 um importante suporte para atender \u00e0s suas dificuldades e tarefas, muitas vezes com algum grau de complexidade. Para que possamos atender cada vez melhor a todos, oferecendo um servi\u00e7o de qualidade, pedimos a voc\u00ea que avalie a monitoria que fez [&hellip;]<\/p>\n","protected":false},"author":362,"featured_media":0,"parent":0,"menu_order":0,"comment_status":"closed","ping_status":"closed","template":"","meta":{"_bbp_topic_count":0,"_bbp_reply_count":0,"_bbp_total_topic_count":0,"_bbp_total_reply_count":0,"_bbp_voice_count":0,"_bbp_anonymous_reply_count":0,"_bbp_topic_count_hidden":0,"_bbp_reply_count_hidden":0,"_bbp_forum_subforum_count":0,"_uag_custom_page_level_css":"","footnotes":""},"class_list":["post-149","page","type-page","status-publish","hentry"],"uagb_featured_image_src":{"full":false,"thumbnail":false,"medium":false,"medium_large":false,"large":false,"1536x1536":false,"2048x2048":false,"post-thumbnail":false},"uagb_author_info":{"display_name":"giuliano.giglio","author_link":"https:\/\/blog.ufes.br\/infolab\/author\/giuliano-giglio\/"},"uagb_comment_info":0,"uagb_excerpt":"A monitoria \u00e9 uma atividade muito importante para a forma\u00e7\u00e3o acad\u00eamica do aluno e \u00e9 um importante suporte para atender \u00e0s suas dificuldades e tarefas, muitas vezes com algum grau de complexidade. Para que possamos atender cada vez melhor a todos, oferecendo um servi\u00e7o de qualidade, pedimos a voc\u00ea que avalie a monitoria que fez&hellip;","_links":{"self":[{"href":"https:\/\/blog.ufes.br\/infolab\/wp-json\/wp\/v2\/pages\/149","targetHints":{"allow":["GET"]}}],"collection":[{"href":"https:\/\/blog.ufes.br\/infolab\/wp-json\/wp\/v2\/pages"}],"about":[{"href":"https:\/\/blog.ufes.br\/infolab\/wp-json\/wp\/v2\/types\/page"}],"author":[{"embeddable":true,"href":"https:\/\/blog.ufes.br\/infolab\/wp-json\/wp\/v2\/users\/362"}],"replies":[{"embeddable":true,"href":"https:\/\/blog.ufes.br\/infolab\/wp-json\/wp\/v2\/comments?post=149"}],"version-history":[{"count":1,"href":"https:\/\/blog.ufes.br\/infolab\/wp-json\/wp\/v2\/pages\/149\/revisions"}],"predecessor-version":[{"id":150,"href":"https:\/\/blog.ufes.br\/infolab\/wp-json\/wp\/v2\/pages\/149\/revisions\/150"}],"wp:attachment":[{"href":"https:\/\/blog.ufes.br\/infolab\/wp-json\/wp\/v2\/media?parent=149"}],"curies":[{"name":"wp","href":"https:\/\/api.w.org\/{rel}","templated":true}]}}