{"id":17,"date":"2019-07-12T11:52:34","date_gmt":"2019-07-12T14:52:34","guid":{"rendered":"http:\/\/blog.ufes.br\/infolab\/?page_id=17"},"modified":"2019-07-14T00:26:33","modified_gmt":"2019-07-14T03:26:33","slug":"infraestrutura-de-salas","status":"publish","type":"page","link":"https:\/\/blog.ufes.br\/infolab\/infraestrutura-de-salas\/","title":{"rendered":"Infraestrutura de salas"},"content":{"rendered":"\n<p>Todas as salas s\u00e3o munidas com ar-condicionado, quadro branco, datashow, acesso a internet em todas as m\u00e1quinas, e 01 computador para professor. O n\u00famero de computadores por sala:<\/p>\n\n\n\n<p><strong> Pr\u00e9dio ChiuChiu<\/strong><\/p>\n\n\n\n<ul class=\"wp-block-list\"><li><strong>Laborat\u00f3rio 01<\/strong> (1\u00aa andar) = 40computadores<\/li><li><strong>Laborat\u00f3rio 02<\/strong>  (2\u00aa andar) = 30 computadores<\/li><li><strong>Laborat\u00f3rio 03<\/strong>  (2\u00aa andar) = 30 computadores<\/li><\/ul>\n\n\n\n<p><strong> Pr\u00e9dio REUNI<\/strong><\/p>\n\n\n\n<ul class=\"wp-block-list\"><li><strong>Laborat\u00f3rio 05, 06, 07 e 08<\/strong> (subsolo) = 20 computadores em cada sala<\/li><\/ul>\n\n\n\n<p>Todos munidos com os sistemas operacionais Windows 10 e Linux.<\/p>\n\n\n\n<p>Caso deseja reservar uma sala, clique em <a href=\"https:\/\/blog.ufes.br\/infolab\/reservas-de-salas\/\">Reservas de Salas<\/a><\/p>\n","protected":false},"excerpt":{"rendered":"<p>Todas as salas s\u00e3o munidas com ar-condicionado, quadro branco, datashow, acesso a internet em todas as m\u00e1quinas, e 01 computador para professor. O n\u00famero de computadores por sala: Pr\u00e9dio ChiuChiu Laborat\u00f3rio 01 (1\u00aa andar) = 40computadores Laborat\u00f3rio 02 (2\u00aa andar) = 30 computadores Laborat\u00f3rio 03 (2\u00aa andar) = 30 computadores Pr\u00e9dio REUNI Laborat\u00f3rio 05, 06, [&hellip;]<\/p>\n","protected":false},"author":362,"featured_media":0,"parent":0,"menu_order":0,"comment_status":"closed","ping_status":"closed","template":"","meta":{"_bbp_topic_count":0,"_bbp_reply_count":0,"_bbp_total_topic_count":0,"_bbp_total_reply_count":0,"_bbp_voice_count":0,"_bbp_anonymous_reply_count":0,"_bbp_topic_count_hidden":0,"_bbp_reply_count_hidden":0,"_bbp_forum_subforum_count":0,"_uag_custom_page_level_css":"","footnotes":""},"class_list":["post-17","page","type-page","status-publish","hentry"],"uagb_featured_image_src":{"full":false,"thumbnail":false,"medium":false,"medium_large":false,"large":false,"1536x1536":false,"2048x2048":false,"post-thumbnail":false},"uagb_author_info":{"display_name":"giuliano.giglio","author_link":"https:\/\/blog.ufes.br\/infolab\/author\/giuliano-giglio\/"},"uagb_comment_info":0,"uagb_excerpt":"Todas as salas s\u00e3o munidas com ar-condicionado, quadro branco, datashow, acesso a internet em todas as m\u00e1quinas, e 01 computador para professor. O n\u00famero de computadores por sala: Pr\u00e9dio ChiuChiu Laborat\u00f3rio 01 (1\u00aa andar) = 40computadores Laborat\u00f3rio 02 (2\u00aa andar) = 30 computadores Laborat\u00f3rio 03 (2\u00aa andar) = 30 computadores Pr\u00e9dio REUNI Laborat\u00f3rio 05, 06,&hellip;","_links":{"self":[{"href":"https:\/\/blog.ufes.br\/infolab\/wp-json\/wp\/v2\/pages\/17","targetHints":{"allow":["GET"]}}],"collection":[{"href":"https:\/\/blog.ufes.br\/infolab\/wp-json\/wp\/v2\/pages"}],"about":[{"href":"https:\/\/blog.ufes.br\/infolab\/wp-json\/wp\/v2\/types\/page"}],"author":[{"embeddable":true,"href":"https:\/\/blog.ufes.br\/infolab\/wp-json\/wp\/v2\/users\/362"}],"replies":[{"embeddable":true,"href":"https:\/\/blog.ufes.br\/infolab\/wp-json\/wp\/v2\/comments?post=17"}],"version-history":[{"count":5,"href":"https:\/\/blog.ufes.br\/infolab\/wp-json\/wp\/v2\/pages\/17\/revisions"}],"predecessor-version":[{"id":110,"href":"https:\/\/blog.ufes.br\/infolab\/wp-json\/wp\/v2\/pages\/17\/revisions\/110"}],"wp:attachment":[{"href":"https:\/\/blog.ufes.br\/infolab\/wp-json\/wp\/v2\/media?parent=17"}],"curies":[{"name":"wp","href":"https:\/\/api.w.org\/{rel}","templated":true}]}}