{"id":49,"date":"2019-07-12T18:00:58","date_gmt":"2019-07-12T21:00:58","guid":{"rendered":"http:\/\/blog.ufes.br\/infolab\/?page_id=49"},"modified":"2019-07-12T18:33:25","modified_gmt":"2019-07-12T21:33:25","slug":"inicio","status":"publish","type":"page","link":"https:\/\/blog.ufes.br\/infolab\/","title":{"rendered":"In\u00edcio"},"content":{"rendered":"\n<p>Bem-vindos ao site da Coordena\u00e7\u00e3o de Laborat\u00f3rios de Inform\u00e1tica da UFES &#8211; campus Alegre.  Aqui voc\u00ea possui informa\u00e7\u00f5es do setor e pode contatar a coordena\u00e7\u00e3o para, por exemplo: <\/p>\n\n\n\n<ul class=\"wp-block-list\"><li>Realizar <a href=\"https:\/\/blog.ufes.br\/infolab\/reservas-de-salas\/\">Reservas de Salas<\/a>; <\/li><li>Solicitar <a href=\"https:\/\/blog.ufes.br\/infolab\/suporte\/\">Suporte T\u00e9cnico;<\/a><\/li><li>Entrar em <a href=\"https:\/\/blog.ufes.br\/infolab\/contato\/\">Contato<\/a>.<\/li><\/ul>\n\n\n\n<p>Importante salientar que, de acordo com os Regulamentos de Utiliza\u00e7\u00e3o, os laborat\u00f3rios s\u00e3o \u00f3rg\u00e3os de apoio did\u00e1tico-pedag\u00f3gico vinculados ao Departamento de Computa\u00e7\u00e3o e visam atender a diversas atividades desenvolvidas no campus. As salas s\u00e3o divididas em 02 blocos, cada qual objetiva atividades distintas a saber: <\/p>\n\n\n\n<p><strong>Pr\u00e9dio ChiuChiu:<\/strong><\/p>\n\n\n\n<ol class=\"wp-block-list\"><li>Atende \u00e0s disciplinas dos cursos de Gradua\u00e7\u00e3o, P\u00f3s-Gradua\u00e7\u00e3o, Pesquisa e Extens\u00e3o da UFES campus Alegre;<\/li><li>Aos Docentes de todos os cursos de Gradua\u00e7\u00e3o, P\u00f3s-Gradua\u00e7\u00e3o;<\/li><li>\u00c0s atividades de Pesquisa e Extens\u00e3o;<\/li><li>Aos Funcion\u00e1rios do corpo t\u00e9cnico-administrativo da UFES Campus Alegre;<\/li><li>Outras Institui\u00e7\u00f5es de Ensino ou Entidades atrav\u00e9s de conv\u00eanios e parcerias previamente estabelecidos.   <\/li><\/ol>\n\n\n\n<p><strong>Pr\u00e9dio REUNI:<\/strong><\/p>\n\n\n\n<ol class=\"wp-block-list\"><li> S\u00e3o destinados exclusivamente \u00e0s disciplinas dos cursos ofertados pelo Departamento de Computa\u00e7\u00e3o do campus Alegre;<\/li><li> Aos Docentes e alunos vinculados aos cursos de Ci\u00eancia da Computa\u00e7\u00e3o e Sistemas de Informa\u00e7\u00e3o. <\/li><\/ol>\n\n\n\n<p><strong>Coordena\u00e7\u00e3o:<\/strong> Prof. Giuliano Prado de Morais Giglio.<br><strong>E-mail de contato: <\/strong>infolab.ufes@gmail.com<\/p>\n","protected":false},"excerpt":{"rendered":"<p>Bem-vindos ao site da Coordena\u00e7\u00e3o de Laborat\u00f3rios de Inform\u00e1tica da UFES &#8211; campus Alegre. Aqui voc\u00ea possui informa\u00e7\u00f5es do setor e pode contatar a coordena\u00e7\u00e3o para, por exemplo: Realizar Reservas de Salas; Solicitar Suporte T\u00e9cnico; Entrar em Contato. Importante salientar que, de acordo com os Regulamentos de Utiliza\u00e7\u00e3o, os laborat\u00f3rios s\u00e3o \u00f3rg\u00e3os de apoio did\u00e1tico-pedag\u00f3gico [&hellip;]<\/p>\n","protected":false},"author":362,"featured_media":0,"parent":0,"menu_order":0,"comment_status":"closed","ping_status":"closed","template":"","meta":{"_bbp_topic_count":0,"_bbp_reply_count":0,"_bbp_total_topic_count":0,"_bbp_total_reply_count":0,"_bbp_voice_count":0,"_bbp_anonymous_reply_count":0,"_bbp_topic_count_hidden":0,"_bbp_reply_count_hidden":0,"_bbp_forum_subforum_count":0,"_uag_custom_page_level_css":"","footnotes":""},"class_list":["post-49","page","type-page","status-publish","hentry"],"uagb_featured_image_src":{"full":false,"thumbnail":false,"medium":false,"medium_large":false,"large":false,"1536x1536":false,"2048x2048":false,"post-thumbnail":false},"uagb_author_info":{"display_name":"giuliano.giglio","author_link":"https:\/\/blog.ufes.br\/infolab\/author\/giuliano-giglio\/"},"uagb_comment_info":0,"uagb_excerpt":"Bem-vindos ao site da Coordena\u00e7\u00e3o de Laborat\u00f3rios de Inform\u00e1tica da UFES &#8211; campus Alegre. Aqui voc\u00ea possui informa\u00e7\u00f5es do setor e pode contatar a coordena\u00e7\u00e3o para, por exemplo: Realizar Reservas de Salas; Solicitar Suporte T\u00e9cnico; Entrar em Contato. Importante salientar que, de acordo com os Regulamentos de Utiliza\u00e7\u00e3o, os laborat\u00f3rios s\u00e3o \u00f3rg\u00e3os de apoio did\u00e1tico-pedag\u00f3gico&hellip;","_links":{"self":[{"href":"https:\/\/blog.ufes.br\/infolab\/wp-json\/wp\/v2\/pages\/49","targetHints":{"allow":["GET"]}}],"collection":[{"href":"https:\/\/blog.ufes.br\/infolab\/wp-json\/wp\/v2\/pages"}],"about":[{"href":"https:\/\/blog.ufes.br\/infolab\/wp-json\/wp\/v2\/types\/page"}],"author":[{"embeddable":true,"href":"https:\/\/blog.ufes.br\/infolab\/wp-json\/wp\/v2\/users\/362"}],"replies":[{"embeddable":true,"href":"https:\/\/blog.ufes.br\/infolab\/wp-json\/wp\/v2\/comments?post=49"}],"version-history":[{"count":7,"href":"https:\/\/blog.ufes.br\/infolab\/wp-json\/wp\/v2\/pages\/49\/revisions"}],"predecessor-version":[{"id":79,"href":"https:\/\/blog.ufes.br\/infolab\/wp-json\/wp\/v2\/pages\/49\/revisions\/79"}],"wp:attachment":[{"href":"https:\/\/blog.ufes.br\/infolab\/wp-json\/wp\/v2\/media?parent=49"}],"curies":[{"name":"wp","href":"https:\/\/api.w.org\/{rel}","templated":true}]}}