{"id":8,"date":"2019-07-12T11:49:20","date_gmt":"2019-07-12T14:49:20","guid":{"rendered":"http:\/\/blog.ufes.br\/infolab\/?page_id=8"},"modified":"2019-08-29T09:42:44","modified_gmt":"2019-08-29T12:42:44","slug":"reservas-de-salas","status":"publish","type":"page","link":"https:\/\/blog.ufes.br\/infolab\/reservas-de-salas\/","title":{"rendered":"Reservas de salas"},"content":{"rendered":"\n<p>Verifique o regulamento de utiliza\u00e7\u00e3o (<a href=\"https:\/\/blog.ufes.br\/infolab\/regulamento-de-utilizacao\/\">clique aqui<\/a>) antes de reservar, e observe os objetivos. <\/p>\n\n\n\n<p>A solicita\u00e7\u00e3o n\u00e3o garante a reserva, sendo necess\u00e1rio confirma\u00e7\u00e3o da coordena\u00e7\u00e3o, que avaliar\u00e1 a disponibilidade desejada de acordo com as atividades previamente agendadas (e oficiais) para o setor.<\/p>\n\n\n\n<ul class=\"wp-block-list\"><li>Para reservas salas do Pr\u00e9dio ChiuChiu (uso geral) &#8211; <strong><a href=\"http:\/\/www.alegre.ufes.br\/agendamento\/salas\">clique aqui<\/a><\/strong><\/li><\/ul>\n\n\n\n<ul class=\"wp-block-list\"><li>Para reservas de salas do <strong>Pr\u00e9dio REUNI<\/strong> (uso exclusivo do DCOMP) &#8211; <strong>siga os seguintes passos<\/strong>:<\/li><\/ul>\n\n\n\n<ol class=\"wp-block-list\"><li>Verifique os hor\u00e1rios dispon\u00edveis para o semestre corrente, <a href=\"https:\/\/drive.google.com\/file\/d\/1kyC2zP_yGrk6SJ5ml7lA31kzP1CTqDBN\/view?usp=sharing\">clicando aqui! <\/a><\/li><li> Informa\u00e7\u00f5es necess\u00e1rias: <ol><li>Atividade desejada, respons\u00e1vel (servidor da UFES), setor vinculado, datas e hor\u00e1rios (obrigat\u00f3rias), dentre outras;<\/li><\/ol><\/li><li>Acesse o Formul\u00e1rio de Solicita\u00e7\u00e3o de Reserva no link ( <a rel=\"noreferrer noopener\" href=\"https:\/\/forms.gle\/B2fABzNAHXSFpHWT8\" target=\"_blank\">Formul\u00e1rio de Solicita\u00e7\u00e3o de Reserva de Laborat\u00f3rio<\/a> );<\/li><li>Preencha todas as informa\u00e7\u00f5es solicitadas;<\/li><li>Envie sua solicita\u00e7\u00e3o e aguarde a confirma\u00e7\u00e3o por email.<\/li><\/ol>\n","protected":false},"excerpt":{"rendered":"<p>Verifique o regulamento de utiliza\u00e7\u00e3o (clique aqui) antes de reservar, e observe os objetivos. A solicita\u00e7\u00e3o n\u00e3o garante a reserva, sendo necess\u00e1rio confirma\u00e7\u00e3o da coordena\u00e7\u00e3o, que avaliar\u00e1 a disponibilidade desejada de acordo com as atividades previamente agendadas (e oficiais) para o setor. Para reservas salas do Pr\u00e9dio ChiuChiu (uso geral) &#8211; clique aqui Para reservas [&hellip;]<\/p>\n","protected":false},"author":362,"featured_media":0,"parent":0,"menu_order":0,"comment_status":"closed","ping_status":"closed","template":"","meta":{"_bbp_topic_count":0,"_bbp_reply_count":0,"_bbp_total_topic_count":0,"_bbp_total_reply_count":0,"_bbp_voice_count":0,"_bbp_anonymous_reply_count":0,"_bbp_topic_count_hidden":0,"_bbp_reply_count_hidden":0,"_bbp_forum_subforum_count":0,"_uag_custom_page_level_css":"","footnotes":""},"class_list":["post-8","page","type-page","status-publish","hentry"],"uagb_featured_image_src":{"full":false,"thumbnail":false,"medium":false,"medium_large":false,"large":false,"1536x1536":false,"2048x2048":false,"post-thumbnail":false},"uagb_author_info":{"display_name":"giuliano.giglio","author_link":"https:\/\/blog.ufes.br\/infolab\/author\/giuliano-giglio\/"},"uagb_comment_info":0,"uagb_excerpt":"Verifique o regulamento de utiliza\u00e7\u00e3o (clique aqui) antes de reservar, e observe os objetivos. A solicita\u00e7\u00e3o n\u00e3o garante a reserva, sendo necess\u00e1rio confirma\u00e7\u00e3o da coordena\u00e7\u00e3o, que avaliar\u00e1 a disponibilidade desejada de acordo com as atividades previamente agendadas (e oficiais) para o setor. Para reservas salas do Pr\u00e9dio ChiuChiu (uso geral) &#8211; clique aqui Para reservas&hellip;","_links":{"self":[{"href":"https:\/\/blog.ufes.br\/infolab\/wp-json\/wp\/v2\/pages\/8","targetHints":{"allow":["GET"]}}],"collection":[{"href":"https:\/\/blog.ufes.br\/infolab\/wp-json\/wp\/v2\/pages"}],"about":[{"href":"https:\/\/blog.ufes.br\/infolab\/wp-json\/wp\/v2\/types\/page"}],"author":[{"embeddable":true,"href":"https:\/\/blog.ufes.br\/infolab\/wp-json\/wp\/v2\/users\/362"}],"replies":[{"embeddable":true,"href":"https:\/\/blog.ufes.br\/infolab\/wp-json\/wp\/v2\/comments?post=8"}],"version-history":[{"count":10,"href":"https:\/\/blog.ufes.br\/infolab\/wp-json\/wp\/v2\/pages\/8\/revisions"}],"predecessor-version":[{"id":124,"href":"https:\/\/blog.ufes.br\/infolab\/wp-json\/wp\/v2\/pages\/8\/revisions\/124"}],"wp:attachment":[{"href":"https:\/\/blog.ufes.br\/infolab\/wp-json\/wp\/v2\/media?parent=8"}],"curies":[{"name":"wp","href":"https:\/\/api.w.org\/{rel}","templated":true}]}}