{"id":114,"date":"2018-12-04T19:57:21","date_gmt":"2018-12-04T21:57:21","guid":{"rendered":"http:\/\/blog.ufes.br\/intercomsudeste\/?page_id=114"},"modified":"2019-01-22T12:32:12","modified_gmt":"2019-01-22T14:32:12","slug":"contato","status":"publish","type":"page","link":"https:\/\/blog.ufes.br\/intercomsudeste\/contato\/","title":{"rendered":"Contato"},"content":{"rendered":"<p>Estamos esperando voc\u00eas em Vit\u00f3ria para o Intercom Sudeste 2019!<\/p>\n<p>Caso tenha alguma d\u00favida, entre em contato com a gente: intercomsudeste2019@gmail.com.<\/p>\n<p>&nbsp;<\/p>\n<p>Siga nossas redes sociais:<\/p>\n<p>facebook.com\/intercomsudeste2019<\/p>\n<p>Instagram: @intercomsudeste2019<\/p>\n","protected":false},"excerpt":{"rendered":"<div class=\"mh-excerpt\"><p>Estamos esperando voc\u00eas em Vit\u00f3ria para o Intercom Sudeste 2019! Caso tenha alguma d\u00favida, entre em contato com a gente: intercomsudeste2019@gmail.com. &nbsp; Siga nossas redes <a class=\"mh-excerpt-more\" href=\"https:\/\/blog.ufes.br\/intercomsudeste\/contato\/\" title=\"Contato\">[&#8230;]<\/a><\/p>\n<\/div>","protected":false},"author":349,"featured_media":0,"parent":0,"menu_order":0,"comment_status":"closed","ping_status":"closed","template":"","meta":{"_bbp_topic_count":0,"_bbp_reply_count":0,"_bbp_total_topic_count":0,"_bbp_total_reply_count":0,"_bbp_voice_count":0,"_bbp_anonymous_reply_count":0,"_bbp_topic_count_hidden":0,"_bbp_reply_count_hidden":0,"_bbp_forum_subforum_count":0,"_uag_custom_page_level_css":"","footnotes":""},"class_list":["post-114","page","type-page","status-publish","hentry"],"uagb_featured_image_src":{"full":false,"thumbnail":false,"medium":false,"medium_large":false,"large":false,"1536x1536":false,"2048x2048":false,"mh-magazine-lite-slider":false,"mh-magazine-lite-content":false,"mh-magazine-lite-large":false,"mh-magazine-lite-medium":false,"mh-magazine-lite-small":false},"uagb_author_info":{"display_name":"Intercom Sudeste 2019","author_link":"https:\/\/blog.ufes.br\/intercomsudeste\/author\/ana-v-souza\/"},"uagb_comment_info":0,"uagb_excerpt":"Estamos esperando voc\u00eas em Vit\u00f3ria para o Intercom Sudeste 2019! Caso tenha alguma d\u00favida, entre em contato com a gente: intercomsudeste2019@gmail.com. &nbsp; Siga nossas redes [...]","_links":{"self":[{"href":"https:\/\/blog.ufes.br\/intercomsudeste\/wp-json\/wp\/v2\/pages\/114","targetHints":{"allow":["GET"]}}],"collection":[{"href":"https:\/\/blog.ufes.br\/intercomsudeste\/wp-json\/wp\/v2\/pages"}],"about":[{"href":"https:\/\/blog.ufes.br\/intercomsudeste\/wp-json\/wp\/v2\/types\/page"}],"author":[{"embeddable":true,"href":"https:\/\/blog.ufes.br\/intercomsudeste\/wp-json\/wp\/v2\/users\/349"}],"replies":[{"embeddable":true,"href":"https:\/\/blog.ufes.br\/intercomsudeste\/wp-json\/wp\/v2\/comments?post=114"}],"version-history":[{"count":6,"href":"https:\/\/blog.ufes.br\/intercomsudeste\/wp-json\/wp\/v2\/pages\/114\/revisions"}],"predecessor-version":[{"id":185,"href":"https:\/\/blog.ufes.br\/intercomsudeste\/wp-json\/wp\/v2\/pages\/114\/revisions\/185"}],"wp:attachment":[{"href":"https:\/\/blog.ufes.br\/intercomsudeste\/wp-json\/wp\/v2\/media?parent=114"}],"curies":[{"name":"wp","href":"https:\/\/api.w.org\/{rel}","templated":true}]}}