{"id":2,"date":"2018-11-08T10:40:28","date_gmt":"2018-11-08T12:40:28","guid":{"rendered":"http:\/\/blog.ufes.br\/intercomsudeste\/?page_id=2"},"modified":"2018-12-19T11:22:12","modified_gmt":"2018-12-19T13:22:12","slug":"ocongresso","status":"publish","type":"page","link":"https:\/\/blog.ufes.br\/intercomsudeste\/ocongresso\/","title":{"rendered":"O Congresso"},"content":{"rendered":"<p><img loading=\"lazy\" decoding=\"async\" class=\"alignnone size-full wp-image-127\" src=\"http:\/\/blog.ufes.br\/intercomsudeste\/files\/2018\/12\/intercom-horizontal-01.jpg\" alt=\"\" width=\"1250\" height=\"417\" \/>O XXIV Congresso de Ci\u00eancias da Comunica\u00e7\u00e3o da Regi\u00e3o Sudeste objetiva reunir pesquisadores, profissionais e estudantes de Comunica\u00e7\u00e3o Social da regi\u00e3o Sudeste. Em 2019, a Universidade Federal do Esp\u00edrito Santo (Ufes), localizada em Vit\u00f3ria, capital capixaba, \u00e9 a sede do Intercom Sudeste, que ser\u00e1 realizado entre os dias 3 e 5 de junho.<\/p>\n<p>Cerca de 2 mil pessoas s\u00e3o esperadas nos tr\u00eas dias de evento, que contar\u00e1 com\u00a0 palestras com profissionais renomados da \u00e1rea, oficinas, mesas-redondas e exposi\u00e7\u00f5es de produtos comunicacionais.<\/p>\n<p>A organiza\u00e7\u00e3o ficar\u00e1 a cargo da Intercom, do Departamento de Comunica\u00e7\u00e3o (Depcom) e do Programa de P\u00f3s-Gradua\u00e7\u00e3o em Comunica\u00e7\u00e3o e Territorialidades (P\u00f3scom).<\/p>\n","protected":false},"excerpt":{"rendered":"<div class=\"mh-excerpt\"><p>O XXIV Congresso de Ci\u00eancias da Comunica\u00e7\u00e3o da Regi\u00e3o Sudeste objetiva reunir pesquisadores, profissionais e estudantes de Comunica\u00e7\u00e3o Social da regi\u00e3o Sudeste. Em 2019, a <a class=\"mh-excerpt-more\" href=\"https:\/\/blog.ufes.br\/intercomsudeste\/ocongresso\/\" title=\"O Congresso\">[&#8230;]<\/a><\/p>\n<\/div>","protected":false},"author":349,"featured_media":0,"parent":0,"menu_order":0,"comment_status":"closed","ping_status":"open","template":"","meta":{"_bbp_topic_count":0,"_bbp_reply_count":0,"_bbp_total_topic_count":0,"_bbp_total_reply_count":0,"_bbp_voice_count":0,"_bbp_anonymous_reply_count":0,"_bbp_topic_count_hidden":0,"_bbp_reply_count_hidden":0,"_bbp_forum_subforum_count":0,"_uag_custom_page_level_css":"","footnotes":""},"class_list":["post-2","page","type-page","status-publish","hentry"],"uagb_featured_image_src":{"full":false,"thumbnail":false,"medium":false,"medium_large":false,"large":false,"1536x1536":false,"2048x2048":false,"mh-magazine-lite-slider":false,"mh-magazine-lite-content":false,"mh-magazine-lite-large":false,"mh-magazine-lite-medium":false,"mh-magazine-lite-small":false},"uagb_author_info":{"display_name":"Intercom Sudeste 2019","author_link":"https:\/\/blog.ufes.br\/intercomsudeste\/author\/ana-v-souza\/"},"uagb_comment_info":0,"uagb_excerpt":"O XXIV Congresso de Ci\u00eancias da Comunica\u00e7\u00e3o da Regi\u00e3o Sudeste objetiva reunir pesquisadores, profissionais e estudantes de Comunica\u00e7\u00e3o Social da regi\u00e3o Sudeste. Em 2019, a [...]","_links":{"self":[{"href":"https:\/\/blog.ufes.br\/intercomsudeste\/wp-json\/wp\/v2\/pages\/2","targetHints":{"allow":["GET"]}}],"collection":[{"href":"https:\/\/blog.ufes.br\/intercomsudeste\/wp-json\/wp\/v2\/pages"}],"about":[{"href":"https:\/\/blog.ufes.br\/intercomsudeste\/wp-json\/wp\/v2\/types\/page"}],"author":[{"embeddable":true,"href":"https:\/\/blog.ufes.br\/intercomsudeste\/wp-json\/wp\/v2\/users\/349"}],"replies":[{"embeddable":true,"href":"https:\/\/blog.ufes.br\/intercomsudeste\/wp-json\/wp\/v2\/comments?post=2"}],"version-history":[{"count":14,"href":"https:\/\/blog.ufes.br\/intercomsudeste\/wp-json\/wp\/v2\/pages\/2\/revisions"}],"predecessor-version":[{"id":154,"href":"https:\/\/blog.ufes.br\/intercomsudeste\/wp-json\/wp\/v2\/pages\/2\/revisions\/154"}],"wp:attachment":[{"href":"https:\/\/blog.ufes.br\/intercomsudeste\/wp-json\/wp\/v2\/media?parent=2"}],"curies":[{"name":"wp","href":"https:\/\/api.w.org\/{rel}","templated":true}]}}