{"id":311,"date":"2019-05-13T16:03:13","date_gmt":"2019-05-13T19:03:13","guid":{"rendered":"http:\/\/blog.ufes.br\/intercomsudeste\/?page_id=311"},"modified":"2019-05-17T16:34:23","modified_gmt":"2019-05-17T19:34:23","slug":"publicom","status":"publish","type":"page","link":"https:\/\/blog.ufes.br\/intercomsudeste\/publicom\/","title":{"rendered":"Publicom"},"content":{"rendered":"\n<h4 class=\"wp-block-heading\">04\/06, das 11h \u00e0s 12h30<\/h4>\n\n\n\n<p><strong>Intera\u00e7\u00f5es digitais e o consumo do livro<br><\/strong><em>Alessandra de Castro Barros Marassi<br><\/em><br><strong>O neg\u00f3cio da m\u00eddia no interior<br><\/strong><em>Jacqueline Deolindo<br><\/em><br><strong>A Mulher-Maravilha \u00e9 feminista!<br><\/strong><em>Julia Barreto<br><\/em><br><strong>Realidade Perturbada: corpos, esp\u00edritos, fam\u00edlia e vigil\u00e2ncia no cinema de horror<br><\/strong><em>Klaus\u2019Berg Nippes Bragan\u00e7a<br><\/em><br><strong>O jogo dos filmes: notas sobre o l\u00fadico no cinema<br><\/strong><em>Bernadette Lyra<br><\/em><br><strong>Madrep\u00e9rolas<br><\/strong><em>La\u00eds Santana<br><\/em><br><strong>Faixa preta em publicidade e propaganda: conceitos, contextos e ferramentas em 63 li\u00e7\u00f5es<br><\/strong><em>Cl\u00e1udio Rabelo<br><\/em><br><strong>Lar de n\u00f3s: vidas entrela\u00e7adas<br><\/strong><em>Ra\u00edra Salom\u00e9a Nascimento<br><\/em><br><strong>Em busca da credibilidade perdida: a rede de investiga\u00e7\u00e3o jornal\u00edstica na era das fake news  <br><\/strong><em>Kassia Nobre dos Santos<br><\/em><br><strong>Desaquendando a Hist\u00f3ria Drag: no Mundo, no Brasil e no Esp\u00edrito Santo<br><\/strong><em>Lucas Bragan\u00e7a<br><\/em><br><strong>Oteke Vimba: luta e resist\u00eancia de dois quilombos paulistas<br><\/strong><em>Caroline Nunes e Wagner Silva<br><\/em><br><strong>Comunica\u00e7\u00e3o e Territorialidades: poder e cultura, redes e m\u00eddias<br><\/strong><em>Daniela Zanetti e Ruth Reis (Orgs.)<br><\/em><br><strong>Criatividade: o que inspira as suas ideias?<br><\/strong><em>Victor Mazzei<br><\/em><br><strong>Enfim, jornalista<br><\/strong><em>Diana Damasceno e Lu\u00eds Carlos Bittencourt (Orgs.)<br><\/em><br><strong>Todas as cores<br><\/strong><em>Caroline Giantomaso<br><\/em><br><strong>Mem\u00f3rias da Imprensa Capixaba<br><\/strong><em>Victor Gentilli (coordenador) <br>Alba L\u00edvia Talon Bozi, Fernanda Portela, Renata Lopes Nascimento e Yasmine Hofman <\/em><br><br><strong>Meu corpo merece respeito: hist\u00f3rias de vida com a anorexia e a bulimia<br><\/strong><em>Milena Peres<br><\/em><br><strong>Curadoria, cinema e outros modos de dar a ver<br><\/strong><em>Gabriel Menotti (Org.)<\/em><br><\/p>\n\n\n\n<p><br><br><\/p>\n\n\n\n<p><br><br><\/p>\n\n\n\n<p><\/p>\n","protected":false},"excerpt":{"rendered":"<div class=\"mh-excerpt\"><p>04\/06, das 11h \u00e0s 12h30 Intera\u00e7\u00f5es digitais e o consumo do livroAlessandra de Castro Barros MarassiO neg\u00f3cio da m\u00eddia no interiorJacqueline DeolindoA Mulher-Maravilha \u00e9 feminista!Julia <a class=\"mh-excerpt-more\" href=\"https:\/\/blog.ufes.br\/intercomsudeste\/publicom\/\" title=\"Publicom\">[&#8230;]<\/a><\/p>\n<\/div>","protected":false},"author":349,"featured_media":0,"parent":0,"menu_order":0,"comment_status":"closed","ping_status":"closed","template":"","meta":{"_bbp_topic_count":0,"_bbp_reply_count":0,"_bbp_total_topic_count":0,"_bbp_total_reply_count":0,"_bbp_voice_count":0,"_bbp_anonymous_reply_count":0,"_bbp_topic_count_hidden":0,"_bbp_reply_count_hidden":0,"_bbp_forum_subforum_count":0,"_uag_custom_page_level_css":"","footnotes":""},"class_list":["post-311","page","type-page","status-publish","hentry"],"uagb_featured_image_src":{"full":false,"thumbnail":false,"medium":false,"medium_large":false,"large":false,"1536x1536":false,"2048x2048":false,"mh-magazine-lite-slider":false,"mh-magazine-lite-content":false,"mh-magazine-lite-large":false,"mh-magazine-lite-medium":false,"mh-magazine-lite-small":false},"uagb_author_info":{"display_name":"Intercom Sudeste 2019","author_link":"https:\/\/blog.ufes.br\/intercomsudeste\/author\/ana-v-souza\/"},"uagb_comment_info":0,"uagb_excerpt":"04\/06, das 11h \u00e0s 12h30 Intera\u00e7\u00f5es digitais e o consumo do livroAlessandra de Castro Barros MarassiO neg\u00f3cio da m\u00eddia no interiorJacqueline DeolindoA Mulher-Maravilha \u00e9 feminista!Julia [...]","_links":{"self":[{"href":"https:\/\/blog.ufes.br\/intercomsudeste\/wp-json\/wp\/v2\/pages\/311","targetHints":{"allow":["GET"]}}],"collection":[{"href":"https:\/\/blog.ufes.br\/intercomsudeste\/wp-json\/wp\/v2\/pages"}],"about":[{"href":"https:\/\/blog.ufes.br\/intercomsudeste\/wp-json\/wp\/v2\/types\/page"}],"author":[{"embeddable":true,"href":"https:\/\/blog.ufes.br\/intercomsudeste\/wp-json\/wp\/v2\/users\/349"}],"replies":[{"embeddable":true,"href":"https:\/\/blog.ufes.br\/intercomsudeste\/wp-json\/wp\/v2\/comments?post=311"}],"version-history":[{"count":5,"href":"https:\/\/blog.ufes.br\/intercomsudeste\/wp-json\/wp\/v2\/pages\/311\/revisions"}],"predecessor-version":[{"id":357,"href":"https:\/\/blog.ufes.br\/intercomsudeste\/wp-json\/wp\/v2\/pages\/311\/revisions\/357"}],"wp:attachment":[{"href":"https:\/\/blog.ufes.br\/intercomsudeste\/wp-json\/wp\/v2\/media?parent=311"}],"curies":[{"name":"wp","href":"https:\/\/api.w.org\/{rel}","templated":true}]}}