{"id":34,"date":"2018-11-13T16:30:44","date_gmt":"2018-11-13T18:30:44","guid":{"rendered":"http:\/\/blog.ufes.br\/intercomsudeste\/?page_id=34"},"modified":"2019-04-04T18:09:16","modified_gmt":"2019-04-04T21:09:16","slug":"a-cidade","status":"publish","type":"page","link":"https:\/\/blog.ufes.br\/intercomsudeste\/a-cidade\/","title":{"rendered":"Dicas"},"content":{"rendered":"<p>Preparamos algumas dicas para voc\u00ea aproveitar o congresso e curtir a cidade. Confira!<\/p>\n<h2>A cidade<\/h2>\n<p><img loading=\"lazy\" decoding=\"async\" class=\"alignnone size-full wp-image-59\" src=\"http:\/\/blog.ufes.br\/intercomsudeste\/files\/2018\/11\/MDA1607270001.jpg\" alt=\"\" width=\"1500\" height=\"432\" \/>O Intercom Sudeste 2019 ser\u00e1 realizado em Vit\u00f3ria, capital do Esp\u00edrito Santo. Vit\u00f3ria \u00e9 formada por um arquip\u00e9lago composto por 33 ilhas e por uma por\u00e7\u00e3o continental, totalizando 93,38 quil\u00f4metros quadrados. Segundo a estimativa de popula\u00e7\u00e3o do IBGE (2015) tem 355.875 habitantes.<\/p>\n<p>Circundado pela Ba\u00eda de Vit\u00f3ria e pelo estu\u00e1rio formado pelos rios Santa Maria, Marinho, Bubu e Aribiri, o munic\u00edpio apresenta ilhas, encostas, enseadas, mangues e praias, elementos de grande recurso paisag\u00edstico.<\/p>\n<p>A cidade \u00e9 singular por suas belezas naturais, seus grupos culturais tradicionais, seu crescimento not\u00e1vel, sendo um destino tur\u00edstico em ascens\u00e3o. A cidade possui um espa\u00e7o territorial prop\u00edcio para eventos e neg\u00f3cios, destacando-se a realiza\u00e7\u00e3o de esportes n\u00e1uticos.<\/p>\n<p><em>Com informa\u00e7\u00f5es da Prefeitura de Vit\u00f3ria<\/em><\/p>\n<h2>Ag\u00eancia de Turismo Oficial do Intercom Sudeste<\/h2>\n<div>\n<p><strong>Fomatur Turismo Receptivo<\/strong> &#8211; <strong><a href=\"http:\/\/www.fomaturismo.com.br\" target=\"_blank\" rel=\"noopener noreferrer\">www.fomaturismo.com.br<\/a><\/strong><\/p>\n<p>Telefones: (27) 3029 &#8211; 0233 | Cel\/whatsapp: (27) 99935-3155 | E-mail: fomatur@fomatur.com.br<\/p>\n<p>A empresa Fomatur cuidar\u00e1 das informa\u00e7\u00f5es e solu\u00e7\u00f5es necess\u00e1rias \u00e0 hospedagem dos participantes e acompanhantes, sem nenhum custo adicional.<\/p>\n<p><a href=\"http:\/\/www.etereaefomatur.com.br\/evento\/intercomsudeste2019\" target=\"_blank\" rel=\"noopener noreferrer\"><strong>Acesse aqui<\/strong><\/a> as informa\u00e7\u00f5es sobre os pacotes de hospedagem e passeios dispon\u00edveis.<\/p>\n<\/div>\n","protected":false},"excerpt":{"rendered":"<div class=\"mh-excerpt\"><p>Preparamos algumas dicas para voc\u00ea aproveitar o congresso e curtir a cidade. Confira! A cidade O Intercom Sudeste 2019 ser\u00e1 realizado em Vit\u00f3ria, capital do <a class=\"mh-excerpt-more\" href=\"https:\/\/blog.ufes.br\/intercomsudeste\/a-cidade\/\" title=\"Dicas\">[&#8230;]<\/a><\/p>\n<\/div>","protected":false},"author":349,"featured_media":0,"parent":0,"menu_order":0,"comment_status":"closed","ping_status":"closed","template":"","meta":{"_bbp_topic_count":0,"_bbp_reply_count":0,"_bbp_total_topic_count":0,"_bbp_total_reply_count":0,"_bbp_voice_count":0,"_bbp_anonymous_reply_count":0,"_bbp_topic_count_hidden":0,"_bbp_reply_count_hidden":0,"_bbp_forum_subforum_count":0,"_uag_custom_page_level_css":"","footnotes":""},"class_list":["post-34","page","type-page","status-publish","hentry"],"uagb_featured_image_src":{"full":false,"thumbnail":false,"medium":false,"medium_large":false,"large":false,"1536x1536":false,"2048x2048":false,"mh-magazine-lite-slider":false,"mh-magazine-lite-content":false,"mh-magazine-lite-large":false,"mh-magazine-lite-medium":false,"mh-magazine-lite-small":false},"uagb_author_info":{"display_name":"Intercom Sudeste 2019","author_link":"https:\/\/blog.ufes.br\/intercomsudeste\/author\/ana-v-souza\/"},"uagb_comment_info":0,"uagb_excerpt":"Preparamos algumas dicas para voc\u00ea aproveitar o congresso e curtir a cidade. Confira! A cidade O Intercom Sudeste 2019 ser\u00e1 realizado em Vit\u00f3ria, capital do [...]","_links":{"self":[{"href":"https:\/\/blog.ufes.br\/intercomsudeste\/wp-json\/wp\/v2\/pages\/34","targetHints":{"allow":["GET"]}}],"collection":[{"href":"https:\/\/blog.ufes.br\/intercomsudeste\/wp-json\/wp\/v2\/pages"}],"about":[{"href":"https:\/\/blog.ufes.br\/intercomsudeste\/wp-json\/wp\/v2\/types\/page"}],"author":[{"embeddable":true,"href":"https:\/\/blog.ufes.br\/intercomsudeste\/wp-json\/wp\/v2\/users\/349"}],"replies":[{"embeddable":true,"href":"https:\/\/blog.ufes.br\/intercomsudeste\/wp-json\/wp\/v2\/comments?post=34"}],"version-history":[{"count":28,"href":"https:\/\/blog.ufes.br\/intercomsudeste\/wp-json\/wp\/v2\/pages\/34\/revisions"}],"predecessor-version":[{"id":254,"href":"https:\/\/blog.ufes.br\/intercomsudeste\/wp-json\/wp\/v2\/pages\/34\/revisions\/254"}],"wp:attachment":[{"href":"https:\/\/blog.ufes.br\/intercomsudeste\/wp-json\/wp\/v2\/media?parent=34"}],"curies":[{"name":"wp","href":"https:\/\/api.w.org\/{rel}","templated":true}]}}