{"id":370,"date":"2019-05-24T16:13:25","date_gmt":"2019-05-24T19:13:25","guid":{"rendered":"http:\/\/blog.ufes.br\/intercomsudeste\/?page_id=370"},"modified":"2019-05-24T16:13:26","modified_gmt":"2019-05-24T19:13:26","slug":"mapa-da-ufes","status":"publish","type":"page","link":"https:\/\/blog.ufes.br\/intercomsudeste\/mapa-da-ufes\/","title":{"rendered":"Mapa da Ufes"},"content":{"rendered":"\n<figure class=\"wp-block-image\"><img loading=\"lazy\" decoding=\"async\" width=\"1244\" height=\"1450\" src=\"https:\/\/blog.ufes.br\/intercomsudeste\/files\/2019\/05\/mapa-intercom-01-1.jpg\" alt=\"\" class=\"wp-image-372\" \/><\/figure>\n\n\n\n<p>O&nbsp;Laborat\u00f3rio de Projetos em Design (ProDesignUfes), Programa de Extens\u00e3o da Ufes, criou um mapa dos campi universit\u00e1rios para ajudar o p\u00fablico a se situar nas depend\u00eancias da Universidade.<\/p>\n\n\n\n<p>Na imagem, destacamos os locais do campus de Goiabeiras que abrigar\u00e3o os eventos do Intercom Sudeste 2019.<\/p>\n\n\n\n<p>Para conhecer mais sobre a Ufes, acesse o mapa completo em:&nbsp;<a href=\"http:\/\/mapa.ufes.br\/\" target=\"_blank\" rel=\"noreferrer noopener\">mapa.ufes.br<\/a>.<\/p>\n\n\n\n<p><strong>ProDesignUfes<\/strong><\/p>\n\n\n\n<p>O ProDesignUfes \u00e9 um Programa de Extens\u00e3o criado no final de 2013 pelos professores Ricardo Esteves, Mauro Pinheiro, Heliana Pacheco, Priscilla Garone do Departamento de Desenho Industrial (DDI) do Centro de Artes da Ufes. Iniciado a partir da necessidade de reformular a sinaliza\u00e7\u00e3o dos campi da Universidade, o ProDesign atualmente desenvolve o projeto de extens\u00e3o Sistema de Sinaliza\u00e7\u00e3o para a Ufes, al\u00e9m de projetos de&nbsp;identidade visual e outros com foco em&nbsp;design da informa\u00e7\u00e3o, com a participa\u00e7\u00e3o de bolsistas e volunt\u00e1rios.Para saber mais sobre o Programa, acesse:&nbsp;<a href=\"http:\/\/prodesignufes.org\/\" target=\"_blank\" rel=\"noreferrer noopener\">http:\/\/prodesignufes.org\/<\/a>&nbsp;.&nbsp;&nbsp;<br><\/p>\n","protected":false},"excerpt":{"rendered":"<div class=\"mh-excerpt\"><p>O&nbsp;Laborat\u00f3rio de Projetos em Design (ProDesignUfes), Programa de Extens\u00e3o da Ufes, criou um mapa dos campi universit\u00e1rios para ajudar o p\u00fablico a se situar nas <a class=\"mh-excerpt-more\" href=\"https:\/\/blog.ufes.br\/intercomsudeste\/mapa-da-ufes\/\" title=\"Mapa da Ufes\">[&#8230;]<\/a><\/p>\n<\/div>","protected":false},"author":349,"featured_media":0,"parent":0,"menu_order":0,"comment_status":"closed","ping_status":"closed","template":"","meta":{"_bbp_topic_count":0,"_bbp_reply_count":0,"_bbp_total_topic_count":0,"_bbp_total_reply_count":0,"_bbp_voice_count":0,"_bbp_anonymous_reply_count":0,"_bbp_topic_count_hidden":0,"_bbp_reply_count_hidden":0,"_bbp_forum_subforum_count":0,"_uag_custom_page_level_css":"","footnotes":""},"class_list":["post-370","page","type-page","status-publish","hentry"],"uagb_featured_image_src":{"full":false,"thumbnail":false,"medium":false,"medium_large":false,"large":false,"1536x1536":false,"2048x2048":false,"mh-magazine-lite-slider":false,"mh-magazine-lite-content":false,"mh-magazine-lite-large":false,"mh-magazine-lite-medium":false,"mh-magazine-lite-small":false},"uagb_author_info":{"display_name":"Intercom Sudeste 2019","author_link":"https:\/\/blog.ufes.br\/intercomsudeste\/author\/ana-v-souza\/"},"uagb_comment_info":0,"uagb_excerpt":"O&nbsp;Laborat\u00f3rio de Projetos em Design (ProDesignUfes), Programa de Extens\u00e3o da Ufes, criou um mapa dos campi universit\u00e1rios para ajudar o p\u00fablico a se situar nas [...]","_links":{"self":[{"href":"https:\/\/blog.ufes.br\/intercomsudeste\/wp-json\/wp\/v2\/pages\/370","targetHints":{"allow":["GET"]}}],"collection":[{"href":"https:\/\/blog.ufes.br\/intercomsudeste\/wp-json\/wp\/v2\/pages"}],"about":[{"href":"https:\/\/blog.ufes.br\/intercomsudeste\/wp-json\/wp\/v2\/types\/page"}],"author":[{"embeddable":true,"href":"https:\/\/blog.ufes.br\/intercomsudeste\/wp-json\/wp\/v2\/users\/349"}],"replies":[{"embeddable":true,"href":"https:\/\/blog.ufes.br\/intercomsudeste\/wp-json\/wp\/v2\/comments?post=370"}],"version-history":[{"count":2,"href":"https:\/\/blog.ufes.br\/intercomsudeste\/wp-json\/wp\/v2\/pages\/370\/revisions"}],"predecessor-version":[{"id":374,"href":"https:\/\/blog.ufes.br\/intercomsudeste\/wp-json\/wp\/v2\/pages\/370\/revisions\/374"}],"wp:attachment":[{"href":"https:\/\/blog.ufes.br\/intercomsudeste\/wp-json\/wp\/v2\/media?parent=370"}],"curies":[{"name":"wp","href":"https:\/\/api.w.org\/{rel}","templated":true}]}}