{"id":52,"date":"2018-11-13T17:00:18","date_gmt":"2018-11-13T19:00:18","guid":{"rendered":"http:\/\/blog.ufes.br\/intercomsudeste\/?page_id=52"},"modified":"2019-05-24T15:22:29","modified_gmt":"2019-05-24T18:22:29","slug":"programacao","status":"publish","type":"page","link":"https:\/\/blog.ufes.br\/intercomsudeste\/programacao\/","title":{"rendered":"Programa\u00e7\u00e3o"},"content":{"rendered":"<p><img loading=\"lazy\" decoding=\"async\" class=\"aligncenter size-full wp-image-368\" src=\"http:\/\/blog.ufes.br\/intercomsudeste\/files\/2019\/05\/programacao-geral-site.jpg\" alt=\"\" width=\"3063\" height=\"2468\" \/><\/p>\n<p>Confira tamb\u00e9m a programa\u00e7\u00e3o espec\u00edfica com os locais, datas e hor\u00e1rios:<\/p>\n<p><a href=\"https:\/\/blog.ufes.br\/intercomsudeste\/divisoes-tematicas\/\">Divis\u00f5es Tem\u00e1ticas<\/a><br \/><a href=\"https:\/\/blog.ufes.br\/intercomsudeste\/intercom-jr\/\">Intercom Jr.<\/a><br \/><a href=\"https:\/\/blog.ufes.br\/intercomsudeste\/expocom\/\">Expocom<\/a><br \/><a href=\"https:\/\/blog.ufes.br\/intercomsudeste\/oficinas\/\">Oficinas<\/a><br \/><a href=\"https:\/\/blog.ufes.br\/intercomsudeste\/publicom\/\">Publicom<\/a><\/p>\n\n\n<p><\/p>\n","protected":false},"excerpt":{"rendered":"<div class=\"mh-excerpt\"><p>Confira tamb\u00e9m a programa\u00e7\u00e3o espec\u00edfica com os locais, datas e hor\u00e1rios: Divis\u00f5es Tem\u00e1ticasIntercom Jr.ExpocomOficinasPublicom<\/p>\n<\/div>","protected":false},"author":349,"featured_media":291,"parent":0,"menu_order":0,"comment_status":"closed","ping_status":"closed","template":"","meta":{"_bbp_topic_count":0,"_bbp_reply_count":0,"_bbp_total_topic_count":0,"_bbp_total_reply_count":0,"_bbp_voice_count":0,"_bbp_anonymous_reply_count":0,"_bbp_topic_count_hidden":0,"_bbp_reply_count_hidden":0,"_bbp_forum_subforum_count":0,"_uag_custom_page_level_css":"","footnotes":""},"class_list":["post-52","page","type-page","status-publish","has-post-thumbnail","hentry"],"uagb_featured_image_src":{"full":["https:\/\/blog.ufes.br\/intercomsudeste\/files\/2019\/05\/programa\u00e7\u00e3o-site-01-2.jpg",2480,3508,false],"thumbnail":["https:\/\/blog.ufes.br\/intercomsudeste\/files\/2019\/05\/programa\u00e7\u00e3o-site-01-2.jpg",106,150,false],"medium":["https:\/\/blog.ufes.br\/intercomsudeste\/files\/2019\/05\/programa\u00e7\u00e3o-site-01-2.jpg",212,300,false],"medium_large":["https:\/\/blog.ufes.br\/intercomsudeste\/files\/2019\/05\/programa\u00e7\u00e3o-site-01-2.jpg",768,1086,false],"large":["https:\/\/blog.ufes.br\/intercomsudeste\/files\/2019\/05\/programa\u00e7\u00e3o-site-01-2.jpg",724,1024,false],"1536x1536":["https:\/\/blog.ufes.br\/intercomsudeste\/files\/2019\/05\/programa\u00e7\u00e3o-site-01-2.jpg",1086,1536,false],"2048x2048":["https:\/\/blog.ufes.br\/intercomsudeste\/files\/2019\/05\/programa\u00e7\u00e3o-site-01-2.jpg",1448,2048,false],"mh-magazine-lite-slider":["https:\/\/blog.ufes.br\/intercomsudeste\/files\/2019\/05\/programa\u00e7\u00e3o-site-01-2.jpg",310,438,false],"mh-magazine-lite-content":["https:\/\/blog.ufes.br\/intercomsudeste\/files\/2019\/05\/programa\u00e7\u00e3o-site-01-2.jpg",269,381,false],"mh-magazine-lite-large":["https:\/\/blog.ufes.br\/intercomsudeste\/files\/2019\/05\/programa\u00e7\u00e3o-site-01-2.jpg",360,509,false],"mh-magazine-lite-medium":["https:\/\/blog.ufes.br\/intercomsudeste\/files\/2019\/05\/programa\u00e7\u00e3o-site-01-2.jpg",173,245,false],"mh-magazine-lite-small":["https:\/\/blog.ufes.br\/intercomsudeste\/files\/2019\/05\/programa\u00e7\u00e3o-site-01-2.jpg",42,60,false]},"uagb_author_info":{"display_name":"Intercom Sudeste 2019","author_link":"https:\/\/blog.ufes.br\/intercomsudeste\/author\/ana-v-souza\/"},"uagb_comment_info":0,"uagb_excerpt":"Confira tamb\u00e9m a programa\u00e7\u00e3o espec\u00edfica com os locais, datas e hor\u00e1rios: Divis\u00f5es Tem\u00e1ticasIntercom Jr.ExpocomOficinasPublicom","_links":{"self":[{"href":"https:\/\/blog.ufes.br\/intercomsudeste\/wp-json\/wp\/v2\/pages\/52","targetHints":{"allow":["GET"]}}],"collection":[{"href":"https:\/\/blog.ufes.br\/intercomsudeste\/wp-json\/wp\/v2\/pages"}],"about":[{"href":"https:\/\/blog.ufes.br\/intercomsudeste\/wp-json\/wp\/v2\/types\/page"}],"author":[{"embeddable":true,"href":"https:\/\/blog.ufes.br\/intercomsudeste\/wp-json\/wp\/v2\/users\/349"}],"replies":[{"embeddable":true,"href":"https:\/\/blog.ufes.br\/intercomsudeste\/wp-json\/wp\/v2\/comments?post=52"}],"version-history":[{"count":15,"href":"https:\/\/blog.ufes.br\/intercomsudeste\/wp-json\/wp\/v2\/pages\/52\/revisions"}],"predecessor-version":[{"id":369,"href":"https:\/\/blog.ufes.br\/intercomsudeste\/wp-json\/wp\/v2\/pages\/52\/revisions\/369"}],"wp:featuredmedia":[{"embeddable":true,"href":"https:\/\/blog.ufes.br\/intercomsudeste\/wp-json\/wp\/v2\/media\/291"}],"wp:attachment":[{"href":"https:\/\/blog.ufes.br\/intercomsudeste\/wp-json\/wp\/v2\/media?parent=52"}],"curies":[{"name":"wp","href":"https:\/\/api.w.org\/{rel}","templated":true}]}}