{"id":65,"date":"2018-11-19T21:09:12","date_gmt":"2018-11-19T23:09:12","guid":{"rendered":"http:\/\/blog.ufes.br\/intercomsudeste\/?page_id=65"},"modified":"2019-03-25T20:57:34","modified_gmt":"2019-03-25T23:57:34","slug":"inscricoes","status":"publish","type":"page","link":"https:\/\/blog.ufes.br\/intercomsudeste\/inscricoes\/","title":{"rendered":"Inscri\u00e7\u00f5es"},"content":{"rendered":"<p>As inscri\u00e7\u00f5es e as submiss\u00f5es de trabalhos para o Intercom Sudeste 2019 ser\u00e3o realizadas por meio do Portal da Intercom (<a href=\"http:\/\/www.portalintercom.org.br\/\">www.intercom.org.br)<\/a>, de acordo com o seguinte calend\u00e1rio:<\/p>\n<p>01\/03\/2019 \u2013 In\u00edcio das submiss\u00f5es e inscri\u00e7\u00f5es<br \/>\n17\/04\/2019 \u2013 Encerramento das submiss\u00f5es<br \/>\n03\/05\/2019 \u2013 Prazo final para divulga\u00e7\u00e3o dos aceites<br \/>\n14\/05\/2019 \u2013 Encerramento das inscri\u00e7\u00f5es<\/p>\n","protected":false},"excerpt":{"rendered":"<div class=\"mh-excerpt\"><p>As inscri\u00e7\u00f5es e as submiss\u00f5es de trabalhos para o Intercom Sudeste 2019 ser\u00e3o realizadas por meio do Portal da Intercom (www.intercom.org.br), de acordo com o <a class=\"mh-excerpt-more\" href=\"https:\/\/blog.ufes.br\/intercomsudeste\/inscricoes\/\" title=\"Inscri\u00e7\u00f5es\">[&#8230;]<\/a><\/p>\n<\/div>","protected":false},"author":349,"featured_media":0,"parent":0,"menu_order":0,"comment_status":"closed","ping_status":"closed","template":"","meta":{"_bbp_topic_count":0,"_bbp_reply_count":0,"_bbp_total_topic_count":0,"_bbp_total_reply_count":0,"_bbp_voice_count":0,"_bbp_anonymous_reply_count":0,"_bbp_topic_count_hidden":0,"_bbp_reply_count_hidden":0,"_bbp_forum_subforum_count":0,"_uag_custom_page_level_css":"","footnotes":""},"class_list":["post-65","page","type-page","status-publish","hentry"],"uagb_featured_image_src":{"full":false,"thumbnail":false,"medium":false,"medium_large":false,"large":false,"1536x1536":false,"2048x2048":false,"mh-magazine-lite-slider":false,"mh-magazine-lite-content":false,"mh-magazine-lite-large":false,"mh-magazine-lite-medium":false,"mh-magazine-lite-small":false},"uagb_author_info":{"display_name":"Intercom Sudeste 2019","author_link":"https:\/\/blog.ufes.br\/intercomsudeste\/author\/ana-v-souza\/"},"uagb_comment_info":0,"uagb_excerpt":"As inscri\u00e7\u00f5es e as submiss\u00f5es de trabalhos para o Intercom Sudeste 2019 ser\u00e3o realizadas por meio do Portal da Intercom (www.intercom.org.br), de acordo com o [...]","_links":{"self":[{"href":"https:\/\/blog.ufes.br\/intercomsudeste\/wp-json\/wp\/v2\/pages\/65","targetHints":{"allow":["GET"]}}],"collection":[{"href":"https:\/\/blog.ufes.br\/intercomsudeste\/wp-json\/wp\/v2\/pages"}],"about":[{"href":"https:\/\/blog.ufes.br\/intercomsudeste\/wp-json\/wp\/v2\/types\/page"}],"author":[{"embeddable":true,"href":"https:\/\/blog.ufes.br\/intercomsudeste\/wp-json\/wp\/v2\/users\/349"}],"replies":[{"embeddable":true,"href":"https:\/\/blog.ufes.br\/intercomsudeste\/wp-json\/wp\/v2\/comments?post=65"}],"version-history":[{"count":6,"href":"https:\/\/blog.ufes.br\/intercomsudeste\/wp-json\/wp\/v2\/pages\/65\/revisions"}],"predecessor-version":[{"id":224,"href":"https:\/\/blog.ufes.br\/intercomsudeste\/wp-json\/wp\/v2\/pages\/65\/revisions\/224"}],"wp:attachment":[{"href":"https:\/\/blog.ufes.br\/intercomsudeste\/wp-json\/wp\/v2\/media?parent=65"}],"curies":[{"name":"wp","href":"https:\/\/api.w.org\/{rel}","templated":true}]}}