{"id":77,"date":"2018-11-19T21:16:10","date_gmt":"2018-11-19T23:16:10","guid":{"rendered":"http:\/\/blog.ufes.br\/intercomsudeste\/?page_id=77"},"modified":"2018-12-06T11:42:17","modified_gmt":"2018-12-06T13:42:17","slug":"a-ufes","status":"publish","type":"page","link":"https:\/\/blog.ufes.br\/intercomsudeste\/a-ufes\/","title":{"rendered":"A Ufes"},"content":{"rendered":"<p><img loading=\"lazy\" decoding=\"async\" class=\"alignnone size-full wp-image-58\" src=\"http:\/\/blog.ufes.br\/intercomsudeste\/files\/2018\/11\/MDA1605310004.jpg\" alt=\"\" width=\"1500\" height=\"432\" \/>Fundada em 5 de maio de 1954, a Ufes possui quatro campi universit\u00e1rios \u2013 Goiabeiras e Maru\u00edpe, em Vit\u00f3ria; e nos munic\u00edpios de Alegre, no sul do Estado; e S\u00e3o Mateus, no norte capixaba.<\/p>\n<p>A Ufes oferece 103 cursos presenciais de gradua\u00e7\u00e3o e, na p\u00f3s-gradua\u00e7\u00e3o, possui 47 cursos de mestrado acad\u00eamico, nove de mestrado profissional e 26 de doutorado. Possui um quadro de 1.780 professores efetivos, 2.016 t\u00e9cnicos-administrativos, 19.997 estudantes matriculados na gradua\u00e7\u00e3o\u00a0presencial<strong>\u00a0<\/strong>e 3.174 na p\u00f3s-gradua\u00e7\u00e3o. A sede administrativa central est\u00e1 localizada no campus universit\u00e1rio de Goiabeiras, em Vit\u00f3ria.<\/p>\n<p>Na pesquisa cient\u00edfica e tecnol\u00f3gica a Ufes possui cerca de 1.120 projetos em andamento, e na extens\u00e3o universit\u00e1ria desenvolve 527 projetos e programas com abrang\u00eancia em todos os munic\u00edpios capixabas, contemplando cerca de 2 milh\u00f5es de pessoas.<\/p>\n<p>A Ufes tamb\u00e9m presta diversos servi\u00e7os ao p\u00fablico acad\u00eamico e \u00e0 comunidade, como teatro, cinema, galerias de arte, centro de ensino de idiomas, bibliotecas, planet\u00e1rio e observat\u00f3rio astron\u00f4mico, audit\u00f3rios, gin\u00e1sio de esportes e outras instala\u00e7\u00f5es esportivas. Oferece tamb\u00e9m servi\u00e7os na \u00e1rea de sa\u00fade por meio do Hospital Universit\u00e1rio Cassiano Antonio Moraes (Hucam), com atendimento em diferentes especialidades m\u00e9dicas, sendo refer\u00eancia em atendimentos de m\u00e9dia e alta complexidade.<\/p>\n<h4><strong>Comunica\u00e7\u00e3o Social<\/strong><\/h4>\n<p>O curso de Comunica\u00e7\u00e3o Social da Ufes est\u00e1 vinculado ao Centro de Artes, um dos onze Centros de Ensino integrantes da Universidade. Atualmente, o curso de Comunica\u00e7\u00e3o oferece as habilita\u00e7\u00f5es em Jornalismo; Publicidade e Propaganda e Cinema e Audiovisual.<\/p>\n<ul>\n<li><em>Jornalismo<\/em> &#8211; Oferecido no turno matutino, o curso tem conceito 4 (em uma escala que vai at\u00e9 5) e forma profissionais\u00a0com car\u00e1ter acad\u00eamico generalista, cr\u00edtico, \u00e9tico e reflexivo, capacitados para atuar como produtores intelectuais e agentes da cidadania, capazes de responder \u00e0 complexidade e ao pluralismo caracter\u00edsticos da sociedade e da cultura contempor\u00e2neas.<\/li>\n<li><em>Publicidade e Propaganda &#8211; <\/em>Oferecido no turno matutino, o curso tem conceito 4 (em uma escala que vai at\u00e9 5) e oferece\u00a0forma\u00e7\u00e3o acad\u00eamico-profissional voltada para amplas habilidades t\u00e9cnicas e pr\u00e1ticas, al\u00e9m de dom\u00ednio te\u00f3rico consistente, com \u00eanfase na \u00e9tica, cidadania e papel social do comunicador.<\/li>\n<li>Cinema e Audiovisual &#8211; Oferecido no turno noturno, o curso tem conceito 4 (em uma escala que vai at\u00e9 5) e\u00a0forma profissionais aptos a trabalhar em diferentes fun\u00e7\u00f5es ligadas ao cinema, ao v\u00eddeo, \u00e0 televis\u00e3o e \u00e0 fotografia; lidando com narrativas audiovisuais tradicionais, mistas e virtuais, tanto no modo document\u00e1rio\u00a0quanto no ficcional.<\/li>\n<\/ul>\n<h4><strong>Programa de P\u00f3s-Gradua\u00e7\u00e3o em Comunica\u00e7\u00e3o e Territorialidades<\/strong><\/h4>\n<p>O Programa tem sede em Vit\u00f3ria, oferecendo o curso de mestrado em Comunica\u00e7\u00e3o e Territorialidades desde 2014.\u00a0A \u00e1rea de concentra\u00e7\u00e3o do P\u00f3sCom \u00e9\u00a0Comunica\u00e7\u00e3o e Territorialidades, compreendendo, assim, os estudos da comunica\u00e7\u00e3o na produ\u00e7\u00e3o das territorialidades, bem como das pr\u00e1ticas, processos, produtos midi\u00e1ticos em ambientes particulares. Se estrutura em duas linhas de pesquisa: &#8220;Comunica\u00e7\u00e3o e Poder&#8221; e &#8220;Est\u00e9ticas e Linguagens Comunicacionais&#8221;. O\u00a0programa j\u00e1 formou\u00a0<em class=\"placeholder\">27<\/em>\u00a0mestres e conta com\u00a0<em class=\"placeholder\">43<\/em>\u00a0alunos regularmente matriculados<\/p>\n<p><em>Mais informa\u00e7\u00f5es: www.comunicacaosocial.ufes.br<\/em><\/p>\n","protected":false},"excerpt":{"rendered":"<div class=\"mh-excerpt\"><p>Fundada em 5 de maio de 1954, a Ufes possui quatro campi universit\u00e1rios \u2013 Goiabeiras e Maru\u00edpe, em Vit\u00f3ria; e nos munic\u00edpios de Alegre, no <a class=\"mh-excerpt-more\" href=\"https:\/\/blog.ufes.br\/intercomsudeste\/a-ufes\/\" title=\"A Ufes\">[&#8230;]<\/a><\/p>\n<\/div>","protected":false},"author":349,"featured_media":0,"parent":0,"menu_order":0,"comment_status":"closed","ping_status":"closed","template":"","meta":{"_bbp_topic_count":0,"_bbp_reply_count":0,"_bbp_total_topic_count":0,"_bbp_total_reply_count":0,"_bbp_voice_count":0,"_bbp_anonymous_reply_count":0,"_bbp_topic_count_hidden":0,"_bbp_reply_count_hidden":0,"_bbp_forum_subforum_count":0,"_uag_custom_page_level_css":"","footnotes":""},"class_list":["post-77","page","type-page","status-publish","hentry"],"uagb_featured_image_src":{"full":false,"thumbnail":false,"medium":false,"medium_large":false,"large":false,"1536x1536":false,"2048x2048":false,"mh-magazine-lite-slider":false,"mh-magazine-lite-content":false,"mh-magazine-lite-large":false,"mh-magazine-lite-medium":false,"mh-magazine-lite-small":false},"uagb_author_info":{"display_name":"Intercom Sudeste 2019","author_link":"https:\/\/blog.ufes.br\/intercomsudeste\/author\/ana-v-souza\/"},"uagb_comment_info":0,"uagb_excerpt":"Fundada em 5 de maio de 1954, a Ufes possui quatro campi universit\u00e1rios \u2013 Goiabeiras e Maru\u00edpe, em Vit\u00f3ria; e nos munic\u00edpios de Alegre, no [...]","_links":{"self":[{"href":"https:\/\/blog.ufes.br\/intercomsudeste\/wp-json\/wp\/v2\/pages\/77","targetHints":{"allow":["GET"]}}],"collection":[{"href":"https:\/\/blog.ufes.br\/intercomsudeste\/wp-json\/wp\/v2\/pages"}],"about":[{"href":"https:\/\/blog.ufes.br\/intercomsudeste\/wp-json\/wp\/v2\/types\/page"}],"author":[{"embeddable":true,"href":"https:\/\/blog.ufes.br\/intercomsudeste\/wp-json\/wp\/v2\/users\/349"}],"replies":[{"embeddable":true,"href":"https:\/\/blog.ufes.br\/intercomsudeste\/wp-json\/wp\/v2\/comments?post=77"}],"version-history":[{"count":6,"href":"https:\/\/blog.ufes.br\/intercomsudeste\/wp-json\/wp\/v2\/pages\/77\/revisions"}],"predecessor-version":[{"id":140,"href":"https:\/\/blog.ufes.br\/intercomsudeste\/wp-json\/wp\/v2\/pages\/77\/revisions\/140"}],"wp:attachment":[{"href":"https:\/\/blog.ufes.br\/intercomsudeste\/wp-json\/wp\/v2\/media?parent=77"}],"curies":[{"name":"wp","href":"https:\/\/api.w.org\/{rel}","templated":true}]}}