{"id":114,"date":"2017-08-23T20:57:30","date_gmt":"2017-08-23T23:57:30","guid":{"rendered":"http:\/\/blog.ufes.br\/isaacsantos\/?page_id=114"},"modified":"2025-06-20T11:11:24","modified_gmt":"2025-06-20T14:11:24","slug":"apresentacao","status":"publish","type":"page","link":"https:\/\/blog.ufes.br\/isaacsantos\/apresentacao\/","title":{"rendered":"APRESENTA\u00c7\u00c3O"},"content":{"rendered":"<p>Desatualizado &#8230; desde 2020<\/p>\n<p>Licenciado em Matem\u00e1tica pela Universidade Federal do Esp\u00edrito Santo (Campus de S\u00e3o Mateus) &#8211; UFES (1996), mestre em Ci\u00eancia da Computa\u00e7\u00e3o (\u00eanfase em Otimiza\u00e7\u00e3o e Pesquisa Operacional) pela Universidade Federal do Esp\u00edrito Santo &#8211; UFES (1999) e doutor em Modelagem Computacional pelo Laborat\u00f3rio Nacional de Computa\u00e7\u00e3o Cient\u00edfica &#8211; LNCC (2007). Realizou p\u00f3s-doutorado no Departamento de Matem\u00e1tica da University College London (UCL), em Londres, Inglaterra (2013 &#8211; 2015). Atualmente \u00e9 professor Associado IV da Universidade Federal do Esp\u00edrito Santo &#8211; UFES, atuando no Departamento de Matem\u00e1tica Aplicada &#8211; DMA\/CEUNES. Professor do Programa de P\u00f3s-Gradua\u00e7\u00e3o em Inform\u00e1tica &#8211; PPGI\/UFES. Tem interesse em Matem\u00e1tica Aplicada e Computacional, nas seguintes \u00e1reas: An\u00e1lise Num\u00e9rica Computa\u00e7\u00e3o Cient\u00edfica, Solu\u00e7\u00f5es Num\u00e9ricas de Equa\u00e7\u00f5es Diferenciais Parciais, M\u00e9todo de Elementos Finitos e suas extens\u00f5es, Biomatem\u00e1tica, Intelig\u00eancia Artificial e Ci\u00eancia de Dados. Foi membro da C\u00e2mara de Assessoramento da Funda\u00e7\u00e3o de Amparo \u00e0 Pesquisa do Esp\u00edrito Santo (FAPES). Vice-Coordenador da Regional 6 (RJ\/ES) da Sociedade Brasileira de Matem\u00e1tica Aplicada e Computacional (SBMAC) desde 2018.<\/p>\n<h1><a href=\"http:\/\/buscatextual.cnpq.br\/buscatextual\/visualizacv.do?id=K4759953A6\">Curr\u00edculo Lattes<\/a><\/h1>\n<h1><a href=\"http:\/\/blog.ufes.br\/isaacsantos\/apresentacao\/atividades-administrativas\/\" target=\"_blank\" rel=\"noopener noreferrer\">Atividades Acad\u00eamicas (2019\/1)<\/a><\/h1>\n<ul>\n<li>Email:\u00a0isaac.santos at ufes.br<\/li>\n<li>Fone: +55 (27) 3312-1661<\/li>\n<li>Sala: 09<\/li>\n<\/ul>\n<h1>Endere\u00e7o<\/h1>\n<pre style=\"padding-left: 30px\">Universidade Federal do Esp\u00edrito Santo, UFES\nDepartamento de Matem\u00e1tica Aplicada, DMA\nRodovia BR 101 Norte, Km 60 - Bairro Litor\u00e2neo,\nCEP 29932-900, S\u00e3o Mateus - ES\n <small><\/small><\/pre>\n","protected":false},"excerpt":{"rendered":"<p>Desatualizado &#8230; desde 2020 Licenciado em Matem\u00e1tica pela Universidade Federal do Esp\u00edrito Santo (Campus de S\u00e3o Mateus) &#8211; UFES (1996), mestre em Ci\u00eancia da Computa\u00e7\u00e3o (\u00eanfase em Otimiza\u00e7\u00e3o e Pesquisa Operacional) pela Universidade Federal do Esp\u00edrito Santo &#8211; UFES (1999) &hellip; <a href=\"https:\/\/blog.ufes.br\/isaacsantos\/apresentacao\/\">Continue lendo <span class=\"meta-nav\">&rarr;<\/span><\/a><\/p>\n","protected":false},"author":279,"featured_media":0,"parent":0,"menu_order":0,"comment_status":"closed","ping_status":"closed","template":"","meta":{"_bbp_topic_count":0,"_bbp_reply_count":0,"_bbp_total_topic_count":0,"_bbp_total_reply_count":0,"_bbp_voice_count":0,"_bbp_anonymous_reply_count":0,"_bbp_topic_count_hidden":0,"_bbp_reply_count_hidden":0,"_bbp_forum_subforum_count":0,"_uag_custom_page_level_css":"","footnotes":""},"class_list":["post-114","page","type-page","status-publish","hentry"],"uagb_featured_image_src":{"full":false,"thumbnail":false,"medium":false,"medium_large":false,"large":false,"1536x1536":false,"2048x2048":false,"post-thumbnail":false,"large-feature":false,"small-feature":false},"uagb_author_info":{"display_name":"Isaac","author_link":"https:\/\/blog.ufes.br\/isaacsantos\/author\/isaac_pinheiro-dos-santos\/"},"uagb_comment_info":0,"uagb_excerpt":"Desatualizado &#8230; desde 2020 Licenciado em Matem\u00e1tica pela Universidade Federal do Esp\u00edrito Santo (Campus de S\u00e3o Mateus) &#8211; UFES (1996), mestre em Ci\u00eancia da Computa\u00e7\u00e3o (\u00eanfase em Otimiza\u00e7\u00e3o e Pesquisa Operacional) pela Universidade Federal do Esp\u00edrito Santo &#8211; UFES (1999) &hellip; Continue lendo &rarr;","_links":{"self":[{"href":"https:\/\/blog.ufes.br\/isaacsantos\/wp-json\/wp\/v2\/pages\/114","targetHints":{"allow":["GET"]}}],"collection":[{"href":"https:\/\/blog.ufes.br\/isaacsantos\/wp-json\/wp\/v2\/pages"}],"about":[{"href":"https:\/\/blog.ufes.br\/isaacsantos\/wp-json\/wp\/v2\/types\/page"}],"author":[{"embeddable":true,"href":"https:\/\/blog.ufes.br\/isaacsantos\/wp-json\/wp\/v2\/users\/279"}],"replies":[{"embeddable":true,"href":"https:\/\/blog.ufes.br\/isaacsantos\/wp-json\/wp\/v2\/comments?post=114"}],"version-history":[{"count":10,"href":"https:\/\/blog.ufes.br\/isaacsantos\/wp-json\/wp\/v2\/pages\/114\/revisions"}],"predecessor-version":[{"id":703,"href":"https:\/\/blog.ufes.br\/isaacsantos\/wp-json\/wp\/v2\/pages\/114\/revisions\/703"}],"wp:attachment":[{"href":"https:\/\/blog.ufes.br\/isaacsantos\/wp-json\/wp\/v2\/media?parent=114"}],"curies":[{"name":"wp","href":"https:\/\/api.w.org\/{rel}","templated":true}]}}