{"id":144,"date":"2017-08-30T14:03:03","date_gmt":"2017-08-30T17:03:03","guid":{"rendered":"http:\/\/blog.ufes.br\/isaacsantos\/?page_id=144"},"modified":"2023-10-20T13:32:17","modified_gmt":"2023-10-20T16:32:17","slug":"material-de-apoio-algoritmos-numericos","status":"publish","type":"page","link":"https:\/\/blog.ufes.br\/isaacsantos\/ensino\/calculo-numerico\/material-de-apoio-algoritmos-numericos\/","title":{"rendered":"Material de Apoio &#8211; Algoritmos Num\u00e9ricos"},"content":{"rendered":"<h1><\/h1>\n<h1><span style=\"color: #ff0000\">Octave no celular:<\/span><\/h1>\n<ul>\n<li style=\"margin-top: 0;margin-bottom: 0\">Nome dos aplicativos para celular: (<em>contribui\u00e7\u00e3o da estudante\u00a0Jessellem Cipriano<\/em>)\n<ul>\n<li style=\"margin-top: 0;margin-bottom: 0\">Para\u00a0iOS\u00a0&#8211; Madona: Run MATLAB\/Octave (encontrado na App store)<\/li>\n<li style=\"margin-top: 0;margin-bottom: 0\">Para Android: Octave (Encontrado na play store)<\/li>\n<\/ul>\n<\/li>\n<\/ul>\n<h1><span class=\"st\" style=\"color: #ff0000\"><em>Erros de arredondamento<\/em> nos <em>misseis Patriot<\/em><\/span>: (<a href=\"http:\/\/www.diale.org\/patriot.html\" target=\"_blank\" rel=\"noopener\">link1<\/a>), (<a href=\"http:\/\/www-users.math.umn.edu\/~arnold\/disasters\/patriot.html\" target=\"_blank\" rel=\"noopener\">link2<\/a>)<\/h1>\n<h1><a href=\"http:\/\/www-users.math.umn.edu\/~arnold\/disasters\/\" target=\"_blank\" rel=\"noopener\">Desastres atribu\u00eddos a erros num\u00e9ricos<\/a><\/h1>\n<h1><span style=\"color: #ff0000\">Listas de Exerc\u00edcios<\/span><\/h1>\n<ul>\n<li>Lista 1 &#8211; (Erros e aritm\u00e9tica de ponto flutuante)<\/li>\n<li>Lista 2 &#8211; (Sistemas lineares &#8211; m\u00e9todos diretos)<\/li>\n<li>Lista 3 &#8211; (Sistemas lineares &#8211; m\u00e9todos diretos e iterativos)<\/li>\n<li>Lista 4 &#8211; (EDOs)<\/li>\n<li>Lista 5 &#8211; Interpola\u00e7\u00e3o Polinomial<\/li>\n<li>Lista 6 &#8211; Ajuste de curvas<\/li>\n<li>Lista 7 &#8211; Ra\u00edzes de equa\u00e7\u00f5es<\/li>\n<li>Lista 8 &#8211;\u00a0Integra\u00e7\u00e3o num\u00e9rica<\/li>\n<\/ul>\n<h1><span style=\"color: #ff0000\">Trabalhos Computacionais<\/span><\/h1>\n<ul>\n<li>Trabalho 1 (entregar dia 15\/05)<\/li>\n<li>Trabalho 2 (entregar dia 14\/06)<\/li>\n<\/ul>\n<h1><span style=\"color: #ff0000\">Notas de aula<\/span><\/h1>\n<p>Abaixo est\u00e3o listadas algumas notas de aulas.<\/p>\n<ul>\n<li>Erros e Aritm\u00e9tica de Ponto Flutuante;<\/li>\n<li>Sistemas Lineares\u00a0(m\u00e9todos diretos) &#8211; atualizado dia 02\/04 \u00e0s 23:20hs<\/li>\n<li>Sistemas Lineares (m\u00e9todos iterativos)\u00a0&#8211; atualizado dia 16\/04 \u00e0s 13:00hs<\/li>\n<li>Condicionamento de sistemas lineares<\/li>\n<li>Equa\u00e7\u00f5es diferenciais ordin\u00e1rias &#8211; atualizado dia 09\/05 \u00e0s 12:00hs<\/li>\n<li>Problemas de valor de contorno<\/li>\n<li>Interpola\u00e7\u00e3o Polinomial<\/li>\n<li>Ajuste de Curvas<\/li>\n<li>Ra\u00edzes de equa\u00e7\u00f5es<\/li>\n<li>Integra\u00e7\u00e3o Num\u00e9rica<\/li>\n<\/ul>\n<h1><span style=\"color: #ff0000\">Material complementar<\/span><\/h1>\n<ul>\n<li><a href=\"http:\/\/www.dcc.ufrj.br\/~rincon\/Disciplinas\/Algebra%20Linear\/Aula_013.pdf\" target=\"_blank\" rel=\"noopener\">M\u00e9todo de Elimina\u00e7\u00e3o de Gauss<\/a> (Aulas do Prof. Mauro Rincon &#8211; UFRJ)<\/li>\n<\/ul>\n<h1><span style=\"color: #ff0000\">Apostilas de<\/span> <a href=\"https:\/\/www.gnu.org\/software\/octave\/\" target=\"_blank\" rel=\"noopener\">Octave<\/a><\/h1>\n<ul>\n<li><a href=\"http:\/\/blog.ufes.br\/isaacsantos\/files\/2017\/09\/Introd_Octave_Fernando_L_Souza_2003.pdf\" target=\"_blank\" rel=\"noopener\">Introdu\u00e7\u00e3o ao Octave<\/a>, Fernando L. Souza, 2003.<\/li>\n<li><a href=\"http:\/\/blog.ufes.br\/isaacsantos\/files\/2017\/09\/Octave_Uma_Introducao_Sergio_R_Teixeira_UEL_2010.pdf\" target=\"_blank\" rel=\"noopener\">OCTAVE &#8211; Uma Introdu\u00e7\u00e3o<\/a>, Prof. Sergio R. Teixeira, UEL, 2010.<\/li>\n<li><a href=\"http:\/\/blog.ufes.br\/isaacsantos\/files\/2017\/09\/Minicurso_Matlab_Octave_PET_UFES.pdf\" target=\"_blank\" rel=\"noopener\">Mini-curso de MATLAB e Octave para<\/a><br \/>\nC\u00e1lculo Num\u00e9rico, PET-UFES.<\/li>\n<li><a href=\"http:\/\/blog.ufes.br\/isaacsantos\/files\/2017\/09\/Introd_Octave_Long_Cambridge_University_2005.pdf\" target=\"_blank\" rel=\"noopener\">Introduction to Octave<\/a>,\u00a0P.J.G. Long,\u00a0University of Cambridge,\u00a02005.<\/li>\n<\/ul>\n<h1><span style=\"color: #ff0000\">Links Interessantes<\/span><\/h1>\n<ul>\n<li><a href=\"http:\/\/homepage.divms.uiowa.edu\/~atkinson\/\" target=\"_blank\" rel=\"noopener\">P\u00e1gina do Kendall Atkinson<\/a><\/li>\n<li><a href=\"https:\/\/ocw.mit.edu\/courses\/mathematics\/18-335j-introduction-to-numerical-methods-fall-2004\/index.htm\" target=\"_blank\" rel=\"noopener\">Introduction to numerical methods &#8211; MIT<\/a><\/li>\n<li><a href=\"http:\/\/history.siam.org\/\" target=\"_blank\" rel=\"noopener\">The history of Numerical Analysis and Scientific Computing<\/a><\/li>\n<li><a href=\"https:\/\/autarkaw.org\/\" target=\"_blank\" rel=\"noopener\">The numerical methods Guy<\/a><\/li>\n<li><a href=\"http:\/\/nm.mathforcollege.com\/videos\/numerical_methods_course.html\" target=\"_blank\" rel=\"noopener\">Holistic Numerical Methods<\/a><\/li>\n<li><\/li>\n<\/ul>\n","protected":false},"excerpt":{"rendered":"<p>Octave no celular: Nome dos aplicativos para celular: (contribui\u00e7\u00e3o da estudante\u00a0Jessellem Cipriano) Para\u00a0iOS\u00a0&#8211; Madona: Run MATLAB\/Octave (encontrado na App store) Para Android: Octave (Encontrado na play store) Erros de arredondamento nos misseis Patriot: (link1), (link2) Desastres atribu\u00eddos a erros num\u00e9ricos &hellip; <a href=\"https:\/\/blog.ufes.br\/isaacsantos\/ensino\/calculo-numerico\/material-de-apoio-algoritmos-numericos\/\">Continue lendo <span class=\"meta-nav\">&rarr;<\/span><\/a><\/p>\n","protected":false},"author":279,"featured_media":0,"parent":20,"menu_order":0,"comment_status":"closed","ping_status":"closed","template":"","meta":{"_bbp_topic_count":0,"_bbp_reply_count":0,"_bbp_total_topic_count":0,"_bbp_total_reply_count":0,"_bbp_voice_count":0,"_bbp_anonymous_reply_count":0,"_bbp_topic_count_hidden":0,"_bbp_reply_count_hidden":0,"_bbp_forum_subforum_count":0,"_uag_custom_page_level_css":"","footnotes":""},"class_list":["post-144","page","type-page","status-publish","hentry"],"uagb_featured_image_src":{"full":false,"thumbnail":false,"medium":false,"medium_large":false,"large":false,"1536x1536":false,"2048x2048":false,"post-thumbnail":false,"large-feature":false,"small-feature":false},"uagb_author_info":{"display_name":"Isaac","author_link":"https:\/\/blog.ufes.br\/isaacsantos\/author\/isaac_pinheiro-dos-santos\/"},"uagb_comment_info":0,"uagb_excerpt":"Octave no celular: Nome dos aplicativos para celular: (contribui\u00e7\u00e3o da estudante\u00a0Jessellem Cipriano) Para\u00a0iOS\u00a0&#8211; Madona: Run MATLAB\/Octave (encontrado na App store) Para Android: Octave (Encontrado na play store) Erros de arredondamento nos misseis Patriot: (link1), (link2) Desastres atribu\u00eddos a erros num\u00e9ricos &hellip; Continue lendo &rarr;","_links":{"self":[{"href":"https:\/\/blog.ufes.br\/isaacsantos\/wp-json\/wp\/v2\/pages\/144","targetHints":{"allow":["GET"]}}],"collection":[{"href":"https:\/\/blog.ufes.br\/isaacsantos\/wp-json\/wp\/v2\/pages"}],"about":[{"href":"https:\/\/blog.ufes.br\/isaacsantos\/wp-json\/wp\/v2\/types\/page"}],"author":[{"embeddable":true,"href":"https:\/\/blog.ufes.br\/isaacsantos\/wp-json\/wp\/v2\/users\/279"}],"replies":[{"embeddable":true,"href":"https:\/\/blog.ufes.br\/isaacsantos\/wp-json\/wp\/v2\/comments?post=144"}],"version-history":[{"count":66,"href":"https:\/\/blog.ufes.br\/isaacsantos\/wp-json\/wp\/v2\/pages\/144\/revisions"}],"predecessor-version":[{"id":698,"href":"https:\/\/blog.ufes.br\/isaacsantos\/wp-json\/wp\/v2\/pages\/144\/revisions\/698"}],"up":[{"embeddable":true,"href":"https:\/\/blog.ufes.br\/isaacsantos\/wp-json\/wp\/v2\/pages\/20"}],"wp:attachment":[{"href":"https:\/\/blog.ufes.br\/isaacsantos\/wp-json\/wp\/v2\/media?parent=144"}],"curies":[{"name":"wp","href":"https:\/\/api.w.org\/{rel}","templated":true}]}}