{"id":185,"date":"2017-09-01T20:35:30","date_gmt":"2017-09-01T23:35:30","guid":{"rendered":"http:\/\/blog.ufes.br\/isaacsantos\/?page_id=185"},"modified":"2017-09-26T15:26:23","modified_gmt":"2017-09-26T18:26:23","slug":"links-interessantes","status":"publish","type":"page","link":"https:\/\/blog.ufes.br\/isaacsantos\/pesquisa\/links-interessantes\/","title":{"rendered":"Links Interessantes"},"content":{"rendered":"<h1><\/h1>\n<ul>\n<li><a href=\"http:\/\/history.siam.org\/\" target=\"_blank\" rel=\"noopener\">The history of Numerical Analysis and Scientific Computing<\/a><\/li>\n<li><a href=\"http:\/\/homepage.divms.uiowa.edu\/~atkinson\/\" target=\"_blank\" rel=\"noopener\">P\u00e1gina do Kendall Atkinson<\/a><\/li>\n<li><a href=\"https:\/\/cmcs.epfl.ch\/people\/quarteroni\" target=\"_blank\" rel=\"noopener\">P\u00e1gina do Alfio Quarteroni<\/a><\/li>\n<li><a href=\"http:\/\/www.csc.kth.se\/~cgjoh\/\" target=\"_blank\" rel=\"noopener\">P\u00e1gina do Claes Jhonson<\/a><\/li>\n<li><a href=\"http:\/\/www.efluids.com\/\" target=\"_blank\" rel=\"noopener\">eFluids<\/a><\/li>\n<\/ul>\n","protected":false},"excerpt":{"rendered":"<p>The history of Numerical Analysis and Scientific Computing P\u00e1gina do Kendall Atkinson P\u00e1gina do Alfio Quarteroni P\u00e1gina do Claes Jhonson eFluids<\/p>\n","protected":false},"author":279,"featured_media":0,"parent":79,"menu_order":0,"comment_status":"closed","ping_status":"closed","template":"","meta":{"_bbp_topic_count":0,"_bbp_reply_count":0,"_bbp_total_topic_count":0,"_bbp_total_reply_count":0,"_bbp_voice_count":0,"_bbp_anonymous_reply_count":0,"_bbp_topic_count_hidden":0,"_bbp_reply_count_hidden":0,"_bbp_forum_subforum_count":0,"_uag_custom_page_level_css":"","footnotes":""},"class_list":["post-185","page","type-page","status-publish","hentry"],"uagb_featured_image_src":{"full":false,"thumbnail":false,"medium":false,"medium_large":false,"large":false,"1536x1536":false,"2048x2048":false,"post-thumbnail":false,"large-feature":false,"small-feature":false},"uagb_author_info":{"display_name":"Isaac","author_link":"https:\/\/blog.ufes.br\/isaacsantos\/author\/isaac_pinheiro-dos-santos\/"},"uagb_comment_info":0,"uagb_excerpt":"The history of Numerical Analysis and Scientific Computing P\u00e1gina do Kendall Atkinson P\u00e1gina do Alfio Quarteroni P\u00e1gina do Claes Jhonson eFluids","_links":{"self":[{"href":"https:\/\/blog.ufes.br\/isaacsantos\/wp-json\/wp\/v2\/pages\/185","targetHints":{"allow":["GET"]}}],"collection":[{"href":"https:\/\/blog.ufes.br\/isaacsantos\/wp-json\/wp\/v2\/pages"}],"about":[{"href":"https:\/\/blog.ufes.br\/isaacsantos\/wp-json\/wp\/v2\/types\/page"}],"author":[{"embeddable":true,"href":"https:\/\/blog.ufes.br\/isaacsantos\/wp-json\/wp\/v2\/users\/279"}],"replies":[{"embeddable":true,"href":"https:\/\/blog.ufes.br\/isaacsantos\/wp-json\/wp\/v2\/comments?post=185"}],"version-history":[{"count":5,"href":"https:\/\/blog.ufes.br\/isaacsantos\/wp-json\/wp\/v2\/pages\/185\/revisions"}],"predecessor-version":[{"id":232,"href":"https:\/\/blog.ufes.br\/isaacsantos\/wp-json\/wp\/v2\/pages\/185\/revisions\/232"}],"up":[{"embeddable":true,"href":"https:\/\/blog.ufes.br\/isaacsantos\/wp-json\/wp\/v2\/pages\/79"}],"wp:attachment":[{"href":"https:\/\/blog.ufes.br\/isaacsantos\/wp-json\/wp\/v2\/media?parent=185"}],"curies":[{"name":"wp","href":"https:\/\/api.w.org\/{rel}","templated":true}]}}