{"id":20,"date":"2017-08-21T21:07:47","date_gmt":"2017-08-22T00:07:47","guid":{"rendered":"http:\/\/blog.ufes.br\/isaacsantos\/?page_id=20"},"modified":"2023-10-20T13:30:43","modified_gmt":"2023-10-20T16:30:43","slug":"calculo-numerico","status":"publish","type":"page","link":"https:\/\/blog.ufes.br\/isaacsantos\/ensino\/calculo-numerico\/","title":{"rendered":"C\u00e1lculo Num\u00e9rico \/ Algoritmos Num\u00e9ricos &#8211; 2017\/2"},"content":{"rendered":"<h1><strong>Cursos<\/strong>:<\/h1>\n<ul>\n<li>Engenharia Qu\u00edmica, Engenharia de Produ\u00e7\u00e3o, Engenharia de Computa\u00e7\u00e3o e Matem\u00e1tica Industrial<\/li>\n<\/ul>\n<h1><strong>Hor\u00e1rio das aulas<\/strong>:<\/h1>\n<ul>\n<li>quartas 14:40 &#8211; 16:40 (Sala 12) e\u00a0sextas 16:40 &#8211; 18:20 (Sala 01)<\/li>\n<\/ul>\n<h2><strong>Programa da disciplina<\/strong>:<\/h2>\n<ol>\n<li>Erros e aritm\u00e9tica em ponto flutuante;<\/li>\n<li>Sistemas lineares;<\/li>\n<li>Interpola\u00e7\u00e3o Polinomial;<\/li>\n<li>Ajuste de curvas;<\/li>\n<li>Ra\u00edzes e sistemas n\u00e3o lineares;<\/li>\n<li>Integra\u00e7\u00e3o Num\u00e9rica;<\/li>\n<li>Solu\u00e7\u00e3o num\u00e9rica de EDOs.<\/li>\n<\/ol>\n<h1>Data das provas:<\/h1>\n<h1>Data das provas:<\/h1>\n<ul>\n<li><em>Prova 1<\/em>: dia 20 de outubro de 2017 (t\u00f3picos 1, 2 e 3)<\/li>\n<li><em>Prova 2<\/em>: dia 24 de novembro de 2017 (t\u00f3picos 4 e 5)<\/li>\n<li><em>Prova 3<\/em>: dia 27 de dezembro de 2017 (t\u00f3picos 6 e 7)<\/li>\n<li><em>Trabalho Computacional<\/em>: 08 de dezembro de 2017<\/li>\n<li><em>Prova Final<\/em>: 05 de janeiro de 2018<\/li>\n<\/ul>\n<p>A m\u00e9dia semestral (MS) ser\u00e1 dada por<\/p>\n<p style=\"text-align: center\">MS = [(P1 + P2 + P3 + E)*(0.7\/3) + T*0.3],<\/p>\n<p>onde P1, P2 e P3 s\u00e3o as notas das tr\u00eas provas, E corresponde \u00e0 notas extras (exerc\u00edcios e outras atividades, a crit\u00e9rio do professor) e T \u00e9 a nota do trabalho computacional. O aluno ser\u00e1 aprovado sem necessidade de fazer a prova final se MS &gt;= 7.0.<\/p>\n<p>Para os alunos que far\u00e3o a prova final, a M\u00e9dia Final (MF) ser\u00e1<\/p>\n<p style=\"text-align: center\">MF =\u00a0 (MS + PF) \/ 2,<\/p>\n<p>onde PF \u00e9 a nota da prova final. O aluno ser\u00e1 aprovado se MF &gt;= 5.0.<\/p>\n<h1>Software<\/h1>\n<ul>\n<li>Matlab ou Octave<\/li>\n<\/ul>\n<h1>Material de Apoio Did\u00e1tico<\/h1>\n<h1>Refer\u00eancias Bibliogr\u00e1ficas:<\/h1>\n<ul>\n<li>Frederico F. Campos. <em>Algoritmos Num\u00e9ricos<\/em>. Editora LTC, 2a edi\u00e7\u00e3o, Rio de Janeiro, 2007.<\/li>\n<li>A. Quarteroni e F. Saleri. <i>C\u00e1lculo Cient\u00edfico com MATLAB e Octave.<\/i> Springer, 2007.<\/li>\n<li>R. L. Burden e J. D. Faires, <i>An\u00e1lise Num\u00e9rica<\/i>, Cengage Learning, 2013.<\/li>\n<li>D\u00e9cio S., Jo\u00e3o T. Mendes e Luiz H. M. Silva. <em>C\u00e1lculo Num\u00e9rico: caracter\u00edsticas matem\u00e1ticas e computacionais do m\u00e9todos num\u00e9ricos<\/em>. Pearson Prentice Hall, S\u00e3o Paulo, 2003.<\/li>\n<li>Neide B. Franco. <em>C\u00e1lculo Num\u00e9rico<\/em>. Pearson Prentice Hall, S\u00e3o Paulo, 2006.<\/li>\n<li>M\u00e1rcia A. G. Ruggiero e Vera L. R. Lopes. <i>C\u00e1lculo Num\u00e9rico.<\/i> Pearson Education do Brasil, S\u00e3o Paulo, 2a edi\u00e7\u00e3o, 2000.<\/li>\n<li>D. Hanselman e B. Littlefield. <i>MATLAB 6 \u2014 Curso completo.<\/i> Pearson Education do Brasil, S\u00e3o Paulo, 2a edi\u00e7\u00e3o, 2003.<\/li>\n<li>Cleve Moler. <i><a href=\"https:\/\/www.mathworks.com\/moler\/chapters.html\">Numerical Computing with MATLAB<\/a>, 2004.<\/i><\/li>\n<\/ul>\n","protected":false},"excerpt":{"rendered":"<p>Cursos: Engenharia Qu\u00edmica, Engenharia de Produ\u00e7\u00e3o, Engenharia de Computa\u00e7\u00e3o e Matem\u00e1tica Industrial Hor\u00e1rio das aulas: quartas 14:40 &#8211; 16:40 (Sala 12) e\u00a0sextas 16:40 &#8211; 18:20 (Sala 01) Programa da disciplina: Erros e aritm\u00e9tica em ponto flutuante; Sistemas lineares; Interpola\u00e7\u00e3o Polinomial; &hellip; <a href=\"https:\/\/blog.ufes.br\/isaacsantos\/ensino\/calculo-numerico\/\">Continue lendo <span class=\"meta-nav\">&rarr;<\/span><\/a><\/p>\n","protected":false},"author":279,"featured_media":0,"parent":73,"menu_order":0,"comment_status":"closed","ping_status":"closed","template":"","meta":{"_bbp_topic_count":0,"_bbp_reply_count":0,"_bbp_total_topic_count":0,"_bbp_total_reply_count":0,"_bbp_voice_count":0,"_bbp_anonymous_reply_count":0,"_bbp_topic_count_hidden":0,"_bbp_reply_count_hidden":0,"_bbp_forum_subforum_count":0,"_uag_custom_page_level_css":"","footnotes":""},"class_list":["post-20","page","type-page","status-publish","hentry"],"uagb_featured_image_src":{"full":false,"thumbnail":false,"medium":false,"medium_large":false,"large":false,"1536x1536":false,"2048x2048":false,"post-thumbnail":false,"large-feature":false,"small-feature":false},"uagb_author_info":{"display_name":"Isaac","author_link":"https:\/\/blog.ufes.br\/isaacsantos\/author\/isaac_pinheiro-dos-santos\/"},"uagb_comment_info":0,"uagb_excerpt":"Cursos: Engenharia Qu\u00edmica, Engenharia de Produ\u00e7\u00e3o, Engenharia de Computa\u00e7\u00e3o e Matem\u00e1tica Industrial Hor\u00e1rio das aulas: quartas 14:40 &#8211; 16:40 (Sala 12) e\u00a0sextas 16:40 &#8211; 18:20 (Sala 01) Programa da disciplina: Erros e aritm\u00e9tica em ponto flutuante; Sistemas lineares; Interpola\u00e7\u00e3o Polinomial; &hellip; Continue lendo &rarr;","_links":{"self":[{"href":"https:\/\/blog.ufes.br\/isaacsantos\/wp-json\/wp\/v2\/pages\/20","targetHints":{"allow":["GET"]}}],"collection":[{"href":"https:\/\/blog.ufes.br\/isaacsantos\/wp-json\/wp\/v2\/pages"}],"about":[{"href":"https:\/\/blog.ufes.br\/isaacsantos\/wp-json\/wp\/v2\/types\/page"}],"author":[{"embeddable":true,"href":"https:\/\/blog.ufes.br\/isaacsantos\/wp-json\/wp\/v2\/users\/279"}],"replies":[{"embeddable":true,"href":"https:\/\/blog.ufes.br\/isaacsantos\/wp-json\/wp\/v2\/comments?post=20"}],"version-history":[{"count":21,"href":"https:\/\/blog.ufes.br\/isaacsantos\/wp-json\/wp\/v2\/pages\/20\/revisions"}],"predecessor-version":[{"id":696,"href":"https:\/\/blog.ufes.br\/isaacsantos\/wp-json\/wp\/v2\/pages\/20\/revisions\/696"}],"up":[{"embeddable":true,"href":"https:\/\/blog.ufes.br\/isaacsantos\/wp-json\/wp\/v2\/pages\/73"}],"wp:attachment":[{"href":"https:\/\/blog.ufes.br\/isaacsantos\/wp-json\/wp\/v2\/media?parent=20"}],"curies":[{"name":"wp","href":"https:\/\/api.w.org\/{rel}","templated":true}]}}