{"id":202,"date":"2017-09-06T19:33:05","date_gmt":"2017-09-06T22:33:05","guid":{"rendered":"http:\/\/blog.ufes.br\/isaacsantos\/?page_id=202"},"modified":"2018-07-05T14:11:27","modified_gmt":"2018-07-05T17:11:27","slug":"miscelanea","status":"publish","type":"page","link":"https:\/\/blog.ufes.br\/isaacsantos\/miscelanea\/","title":{"rendered":"MISCEL\u00c2NEA"},"content":{"rendered":"<ul>\n<li>\n<h1 id=\"6e2f\" class=\"graf graf--h3 graf-after--figure graf--title\"><a href=\"https:\/\/medium.com\/data-science-brigade\/a-diferen%C3%A7a-entre-intelig%C3%AAncia-artificial-machine-learning-e-deep-learning-930b5cc2aa42\" target=\"_blank\" rel=\"noopener\"> A Diferen\u00e7a Entre Intelig\u00eancia Artificial, Machine Learning e Deep\u00a0Learning<\/a><\/h1>\n<\/li>\n<li>\n<p class=\"n--noticia__title\"><a href=\"http:\/\/ciencia.estadao.com.br\/blogs\/herton-escobar\/a-ciencia-brasileira-esta-falida-e-dai\/\" target=\"_blank\" rel=\"noopener\"><strong>A ci\u00eancia brasileira est\u00e1 falida. E da\u00ed?<\/strong><\/a>\u00a0(Texto de Hector Escobar, em 06\/09\/2017)<\/p>\n<\/li>\n<li>Dicas de Portugu\u00eas\n<ul>\n<li><a href=\"https:\/\/portugues.uol.com.br\/gramatica\/cinco-dicas-simples-sobre-uso-crase.html\" target=\"_blank\" rel=\"noopener\">Uso da crase<\/a><\/li>\n<li><\/li>\n<\/ul>\n<\/li>\n<\/ul>\n","protected":false},"excerpt":{"rendered":"<p>A Diferen\u00e7a Entre Intelig\u00eancia Artificial, Machine Learning e Deep\u00a0Learning A ci\u00eancia brasileira est\u00e1 falida. E da\u00ed?\u00a0(Texto de Hector Escobar, em 06\/09\/2017) Dicas de Portugu\u00eas Uso da crase<\/p>\n","protected":false},"author":279,"featured_media":0,"parent":0,"menu_order":0,"comment_status":"closed","ping_status":"closed","template":"","meta":{"_bbp_topic_count":0,"_bbp_reply_count":0,"_bbp_total_topic_count":0,"_bbp_total_reply_count":0,"_bbp_voice_count":0,"_bbp_anonymous_reply_count":0,"_bbp_topic_count_hidden":0,"_bbp_reply_count_hidden":0,"_bbp_forum_subforum_count":0,"_uag_custom_page_level_css":"","footnotes":""},"class_list":["post-202","page","type-page","status-publish","hentry"],"uagb_featured_image_src":{"full":false,"thumbnail":false,"medium":false,"medium_large":false,"large":false,"1536x1536":false,"2048x2048":false,"post-thumbnail":false,"large-feature":false,"small-feature":false},"uagb_author_info":{"display_name":"Isaac","author_link":"https:\/\/blog.ufes.br\/isaacsantos\/author\/isaac_pinheiro-dos-santos\/"},"uagb_comment_info":0,"uagb_excerpt":"A Diferen\u00e7a Entre Intelig\u00eancia Artificial, Machine Learning e Deep\u00a0Learning A ci\u00eancia brasileira est\u00e1 falida. E da\u00ed?\u00a0(Texto de Hector Escobar, em 06\/09\/2017) Dicas de Portugu\u00eas Uso da crase","_links":{"self":[{"href":"https:\/\/blog.ufes.br\/isaacsantos\/wp-json\/wp\/v2\/pages\/202","targetHints":{"allow":["GET"]}}],"collection":[{"href":"https:\/\/blog.ufes.br\/isaacsantos\/wp-json\/wp\/v2\/pages"}],"about":[{"href":"https:\/\/blog.ufes.br\/isaacsantos\/wp-json\/wp\/v2\/types\/page"}],"author":[{"embeddable":true,"href":"https:\/\/blog.ufes.br\/isaacsantos\/wp-json\/wp\/v2\/users\/279"}],"replies":[{"embeddable":true,"href":"https:\/\/blog.ufes.br\/isaacsantos\/wp-json\/wp\/v2\/comments?post=202"}],"version-history":[{"count":5,"href":"https:\/\/blog.ufes.br\/isaacsantos\/wp-json\/wp\/v2\/pages\/202\/revisions"}],"predecessor-version":[{"id":505,"href":"https:\/\/blog.ufes.br\/isaacsantos\/wp-json\/wp\/v2\/pages\/202\/revisions\/505"}],"wp:attachment":[{"href":"https:\/\/blog.ufes.br\/isaacsantos\/wp-json\/wp\/v2\/media?parent=202"}],"curies":[{"name":"wp","href":"https:\/\/api.w.org\/{rel}","templated":true}]}}