{"id":21,"date":"2017-08-21T21:07:47","date_gmt":"2017-08-22T00:07:47","guid":{"rendered":"http:\/\/blog.ufes.br\/isaacsantos\/?page_id=21"},"modified":"2020-03-03T22:18:58","modified_gmt":"2020-03-04T01:18:58","slug":"elementos-finitos-mestrado-ppgi","status":"publish","type":"page","link":"https:\/\/blog.ufes.br\/isaacsantos\/ensino\/elementos-finitos-mestrado-ppgi\/","title":{"rendered":"Elementos Finitos"},"content":{"rendered":"<h1><strong>Curso<\/strong>:<\/h1>\n<p>Mestrado e Doutorado em Ci\u00eancia da Computa\u00e7\u00e3o (Per\u00edodo 2017\/2)<\/p>\n<h1><strong>Hor\u00e1rio das aulas<\/strong>:<\/h1>\n<p>segunda feira: 13:00 &#8211; 17:00 horas &#8211; CT VI &#8211; Sala 114<\/p>\n<h2><strong>Programa da disciplina<\/strong>:<\/h2>\n<ol>\n<li>Aproxima\u00e7\u00e3o polinomial por partes em 1D\n<ol>\n<li>Espa\u00e7os de fun\u00e7\u00f5es polinomiais por partes<\/li>\n<li>Interpola\u00e7\u00e3o<\/li>\n<li>Proje\u00e7\u00e3o L2<\/li>\n<li>Implementa\u00e7\u00e3o Computacional<\/li>\n<\/ol>\n<\/li>\n<li>O m\u00e9todo de elementos finitos em 1D\n<ol>\n<li>O MEF para um problema modelo<\/li>\n<li>Modelagem matem\u00e1tica<\/li>\n<li>Problema modelo com coeficientes vari\u00e1veis<\/li>\n<li>Implementa\u00e7\u00e3o Computacional<\/li>\n<li>MEF adaptativo<\/li>\n<\/ol>\n<\/li>\n<li>Aproxima\u00e7\u00e3o polinomial por partes em 2D\n<ol>\n<li>Malhas<\/li>\n<li>Espa\u00e7o de fun\u00e7\u00f5es polinomiais por partes<\/li>\n<li>Interpola\u00e7\u00e3o<\/li>\n<li>Proje\u00e7\u00e3o L2<\/li>\n<li>Implementa\u00e7\u00e3o Computacional<\/li>\n<\/ol>\n<\/li>\n<li>O m\u00e9todo de elementos finitos em 2D\n<ol>\n<li>F\u00f3rmula de Green<\/li>\n<li>O MEF para equa\u00e7\u00e3o de Poisson<\/li>\n<li>An\u00e1lise matem\u00e1tica b\u00e1sica do MEF<\/li>\n<li>Implementa\u00e7\u00e3o Computacional<\/li>\n<li>MEF adaptativo<\/li>\n<\/ol>\n<\/li>\n<li>Problemas dependentes do tempo\n<ol>\n<li>M\u00e9todos de diferen\u00e7as finitas para sistemas de EDOs<\/li>\n<li>A equa\u00e7\u00e3o do calor<\/li>\n<li>Estimativas de estabilidade<\/li>\n<li>Estimativas de erro a priori<\/li>\n<li>Implementa\u00e7\u00e3o Computacional<\/li>\n<li>MEF espa\u00e7o-tempo<\/li>\n<li>A equa\u00e7\u00e3o da onda<\/li>\n<li>Implementa\u00e7\u00e3o Computacional<\/li>\n<\/ol>\n<\/li>\n<li>O Problema de Transporte\n<ol>\n<li>A equa\u00e7\u00e3o de transporte<\/li>\n<li>Formula\u00e7\u00f5es estabilizadas<\/li>\n<li>Estimativas de erro a priori<\/li>\n<li>Implementa\u00e7\u00e3o Computacional<\/li>\n<\/ol>\n<\/li>\n<\/ol>\n<p><!--more--><\/p>\n<h1>Software e Linguagens de programa\u00e7\u00e3o<\/h1>\n<ol>\n<li><a href=\"https:\/\/www.mathworks.com\/help\/pde\/?requestedDomain=www.mathworks.com\" target=\"_blank\" rel=\"noopener noreferrer\">Matlab (PDE-tool box)<\/a> ou <a href=\"https:\/\/www.gnu.org\/software\/octave\/\" target=\"_blank\" rel=\"noopener noreferrer\">Octave<\/a><\/li>\n<li><a href=\"http:\/\/www.freefem.org\/\" target=\"_blank\" rel=\"noopener noreferrer\">FreeFem++<\/a><\/li>\n<li><a href=\"https:\/\/fenicsproject.org\/\" target=\"_blank\" rel=\"noopener noreferrer\">Fenics<\/a><\/li>\n<\/ol>\n<h1>Avalia\u00e7\u00e3o<\/h1>\n<ol>\n<li>2 provas<\/li>\n<li>2 trabalhos computacionais<\/li>\n<li>Listas de exerc\u00edcios<\/li>\n<\/ol>\n<h1>Links interessantes<\/h1>\n<ol>\n<li><a href=\"http:\/\/persson.berkeley.edu\/distmesh\/\">DistMesh &#8211; A Simple Mesh Generator in MATLAB<\/a><\/li>\n<li><a href=\"http:\/\/Per-Olof Persson, UC Berkeley Mathematics\" target=\"_blank\" rel=\"noopener noreferrer\">Filmes\/simula\u00e7\u00f5es Num\u00e9ricas<\/a> (Prof. Per-Olof Persson, UC Berkeley Mathematics)<\/li>\n<\/ol>\n<h1>Refer\u00eancias Bibliogr\u00e1ficas<\/h1>\n<ol>\n<li>Larson, M. G. and Bengzon, F. <a href=\"http:\/\/www.springer.com\/la\/book\/9783642332869\" target=\"_blank\" rel=\"noopener noreferrer\"><em>The Finite Element Method: Theory, Implementation, and Applications<\/em><\/a>. Springer, 2013<\/li>\n<li>Claes Johnson. <a href=\"https:\/\/www.amazon.com\/Numerical-Solution-Differential-Equations-Mathematics\/dp\/048646900X\" target=\"_blank\" rel=\"noopener noreferrer\"><em>Numerical Solution of Partial Differential Equations by the Finite Element Method<\/em><\/a>. Dover Publication, 2009.<\/li>\n<li>Mark S. Gockenbach.&nbsp;<a href=\"http:\/\/bookstore.siam.org\/ot97\/\" target=\"_blank\" rel=\"noopener noreferrer\"><em>Understanding and implementing the finite element method<\/em><\/a>.&nbsp;Society for Industrial and Applied Mathematics (SIAM), 2006.<\/li>\n<li>\n<div>Endre Suli. <a href=\"https:\/\/www.maths.ox.ac.uk\/system\/files\/attachments\/OxPDE_L_12_03.pdf\" target=\"_blank\" rel=\"noopener noreferrer\"><em>Lecture Notes on Finite Element Methods for Partial Differential Equations<\/em><\/a>. Mathematical Institute, University of Oxford, 2012.<\/div>\n<\/li>\n<li>T.J.R. Hughes.&nbsp;<em><a href=\"https:\/\/www.amazon.com\/Finite-Element-Method-Mechanical-Engineering\/dp\/0486411818\" target=\"_blank\" rel=\"noopener noreferrer\">The Finite Element Method<\/a>.<\/em>&nbsp;Prentice-Hall, NJ, 1987.<\/li>\n<li>J.&nbsp;T.&nbsp;Oden,&nbsp;E.&nbsp;B.&nbsp;Becker,&nbsp;G.&nbsp;F.&nbsp;Carey. <a href=\"https:\/\/www.amazon.com\/Finite-Elements-Introduction-Tinsley-Oden\/dp\/0133170578\" target=\"_blank\" rel=\"noopener noreferrer\"><em>Finite&nbsp;Elements:&nbsp;An&nbsp;Introduction<\/em><\/a>. Vol 1,&nbsp;Prentice\u00ad Hall,&nbsp;1981.<\/li>\n<li>Jean Donea and Antonio Huerta. <em><a href=\"http:\/\/www.wiley.com\/WileyCDA\/WileyTitle\/productCd-0471496669.html\" target=\"_blank\" rel=\"noopener noreferrer\">Finite Element Methods for Flow Problems<\/a>.<\/em>&nbsp;John Wiley &amp; Sons, 2003.<\/li>\n<li>\n<div>&nbsp;Fr\u00e9d\u00e9ric Valentim. <em><a href=\"http:\/\/www.lncc.br\/~valentin\/docs\/aulas1-21.pdf\" target=\"_blank\" rel=\"noopener noreferrer\">M\u00e9todo de Elementos Finitos: Teoria B\u00e1sica<\/a> <\/em>(<em>Notas de Aula<\/em>). Laborat\u00f3rio Nacional de Computa\u00e7\u00e3o Cient\u00edfica &#8211; LNCC, 2012.<\/div>\n<\/li>\n<li>Susanne C. Brenner and L. R. Scott. T<em>he Mathematical Theory of Finite Element Methods<\/em>. Springer, 3a edi\u00e7\u00e3o, 2008.<\/li>\n<li>P. Ciarlet. <em>The finite element method for elliptic problems<\/em>. Classics in Applied Mathematics, SIAM, 2002.<\/li>\n<li>\n<div>A. Ern and J. L. Guermond. <em>Theory and Practice of Finite Elements<\/em>. Springer, 2004.<\/div>\n<\/li>\n<\/ol>\n","protected":false},"excerpt":{"rendered":"<p>Curso: Mestrado e Doutorado em Ci\u00eancia da Computa\u00e7\u00e3o (Per\u00edodo 2017\/2) Hor\u00e1rio das aulas: segunda feira: 13:00 &#8211; 17:00 horas &#8211; CT VI &#8211; Sala 114 Programa da disciplina: Aproxima\u00e7\u00e3o polinomial por partes em 1D Espa\u00e7os de fun\u00e7\u00f5es polinomiais por partes &hellip; <a href=\"https:\/\/blog.ufes.br\/isaacsantos\/ensino\/elementos-finitos-mestrado-ppgi\/\">Continue lendo <span class=\"meta-nav\">&rarr;<\/span><\/a><\/p>\n","protected":false},"author":279,"featured_media":0,"parent":73,"menu_order":0,"comment_status":"closed","ping_status":"closed","template":"","meta":{"_bbp_topic_count":0,"_bbp_reply_count":0,"_bbp_total_topic_count":0,"_bbp_total_reply_count":0,"_bbp_voice_count":0,"_bbp_anonymous_reply_count":0,"_bbp_topic_count_hidden":0,"_bbp_reply_count_hidden":0,"_bbp_forum_subforum_count":0,"_uag_custom_page_level_css":"","footnotes":""},"class_list":["post-21","page","type-page","status-publish","hentry"],"uagb_featured_image_src":{"full":false,"thumbnail":false,"medium":false,"medium_large":false,"large":false,"1536x1536":false,"2048x2048":false,"post-thumbnail":false,"large-feature":false,"small-feature":false},"uagb_author_info":{"display_name":"Isaac","author_link":"https:\/\/blog.ufes.br\/isaacsantos\/author\/isaac_pinheiro-dos-santos\/"},"uagb_comment_info":0,"uagb_excerpt":"Curso: Mestrado e Doutorado em Ci\u00eancia da Computa\u00e7\u00e3o (Per\u00edodo 2017\/2) Hor\u00e1rio das aulas: segunda feira: 13:00 &#8211; 17:00 horas &#8211; CT VI &#8211; Sala 114 Programa da disciplina: Aproxima\u00e7\u00e3o polinomial por partes em 1D Espa\u00e7os de fun\u00e7\u00f5es polinomiais por partes &hellip; Continue lendo &rarr;","_links":{"self":[{"href":"https:\/\/blog.ufes.br\/isaacsantos\/wp-json\/wp\/v2\/pages\/21","targetHints":{"allow":["GET"]}}],"collection":[{"href":"https:\/\/blog.ufes.br\/isaacsantos\/wp-json\/wp\/v2\/pages"}],"about":[{"href":"https:\/\/blog.ufes.br\/isaacsantos\/wp-json\/wp\/v2\/types\/page"}],"author":[{"embeddable":true,"href":"https:\/\/blog.ufes.br\/isaacsantos\/wp-json\/wp\/v2\/users\/279"}],"replies":[{"embeddable":true,"href":"https:\/\/blog.ufes.br\/isaacsantos\/wp-json\/wp\/v2\/comments?post=21"}],"version-history":[{"count":18,"href":"https:\/\/blog.ufes.br\/isaacsantos\/wp-json\/wp\/v2\/pages\/21\/revisions"}],"predecessor-version":[{"id":686,"href":"https:\/\/blog.ufes.br\/isaacsantos\/wp-json\/wp\/v2\/pages\/21\/revisions\/686"}],"up":[{"embeddable":true,"href":"https:\/\/blog.ufes.br\/isaacsantos\/wp-json\/wp\/v2\/pages\/73"}],"wp:attachment":[{"href":"https:\/\/blog.ufes.br\/isaacsantos\/wp-json\/wp\/v2\/media?parent=21"}],"curies":[{"name":"wp","href":"https:\/\/api.w.org\/{rel}","templated":true}]}}