{"id":218,"date":"2017-09-06T20:15:37","date_gmt":"2017-09-06T23:15:37","guid":{"rendered":"http:\/\/blog.ufes.br\/isaacsantos\/?page_id=218"},"modified":"2019-09-03T16:26:47","modified_gmt":"2019-09-03T19:26:47","slug":"atividades-administrativas","status":"publish","type":"page","link":"https:\/\/blog.ufes.br\/isaacsantos\/apresentacao\/atividades-administrativas\/","title":{"rendered":"ATIVIDADES ACAD\u00caMICAS"},"content":{"rendered":"<h1>ATIVIDADES NO PER\u00cdODO 2019\/2<\/h1>\n<h1>DISCIPLINAS (2019\/2):<\/h1>\n<ol>\n<li>M\u00e9todos Num\u00e9ricos (CEUNES)<\/li>\n<li>T\u00f3picos em An\u00e1lise Num\u00e9rica (\u00c1lgebra Linear Num\u00e9rica) (CEUNES)<\/li>\n<\/ol>\n<h1>ORIENTA\u00c7\u00d5ES ACAD\u00caMICAS EM ANDAMENTO (2019\/2):<\/h1>\n<ul>\n<li>\n<h1><strong>Projetos de Inicia\u00e7\u00e3o Cient\u00edfica da UFES &#8211; (PIBIC e PIVIC):<\/strong><\/h1>\n<ol>\n<li><i>Emanuel Oliveira Souza\u00a0<\/i> (Curso de Matem\u00e1tica Industrial). T\u00edtulo do Trabalho: <strong>Resolu\u00e7\u00e3o num\u00e9rica da equa\u00e7\u00e3o de Black-Scholes<\/strong>.<\/li>\n<\/ol>\n<\/li>\n<li>\n<h1>Disserta\u00e7\u00e3o de Mestrado no PPGI\/UFES:<\/h1>\n<ol>\n<li><i>Wilson Guasti Junior.<\/i> T\u00edtulo do Trabalho: <strong>M\u00e9todos num\u00e9ricos baseados em redes neurais para equa\u00e7\u00f5es diferenciais parciais<\/strong>.<\/li>\n<\/ol>\n<\/li>\n<li>\n<h1>Teses de Doutorado no PPGI\/UFES:<\/h1>\n<ol>\n<li><i>Ramoni Zancanela Sedano<\/i>. T\u00edtulo do Trabalho: <strong>Multiscale methods for solving turbulent incompressible flows<\/strong>.<\/li>\n<li>\n<p align=\"justify\"><i>Riedson Baptista<\/i>. T\u00edtulo do Trabalho: <strong>M\u00e9todos multiescalas para problemas incompress\u00edveis<\/strong> (Coorientador).<\/p>\n<\/li>\n<\/ol>\n<\/li>\n<li>\n<h1>Projeto de Pesquisa:<\/h1>\n<ol>\n<li>T\u00edtulo do Projeto: <strong>M\u00e9todo Multiescalas N\u00e3o Lineares Para Problemas de Transporte<\/strong><strong>. <\/strong>Projeto registrado na PRPPG: MNLPT 8913\/2018 (financiado pela FAPES). Per\u00edodo: 02\/01\/2018 &#8211; 01\/01\/2020.<\/li>\n<\/ol>\n<\/li>\n<li>\n<h1>ATIVIDADES ADMINISTRATIVAS<\/h1>\n<ol>\n<li>Sub<span style=\"font-size: medium\">chefe do Departamento de Matem\u00e1tica Aplicada \u2013 DMA &#8211; desde 2015<\/span><\/li>\n<li><span style=\"font-size: medium\">M<\/span><span style=\"font-size: medium\">embro suplente do Conselho Universit\u00e1rio \u2013 UFES &#8211; desde 2018<\/span><\/li>\n<li><span style=\"font-size: medium\">M<\/span><span style=\"font-size: medium\">embro da Comiss\u00e3o de Pesquisa e P\u00f3s-Gradua\u00e7\u00e3o do DMA &#8211; desde 07\/2017<\/span><\/li>\n<li><span style=\"font-size: medium\">M<\/span><span style=\"font-size: medium\">embro do N\u00facleo Docente Estruturante (NDE) do curso de Matem\u00e1tica Industrial<\/span><\/li>\n<li>\n<p align=\"justify\"><span style=\"font-size: medium\">Membro do Colegiado do curso de Matem\u00e1tica Industrial &#8211; desde Abril\/2019<\/span><\/p>\n<\/li>\n<li>\n<p align=\"justify\"><span style=\"font-size: medium\">Coordenador do Ciclo de Semin\u00e1rios do Curso de Matem\u00e1tica Industrial &#8211; desde Abril\/2019<br \/>\n<\/span><\/p>\n<\/li>\n<li>Membro da Comiss\u00e3o de Bolsas do PPGI\/UFES<\/li>\n<\/ol>\n<\/li>\n<\/ul>\n<h1>OUTRAS ATIVIDADES<\/h1>\n<ul>\n<li>Membro da <a href=\"https:\/\/fapes.es.gov.br\/\" target=\"_blank\" rel=\"noopener noreferrer\"><em>C\u00e2mara de Assessoramento da Funda\u00e7\u00e3o de Ampara \u00e0 Pesquisa do Esp\u00edrito Santo<\/em><\/a> (FAPES) &#8211; desde 2014.<\/li>\n<li>Membro s\u00f3cio da <a href=\"http:\/\/www.sbmac.org.br\/\" target=\"_blank\" rel=\"noopener noreferrer\"><em>Sociedade Brasileira de Matem\u00e1tica Aplicada e Computacional<\/em><\/a> &#8211; SBMAC<\/li>\n<li>Membro s\u00f3cio da <a href=\"https:\/\/www.sbm.org.br\/\" target=\"_blank\" rel=\"noopener noreferrer\"><em>Sociedade Brasileira de Matem\u00e1tica<\/em><\/a> &#8211; SBM<\/li>\n<li>Membro do Comit\u00ea Organizador do <em><a href=\"http:\/\/r1.ufrrj.br\/ermac\/\" target=\"_blank\" rel=\"noopener noreferrer\">Encontro Regional de Matem\u00e1tica Aplicada e Computacional<\/a><\/em>, UFES, 2018.<\/li>\n<li>Membro do\u00a0Comit\u00ea Executivo do\u00a0<em><a href=\"http:\/\/r1.ufrrj.br\/ermac\/\" target=\"_blank\" rel=\"noopener noreferrer\">Encontro Regional de Matem\u00e1tica Aplicada e Computacional<\/a><\/em>, UFRRJ, 2017.<\/li>\n<li>Membro do Comit\u00ea Organizador Local do<em><a href=\"http:\/\/www.prppg.ufes.br\/conteudo\/iii-congresso-de-matem%C3%A1tica-aplicada-e-computacional-se\" target=\"_blank\" rel=\"noopener noreferrer\"> III Congresso de Matem\u00e1tica Aplicada e Computacional &#8211; SE<\/a><\/em>, UFES, 2015.<\/li>\n<\/ul>\n<h1>ATIVIDADES ADMINISTRATIVAS ANTERIORES<\/h1>\n<ul>\n<li>Coordenador do Curso de Bacharelado em Matem\u00e1tica &#8211; Per\u00edodo xxx<\/li>\n<li>Membro do Colegiado do Curso de Engenharia de Computa\u00e7\u00e3o\u00a0&#8211; Per\u00edodo xxx<\/li>\n<li>Membro do Colegiado do Curso de Engenharia de Produ\u00e7\u00e3o\u00a0&#8211; Per\u00edodo xxx<\/li>\n<li>Representante Suplente do CEUNES no CEPE (Conselho de Ensino, Pesquisa e Extens\u00e3o)\u00a0&#8211; Per\u00edodo xxx<\/li>\n<li>Membro da Comiss\u00e3o Permanente de Avalia\u00e7\u00e3o Docente (CPAD) &#8211; CEUNES \u00a0&#8211; Per\u00edodo: \u00a010\/2015 &#8211; 10\/2017<br \/>\n<h3 class=\"r\"><\/h3>\n<\/li>\n<\/ul>\n","protected":false},"excerpt":{"rendered":"<p>ATIVIDADES NO PER\u00cdODO 2019\/2 DISCIPLINAS (2019\/2): M\u00e9todos Num\u00e9ricos (CEUNES) T\u00f3picos em An\u00e1lise Num\u00e9rica (\u00c1lgebra Linear Num\u00e9rica) (CEUNES) ORIENTA\u00c7\u00d5ES ACAD\u00caMICAS EM ANDAMENTO (2019\/2): Projetos de Inicia\u00e7\u00e3o Cient\u00edfica da UFES &#8211; (PIBIC e PIVIC): Emanuel Oliveira Souza\u00a0 (Curso de Matem\u00e1tica Industrial). T\u00edtulo &hellip; <a href=\"https:\/\/blog.ufes.br\/isaacsantos\/apresentacao\/atividades-administrativas\/\">Continue lendo <span class=\"meta-nav\">&rarr;<\/span><\/a><\/p>\n","protected":false},"author":279,"featured_media":0,"parent":114,"menu_order":0,"comment_status":"closed","ping_status":"closed","template":"","meta":{"_bbp_topic_count":0,"_bbp_reply_count":0,"_bbp_total_topic_count":0,"_bbp_total_reply_count":0,"_bbp_voice_count":0,"_bbp_anonymous_reply_count":0,"_bbp_topic_count_hidden":0,"_bbp_reply_count_hidden":0,"_bbp_forum_subforum_count":0,"_uag_custom_page_level_css":"","footnotes":""},"class_list":["post-218","page","type-page","status-publish","hentry"],"uagb_featured_image_src":{"full":false,"thumbnail":false,"medium":false,"medium_large":false,"large":false,"1536x1536":false,"2048x2048":false,"post-thumbnail":false,"large-feature":false,"small-feature":false},"uagb_author_info":{"display_name":"Isaac","author_link":"https:\/\/blog.ufes.br\/isaacsantos\/author\/isaac_pinheiro-dos-santos\/"},"uagb_comment_info":0,"uagb_excerpt":"ATIVIDADES NO PER\u00cdODO 2019\/2 DISCIPLINAS (2019\/2): M\u00e9todos Num\u00e9ricos (CEUNES) T\u00f3picos em An\u00e1lise Num\u00e9rica (\u00c1lgebra Linear Num\u00e9rica) (CEUNES) ORIENTA\u00c7\u00d5ES ACAD\u00caMICAS EM ANDAMENTO (2019\/2): Projetos de Inicia\u00e7\u00e3o Cient\u00edfica da UFES &#8211; (PIBIC e PIVIC): Emanuel Oliveira Souza\u00a0 (Curso de Matem\u00e1tica Industrial). T\u00edtulo &hellip; Continue lendo &rarr;","_links":{"self":[{"href":"https:\/\/blog.ufes.br\/isaacsantos\/wp-json\/wp\/v2\/pages\/218","targetHints":{"allow":["GET"]}}],"collection":[{"href":"https:\/\/blog.ufes.br\/isaacsantos\/wp-json\/wp\/v2\/pages"}],"about":[{"href":"https:\/\/blog.ufes.br\/isaacsantos\/wp-json\/wp\/v2\/types\/page"}],"author":[{"embeddable":true,"href":"https:\/\/blog.ufes.br\/isaacsantos\/wp-json\/wp\/v2\/users\/279"}],"replies":[{"embeddable":true,"href":"https:\/\/blog.ufes.br\/isaacsantos\/wp-json\/wp\/v2\/comments?post=218"}],"version-history":[{"count":13,"href":"https:\/\/blog.ufes.br\/isaacsantos\/wp-json\/wp\/v2\/pages\/218\/revisions"}],"predecessor-version":[{"id":621,"href":"https:\/\/blog.ufes.br\/isaacsantos\/wp-json\/wp\/v2\/pages\/218\/revisions\/621"}],"up":[{"embeddable":true,"href":"https:\/\/blog.ufes.br\/isaacsantos\/wp-json\/wp\/v2\/pages\/114"}],"wp:attachment":[{"href":"https:\/\/blog.ufes.br\/isaacsantos\/wp-json\/wp\/v2\/media?parent=218"}],"curies":[{"name":"wp","href":"https:\/\/api.w.org\/{rel}","templated":true}]}}