{"id":321,"date":"2018-03-02T17:22:59","date_gmt":"2018-03-02T20:22:59","guid":{"rendered":"http:\/\/blog.ufes.br\/isaacsantos\/?page_id=321"},"modified":"2018-03-04T12:23:08","modified_gmt":"2018-03-04T15:23:08","slug":"trabalho-de-conclusao-de-curso-de-graduacao","status":"publish","type":"page","link":"https:\/\/blog.ufes.br\/isaacsantos\/pesquisa\/trabalho-de-conclusao-de-curso-de-graduacao\/","title":{"rendered":"Trabalhos de conclus\u00e3o de curso de gradua\u00e7\u00e3o conclu\u00eddos"},"content":{"rendered":"<div class=\"cita-artigos\"><\/div>\n<div class=\"layout-cell layout-cell-1 text-align-right\">\n<ol>\n<li><strong>Joanna D&#8217;Arc Nogueira Veloso<\/strong>.\u00a0<em>Introdu\u00e7\u00e3o aos sistemas hiperb\u00f3licos de leis de conserva\u00e7\u00e3o e o problema de Riemann<\/em>.\u00a0Curso de Bacharelado em Matem\u00e1tica, UFES, Campus de S\u00e3o Mateus, 2017.<\/li>\n<li>\n<hr \/>\n<p><strong>Rameyli Godoi<\/strong>.\u00a0<em>Introdu\u00e7\u00e3o as leis de conserva\u00e7\u00e3o e uma aplica\u00e7\u00e3o na modelagem do tr\u00e1fego de ve\u00edculos<\/em>. Curso de Bacharelado em Matem\u00e1tica, UFES, Campus de S\u00e3o Mateus, 2017.<\/li>\n<li>\n<hr \/>\n<p><strong>Larissa Santos Coutinho Jorge<\/strong>. <em>Modelagem matem\u00e1tica e simula\u00e7\u00e3o num\u00e9rica do problema de dispers\u00e3o de poluentes ao redor de um pr\u00e9dio c\u00fabico<\/em>. Curso de Matem\u00e1tica Industrial, UFES, Campus de S\u00e3o Mateus, 2017. (Orienta\u00e7\u00e3o em parceria com a professora Fernanda Capucho Cezana (IFES)).<\/li>\n<li>\n<hr \/>\n<p><strong>Brendon de Jesus Rodrigues<\/strong>. <em>Introdu\u00e7\u00e3o \u00e0 Solu\u00e7\u00e3o Num\u00e9rica de Problemas Transientes via M\u00e9todo de Elementos Finitos<\/em>. Curso de Matem\u00e1tica Industrial, UFES, Campus de S\u00e3o Mateus, 2016.<\/li>\n<li>\n<hr \/>\n<p><strong>Fernanda Matos Oliveira<\/strong>. <em>Uma Introdu\u00e7\u00e3o a Modelagem do Crescimento Tumoral<\/em>. Curso de Bacharelado em Matem\u00e1tica, UFES, \u00a0Campus de S\u00e3o Mateus, 2016.<\/li>\n<li>\n<hr \/>\n<p><strong>Laisa Karoline Muller<\/strong>. <em>Estudo de M\u00e9todos de Krylov Para Resolver Sistemas Lineares no Contexto do M\u00e9todo de Elementos Finitos<\/em>. Curso de Bacharelado em Matem\u00e1tica, UFES, \u00a0Campus de S\u00e3o Mateus, 2014.<\/li>\n<li>\n<hr \/>\n<p><strong>Rodolfo Henrique Erler Rocha<\/strong>. <em>M\u00e9todos Num\u00e9ricos Lineares Generalizados Baseados no M\u00e9todo SOR Aplicados na Solu\u00e7\u00e3o de Sistemas N\u00e3o Lineares de Equa\u00e7\u00f5es.<\/em>\u00a0Curso de Bacharelado em Ci\u00eancia da Computa\u00e7\u00e3o, UFES, \u00a0Campus de Goiabeiras, 2013.<\/li>\n<li>\n<hr \/>\n<p><strong>Ramoni Zancanela Sedano<\/strong>. <em>O Problema de Escoamento Misc\u00edvel em Meios Porosos<\/em>. Curso de Bacharelado em Matem\u00e1tica, UFES, \u00a0Campus de S\u00e3o Mateus, 2013.<\/li>\n<li>\n<hr \/>\n<p><strong>Josiele da Silva Teixeira<\/strong>. <em>Modelagem Matem\u00e1tica e Computacional do Problema de Escoamento Misc\u00edvel em Meios Porosos<\/em>. Curso de Bacharelado em Matem\u00e1tica, UFES, \u00a0Campus de S\u00e3o Mateus, 2011.<\/li>\n<li>\n<hr \/>\n<p><strong>Lyvia Aloquio<\/strong>. <em>M\u00e9todos de Elementos Finitos Estabilizados Lineares Para Problemas de Transporte Convectivo-Difusivo-Reativo<\/em>. Curso de Bacharelado em Matem\u00e1tica, UFES, \u00a0Campus de S\u00e3o Mateus, 2011.<\/li>\n<li>\n<hr \/>\n<p><strong>Stella Oggioni da Fonseca<\/strong>. <em>M\u00e9todos de Elementos Finitos Estabilizados Baseados no Enriquecimento dos Espa\u00e7os de Aproxima\u00e7\u00e3o com Fun\u00e7\u00f5es do tipo Bolha<\/em>. 2011. Trabalho de Conclus\u00e3o de Curso. (Gradua\u00e7\u00e3o em Matem\u00e1tica) &#8211; Universidade Federal do Espirito Santo.<\/li>\n<li>\n<hr \/>\n<p><strong>Ana Paula Terra da Silva<\/strong> e <strong>Egly Freitas Bayerl<\/strong>. X-Num Um Ambiente para o Ensino e Aprendizagem de Express\u00f5es Num\u00e9ricas. Curso de Bacharelado em Ci\u00eancia da Computa\u00e7\u00e3o, Faculdades Integradas Esp\u00edrito Santense (FAESA), 2003. (Orienta\u00e7\u00e3o em parceria com a professora Elvira Lovatte).<\/li>\n<\/ol>\n<\/div>\n<p>&nbsp;<\/p>\n","protected":false},"excerpt":{"rendered":"<p>Joanna D&#8217;Arc Nogueira Veloso.\u00a0Introdu\u00e7\u00e3o aos sistemas hiperb\u00f3licos de leis de conserva\u00e7\u00e3o e o problema de Riemann.\u00a0Curso de Bacharelado em Matem\u00e1tica, UFES, Campus de S\u00e3o Mateus, 2017. Rameyli Godoi.\u00a0Introdu\u00e7\u00e3o as leis de conserva\u00e7\u00e3o e uma aplica\u00e7\u00e3o na modelagem do tr\u00e1fego de &hellip; <a href=\"https:\/\/blog.ufes.br\/isaacsantos\/pesquisa\/trabalho-de-conclusao-de-curso-de-graduacao\/\">Continue lendo <span class=\"meta-nav\">&rarr;<\/span><\/a><\/p>\n","protected":false},"author":279,"featured_media":0,"parent":79,"menu_order":1,"comment_status":"closed","ping_status":"closed","template":"","meta":{"_bbp_topic_count":0,"_bbp_reply_count":0,"_bbp_total_topic_count":0,"_bbp_total_reply_count":0,"_bbp_voice_count":0,"_bbp_anonymous_reply_count":0,"_bbp_topic_count_hidden":0,"_bbp_reply_count_hidden":0,"_bbp_forum_subforum_count":0,"_uag_custom_page_level_css":"","footnotes":""},"class_list":["post-321","page","type-page","status-publish","hentry"],"uagb_featured_image_src":{"full":false,"thumbnail":false,"medium":false,"medium_large":false,"large":false,"1536x1536":false,"2048x2048":false,"post-thumbnail":false,"large-feature":false,"small-feature":false},"uagb_author_info":{"display_name":"Isaac","author_link":"https:\/\/blog.ufes.br\/isaacsantos\/author\/isaac_pinheiro-dos-santos\/"},"uagb_comment_info":0,"uagb_excerpt":"Joanna D&#8217;Arc Nogueira Veloso.\u00a0Introdu\u00e7\u00e3o aos sistemas hiperb\u00f3licos de leis de conserva\u00e7\u00e3o e o problema de Riemann.\u00a0Curso de Bacharelado em Matem\u00e1tica, UFES, Campus de S\u00e3o Mateus, 2017. Rameyli Godoi.\u00a0Introdu\u00e7\u00e3o as leis de conserva\u00e7\u00e3o e uma aplica\u00e7\u00e3o na modelagem do tr\u00e1fego de &hellip; Continue lendo &rarr;","_links":{"self":[{"href":"https:\/\/blog.ufes.br\/isaacsantos\/wp-json\/wp\/v2\/pages\/321","targetHints":{"allow":["GET"]}}],"collection":[{"href":"https:\/\/blog.ufes.br\/isaacsantos\/wp-json\/wp\/v2\/pages"}],"about":[{"href":"https:\/\/blog.ufes.br\/isaacsantos\/wp-json\/wp\/v2\/types\/page"}],"author":[{"embeddable":true,"href":"https:\/\/blog.ufes.br\/isaacsantos\/wp-json\/wp\/v2\/users\/279"}],"replies":[{"embeddable":true,"href":"https:\/\/blog.ufes.br\/isaacsantos\/wp-json\/wp\/v2\/comments?post=321"}],"version-history":[{"count":8,"href":"https:\/\/blog.ufes.br\/isaacsantos\/wp-json\/wp\/v2\/pages\/321\/revisions"}],"predecessor-version":[{"id":323,"href":"https:\/\/blog.ufes.br\/isaacsantos\/wp-json\/wp\/v2\/pages\/321\/revisions\/323"}],"up":[{"embeddable":true,"href":"https:\/\/blog.ufes.br\/isaacsantos\/wp-json\/wp\/v2\/pages\/79"}],"wp:attachment":[{"href":"https:\/\/blog.ufes.br\/isaacsantos\/wp-json\/wp\/v2\/media?parent=321"}],"curies":[{"name":"wp","href":"https:\/\/api.w.org\/{rel}","templated":true}]}}