{"id":329,"date":"2018-03-02T17:35:51","date_gmt":"2018-03-02T20:35:51","guid":{"rendered":"http:\/\/blog.ufes.br\/isaacsantos\/?page_id=329"},"modified":"2018-03-04T12:24:49","modified_gmt":"2018-03-04T15:24:49","slug":"iniciacao-cientifica-piic-ufes-concluidas","status":"publish","type":"page","link":"https:\/\/blog.ufes.br\/isaacsantos\/pesquisa\/iniciacao-cientifica-piic-ufes-concluidas\/","title":{"rendered":"Inicia\u00e7\u00e3o Cient\u00edfica &#8211; PIIC\/UFES (conclu\u00eddas)"},"content":{"rendered":"<h2><\/h2>\n<ol>\n<li><strong>Laisa Karoline Muller<\/strong> (Curso de Matem\u00e1tica) &#8211;\u00a0<em>Estudo de M\u00e9todos Iterativos Baseados nos Espa\u00e7os de Krylov Aplicados na Solu\u00e7\u00e3o de Sistemas Lineares<\/em>, 2013.<\/li>\n<li>\n<hr \/>\n<p><strong>Laisa Karoline Muller\u00a0<\/strong>(Curso de Matem\u00e1tica) &#8211; <em>M\u00e9todos Iterativos Para Sistemas Lineares<\/em>, 2012.<\/li>\n<li>\n<hr \/>\n<p><strong>Ramoni Zancanela Sedano<\/strong> (Curso de Matem\u00e1tica) &#8211; <em>Estudo Num\u00e9rico do Problema de Transporte Convectivo-Difusivo-Reativo atrav\u00e9s do M\u00e9todo de Elementos Finitos<\/em>, 2012.<\/li>\n<li>\n<hr \/>\n<p><strong>Ramoni Zancanela Sedano<\/strong> (Curso de Matem\u00e1tica) &#8211; <em>Modelagem Computacional via M\u00e9todos de Elementos Finitos<\/em>, 2011.<\/li>\n<li>\n<hr \/>\n<p><strong>Lara Reis Rupf\u00a0<\/strong>(Curso de Engenharia Qu\u00edmica) &#8211; <em>Modelagem num\u00e9rica da transfer\u00eancia de calor em part\u00edculas de banana via m\u00e9todo de Crank-Nicolson<\/em>, 2011.<\/li>\n<li>\n<hr \/>\n<p><strong>Laisa Karoline Muller<\/strong> (Curso de Matem\u00e1tica) &#8211; <em>Solu\u00e7\u00f5es Num\u00e9ricas de Problemas Convectivos e Difusivos Estacion\u00e1rios via M\u00e9todo de Elementos Finitos<\/em>, 2011.<\/li>\n<li>\n<hr \/>\n<p><strong>Ernane Schaeffer Bergamin<\/strong> (Curso de Engenharia de Petr\u00f3leo) &#8211; <em>Estudos de M\u00e9todos das Diferen\u00e7as Finitas Para Problemas Convectivos e Difusivos Estacion\u00e1rios<\/em>, 2009.<\/li>\n<li>\n<hr \/>\n<p><strong>Leticia Recla<\/strong> (Curso de Engenharia Qu\u00edmica) &#8211; <em>Estudo da transfer\u00eancia de calor em part\u00edculas cil\u00edndricas de banana atrav\u00e9s do m\u00e9todo das diferen\u00e7as finitas<\/em>, 2009.<\/li>\n<li>\n<hr \/>\n<p><strong>Lyvia Aloquio<\/strong> (Curso de Matem\u00e1tica) &#8211;<em> M\u00e9todo dos Elementos Finitos Para Problemas Convectivos e Difusivos Estacion\u00e1rios<\/em>, 2009.<\/li>\n<\/ol>\n","protected":false},"excerpt":{"rendered":"<p>Laisa Karoline Muller (Curso de Matem\u00e1tica) &#8211;\u00a0Estudo de M\u00e9todos Iterativos Baseados nos Espa\u00e7os de Krylov Aplicados na Solu\u00e7\u00e3o de Sistemas Lineares, 2013. Laisa Karoline Muller\u00a0(Curso de Matem\u00e1tica) &#8211; M\u00e9todos Iterativos Para Sistemas Lineares, 2012. Ramoni Zancanela Sedano (Curso de Matem\u00e1tica) &hellip; <a href=\"https:\/\/blog.ufes.br\/isaacsantos\/pesquisa\/iniciacao-cientifica-piic-ufes-concluidas\/\">Continue lendo <span class=\"meta-nav\">&rarr;<\/span><\/a><\/p>\n","protected":false},"author":279,"featured_media":0,"parent":79,"menu_order":0,"comment_status":"closed","ping_status":"closed","template":"","meta":{"_bbp_topic_count":0,"_bbp_reply_count":0,"_bbp_total_topic_count":0,"_bbp_total_reply_count":0,"_bbp_voice_count":0,"_bbp_anonymous_reply_count":0,"_bbp_topic_count_hidden":0,"_bbp_reply_count_hidden":0,"_bbp_forum_subforum_count":0,"_uag_custom_page_level_css":"","footnotes":""},"class_list":["post-329","page","type-page","status-publish","hentry"],"uagb_featured_image_src":{"full":false,"thumbnail":false,"medium":false,"medium_large":false,"large":false,"1536x1536":false,"2048x2048":false,"post-thumbnail":false,"large-feature":false,"small-feature":false},"uagb_author_info":{"display_name":"Isaac","author_link":"https:\/\/blog.ufes.br\/isaacsantos\/author\/isaac_pinheiro-dos-santos\/"},"uagb_comment_info":0,"uagb_excerpt":"Laisa Karoline Muller (Curso de Matem\u00e1tica) &#8211;\u00a0Estudo de M\u00e9todos Iterativos Baseados nos Espa\u00e7os de Krylov Aplicados na Solu\u00e7\u00e3o de Sistemas Lineares, 2013. Laisa Karoline Muller\u00a0(Curso de Matem\u00e1tica) &#8211; M\u00e9todos Iterativos Para Sistemas Lineares, 2012. Ramoni Zancanela Sedano (Curso de Matem\u00e1tica) &hellip; Continue lendo &rarr;","_links":{"self":[{"href":"https:\/\/blog.ufes.br\/isaacsantos\/wp-json\/wp\/v2\/pages\/329","targetHints":{"allow":["GET"]}}],"collection":[{"href":"https:\/\/blog.ufes.br\/isaacsantos\/wp-json\/wp\/v2\/pages"}],"about":[{"href":"https:\/\/blog.ufes.br\/isaacsantos\/wp-json\/wp\/v2\/types\/page"}],"author":[{"embeddable":true,"href":"https:\/\/blog.ufes.br\/isaacsantos\/wp-json\/wp\/v2\/users\/279"}],"replies":[{"embeddable":true,"href":"https:\/\/blog.ufes.br\/isaacsantos\/wp-json\/wp\/v2\/comments?post=329"}],"version-history":[{"count":3,"href":"https:\/\/blog.ufes.br\/isaacsantos\/wp-json\/wp\/v2\/pages\/329\/revisions"}],"predecessor-version":[{"id":351,"href":"https:\/\/blog.ufes.br\/isaacsantos\/wp-json\/wp\/v2\/pages\/329\/revisions\/351"}],"up":[{"embeddable":true,"href":"https:\/\/blog.ufes.br\/isaacsantos\/wp-json\/wp\/v2\/pages\/79"}],"wp:attachment":[{"href":"https:\/\/blog.ufes.br\/isaacsantos\/wp-json\/wp\/v2\/media?parent=329"}],"curies":[{"name":"wp","href":"https:\/\/api.w.org\/{rel}","templated":true}]}}