{"id":377,"date":"2018-03-06T15:55:26","date_gmt":"2018-03-06T18:55:26","guid":{"rendered":"http:\/\/blog.ufes.br\/isaacsantos\/?page_id=377"},"modified":"2020-03-03T22:22:41","modified_gmt":"2020-03-04T01:22:41","slug":"topicos-em-modelagem-matematica","status":"publish","type":"page","link":"https:\/\/blog.ufes.br\/isaacsantos\/ensino\/topicos-em-modelagem-matematica\/","title":{"rendered":"T\u00f3picos em Modelagem Matem\u00e1tica de Sistemas Cont\u00ednuos &#8211; 2019\/1"},"content":{"rendered":"<h1><strong>Cursos<\/strong>:<\/h1>\n<ul>\n<li>Matem\u00e1tica (Industrial e Licenciatura)<\/li>\n<\/ul>\n<h1><strong>Hor\u00e1rio das aulas<\/strong>:<\/h1>\n<ul>\n<li>ter\u00e7as 07:00 &#8211; 08:40 (Sala 02) e quintas 10:40 &#8211; 12:20 (Sala 06)<\/li>\n<\/ul>\n<h2><strong>Programa da disciplina<\/strong>:<\/h2>\n<ol>\n<li>Introdu\u00e7\u00e3o \u00e0 modelagem matem\u00e1tica<\/li>\n<li>Diferencia\u00e7\u00e3o (derivadas Gateaux e Fr\u00e9chet)<\/li>\n<li>No\u00e7\u00f5es de equa\u00e7\u00f5es diferenciais parciais;<\/li>\n<li>Tensores<\/li>\n<li>Introdu\u00e7\u00e3o \u00e0 Mec\u00e2nica do Cont\u00ednuo<\/li>\n<li>Cinem\u00e1tica<\/li>\n<li>Leis de Conserva\u00e7\u00e3o <span lang=\"pt-BR\">(<\/span><span lang=\"pt-BR\">m<\/span><span lang=\"pt-BR\">assa, <\/span><span lang=\"pt-BR\">momentum linear, <\/span><span lang=\"pt-BR\">energia <\/span><span lang=\"pt-BR\">e <\/span><span lang=\"pt-BR\">momento angular<\/span><span lang=\"pt-BR\">)<\/span><\/li>\n<li><span lang=\"pt-BR\">E<\/span><span lang=\"pt-BR\">qua\u00e7\u00e3o de transporte convectivo-difusivo-reativo<\/span><\/li>\n<li><span lang=\"pt-BR\">M<\/span><span lang=\"pt-BR\">odelos populacionais cont\u00ednuos<\/span><\/li>\n<li>Equa\u00e7\u00f5es de Euler e Navier-Stokes<\/li>\n<\/ol>\n<h1>Data das provas:<\/h1>\n<ul>\n<li><\/li>\n<\/ul>\n<p>A m\u00e9dia semestral (MS) ser\u00e1&nbsp; a m\u00e9dia aritm\u00e9tica das 3 avalia\u00e7\u00f5es. O estudante ser\u00e1 aprovado sem necessidade de fazer a prova final se MS &gt;= 7.0.<\/p>\n<p>Para os alunos que far\u00e3o a prova final, a M\u00e9dia Final (MF) ser\u00e1<\/p>\n<p>MF =&nbsp; (MS + PF) \/ 2,<\/p>\n<p>onde PF \u00e9 a nota da prova final. O aluno ser\u00e1 aprovado se MF &gt;= 5.0.<\/p>\n<h1><\/h1>\n<h1>Refer\u00eancias Bibliogr\u00e1ficas:<\/h1>\n<ol>\n<li><span lang=\"en-US\">Bassanezi,<\/span><span lang=\"en-US\"> Rodney C. Ensino-aprendizagem com modelagem matem\u00e1tica.S\u00e3o Paulo: Contexto, 2002.<\/span><\/li>\n<li>Santos, I. P. Introdu\u00e7\u00e3o \u00e0 modelagem matem\u00e1tica de sistemas cont\u00ednuos. Notas de aulas, 2019.<\/li>\n<li>Introduction to Continuum Mechanics &#8211; Gurtin, M., Academic Press, 1981.<\/li>\n<li>Principles of Continuum&nbsp;Mechanics:&nbsp;A Study of Conservation Principles with&nbsp;Applications. J. N. Reddy, 2010.<\/li>\n<li>Partial Differential Equations in Action: From Modelling to Theory. S. Salsa, 2015<\/li>\n<li>An Introduction to&nbsp;Mathematical Modeling:&nbsp;A Course in Mechanics. T. Oden, 2011<\/li>\n<li>A Concrete Approach to Matthematical Modelling &#8211; Masterton,M., Gibhons, J. Wiley, NY, 1995<\/li>\n<li>Josef Kallrath (org). Modeling languages in mathematical optimization. Kluwer Academic Publisher, 2004.<\/li>\n<li><span lang=\"en-US\">A<\/span><span lang=\"en-US\">n Introduction to Mathematical Modeling: A Course in Mechanics. T. Oden, 2011<\/span><\/li>\n<li>Fox. R. W and McDonald, A. T. Introdu\u00e7\u00e3o \u00e0 Mec\u00e2nica dos Fluidos. LTC Editora, 1998.<\/li>\n<li>A Concrete Approach to Matthematical Modelling \u2013 Masterton,M., Gibhons, J. Wiley, NY, 1995<\/li>\n<li>Chorin, A. J and Marsden J. E. A Mathematical Introduction to Fluid Mechanics. Springer, 2000.<\/li>\n<li>Murray, J. D. Mathematical Biology. 2a ed. Springer, 1993.<\/li>\n<li>Chaveco, A. I. R. Modelagem Matem\u00e1tica de Processos Diversos. Ed. Appris, 2018.<\/li>\n<li><a href=\"https:\/\/epubs.siam.org\/doi\/abs\/10.1137\/1.9781611971071.ch1\" target=\"_blank\" rel=\"noopener noreferrer\">Problems Arising in the Modeling of Processes for Hydrocarbon Recovery<\/a><\/li>\n<\/ol>\n","protected":false},"excerpt":{"rendered":"<p>Cursos: Matem\u00e1tica (Industrial e Licenciatura) Hor\u00e1rio das aulas: ter\u00e7as 07:00 &#8211; 08:40 (Sala 02) e quintas 10:40 &#8211; 12:20 (Sala 06) Programa da disciplina: Introdu\u00e7\u00e3o \u00e0 modelagem matem\u00e1tica Diferencia\u00e7\u00e3o (derivadas Gateaux e Fr\u00e9chet) No\u00e7\u00f5es de equa\u00e7\u00f5es diferenciais parciais; Tensores Introdu\u00e7\u00e3o &hellip; <a href=\"https:\/\/blog.ufes.br\/isaacsantos\/ensino\/topicos-em-modelagem-matematica\/\">Continue lendo <span class=\"meta-nav\">&rarr;<\/span><\/a><\/p>\n","protected":false},"author":279,"featured_media":0,"parent":73,"menu_order":0,"comment_status":"closed","ping_status":"closed","template":"","meta":{"_bbp_topic_count":0,"_bbp_reply_count":0,"_bbp_total_topic_count":0,"_bbp_total_reply_count":0,"_bbp_voice_count":0,"_bbp_anonymous_reply_count":0,"_bbp_topic_count_hidden":0,"_bbp_reply_count_hidden":0,"_bbp_forum_subforum_count":0,"_uag_custom_page_level_css":"","footnotes":""},"class_list":["post-377","page","type-page","status-publish","hentry"],"uagb_featured_image_src":{"full":false,"thumbnail":false,"medium":false,"medium_large":false,"large":false,"1536x1536":false,"2048x2048":false,"post-thumbnail":false,"large-feature":false,"small-feature":false},"uagb_author_info":{"display_name":"Isaac","author_link":"https:\/\/blog.ufes.br\/isaacsantos\/author\/isaac_pinheiro-dos-santos\/"},"uagb_comment_info":0,"uagb_excerpt":"Cursos: Matem\u00e1tica (Industrial e Licenciatura) Hor\u00e1rio das aulas: ter\u00e7as 07:00 &#8211; 08:40 (Sala 02) e quintas 10:40 &#8211; 12:20 (Sala 06) Programa da disciplina: Introdu\u00e7\u00e3o \u00e0 modelagem matem\u00e1tica Diferencia\u00e7\u00e3o (derivadas Gateaux e Fr\u00e9chet) No\u00e7\u00f5es de equa\u00e7\u00f5es diferenciais parciais; Tensores Introdu\u00e7\u00e3o &hellip; Continue lendo &rarr;","_links":{"self":[{"href":"https:\/\/blog.ufes.br\/isaacsantos\/wp-json\/wp\/v2\/pages\/377","targetHints":{"allow":["GET"]}}],"collection":[{"href":"https:\/\/blog.ufes.br\/isaacsantos\/wp-json\/wp\/v2\/pages"}],"about":[{"href":"https:\/\/blog.ufes.br\/isaacsantos\/wp-json\/wp\/v2\/types\/page"}],"author":[{"embeddable":true,"href":"https:\/\/blog.ufes.br\/isaacsantos\/wp-json\/wp\/v2\/users\/279"}],"replies":[{"embeddable":true,"href":"https:\/\/blog.ufes.br\/isaacsantos\/wp-json\/wp\/v2\/comments?post=377"}],"version-history":[{"count":28,"href":"https:\/\/blog.ufes.br\/isaacsantos\/wp-json\/wp\/v2\/pages\/377\/revisions"}],"predecessor-version":[{"id":690,"href":"https:\/\/blog.ufes.br\/isaacsantos\/wp-json\/wp\/v2\/pages\/377\/revisions\/690"}],"up":[{"embeddable":true,"href":"https:\/\/blog.ufes.br\/isaacsantos\/wp-json\/wp\/v2\/pages\/73"}],"wp:attachment":[{"href":"https:\/\/blog.ufes.br\/isaacsantos\/wp-json\/wp\/v2\/media?parent=377"}],"curies":[{"name":"wp","href":"https:\/\/api.w.org\/{rel}","templated":true}]}}