{"id":79,"date":"2017-08-23T16:22:26","date_gmt":"2017-08-23T19:22:26","guid":{"rendered":"http:\/\/blog.ufes.br\/isaacsantos\/?page_id=79"},"modified":"2018-03-04T12:39:55","modified_gmt":"2018-03-04T15:39:55","slug":"pesquisa","status":"publish","type":"page","link":"https:\/\/blog.ufes.br\/isaacsantos\/pesquisa\/","title":{"rendered":"PESQUISA"},"content":{"rendered":"<h1><span style=\"color: #0000ff\"><a style=\"color: #0000ff\" href=\"http:\/\/buscatextual.cnpq.br\/buscatextual\/visualizacv.do?id=K4759953A6\">Curr\u00edculo Lattes<\/a><\/span><\/h1>\n<h1><span style=\"color: #0000ff\"><a style=\"color: #0000ff\" href=\"http:\/\/blog.ufes.br\/isaacsantos\/pesquisa\/links-interessantes\/\" target=\"_blank\" rel=\"noopener\">Links Interessantes<\/a><\/span><\/h1>\n<h1><span style=\"color: #ff0000\">\u00c1reas de Interesse:<\/span><\/h1>\n<ul>\n<li><em>An\u00e1lise Num\u00e9rica e Computa\u00e7\u00e3o Cient\u00edfica<\/em><\/li>\n<li><em>Solu\u00e7\u00f5es Num\u00e9ricas de Equa\u00e7\u00f5es Diferenciais Parciais<\/em><\/li>\n<li><em>Formula\u00e7\u00f5es estabilizadas do M\u00e9todo de Elementos Finitos<\/em><\/li>\n<li><em>Computa\u00e7\u00e3o de Alto Desempenho<\/em><\/li>\n<\/ul>\n<h1><span style=\"color: #ff0000\">Orienta\u00e7\u00f5es Acad\u00eamicas em Andamento:<\/span><\/h1>\n<ul>\n<li><strong>Doutorado (Coorienta\u00e7\u00e3o)<\/strong>\n<ol>\n<li>Sergio Souza Bento &#8211; <em>Nonlinear multiscale viscosity methods an time integration schemes for solving compressible Euler equations<\/em>. Doutorado em Ci\u00eancia da Computa\u00e7\u00e3o, PPGI\/UFES (in\u00edcio 2015).<\/li>\n<li>Riedson Baptista &#8211;\u00a0<em>M\u00e9todos multiescalas para problemas incompress\u00edveis<\/em>.\u00a0Doutorado em Ci\u00eancia da Computa\u00e7\u00e3o, PPGI\/UFES (in\u00edcio 2016).<\/li>\n<\/ol>\n<\/li>\n<li>\n<h1>Mestrado<\/h1>\n<\/li>\n<li>\n<h1>Inicia\u00e7\u00e3o Cient\u00edfica\u00a0&#8211; PIIC\/UFES<\/h1>\n<ol>\n<li>Yeverson Carlos Costa dos Santos (Curso de Matem\u00e1tica Industrial) &#8211; <em>Introdu\u00e7\u00e3o ao M\u00e9todo de Elementos Finitos<\/em>, 2017.<\/li>\n<li>ine Benine (Curso de Matem\u00e1tica Industrial) &#8211;<em> Introdu\u00e7\u00e3o ao M\u00e9todo de Diferen\u00e7as Finitas<\/em>, 2017.<\/li>\n<\/ol>\n<\/li>\n<li><strong>Trabalhos de Conclus\u00e3o de Curso (TCC) em andamento &#8211; 2018\/1<\/strong>\n<ol>\n<li>Paula Gon\u00e7alves (Licenciatura em Matem\u00e1tica): <em>M\u00e9todos num\u00e9ricos para resolver equa\u00e7\u00f5es n\u00e3o lineares<\/em><\/li>\n<\/ol>\n<\/li>\n<\/ul>\n<h1><span style=\"color: #ff0000\">Projetos de orienta\u00e7\u00e3o acad\u00eamica dispon\u00edveis:\u00a0<\/span><\/h1>\n<ul>\n<li><strong>Mestrado e doutorado (PPGI\/UFES) <\/strong>(<em>teoria e implementa\u00e7\u00e3o do m\u00e9todo de elementos finitos e suas aplica\u00e7\u00f5es<\/em>)<\/li>\n<\/ul>\n<ul>\n<li><strong>Trabalho de Conclus\u00e3o de Curso: 04 Projetos dispon\u00edveis<\/strong><br \/>\n<table style=\"height: 232px\" border=\"1\" width=\"603\" cellspacing=\"2\" cellpadding=\"3\">\n<tbody>\n<tr>\n<td valign=\"TOP\" bgcolor=\"#ffff99\"><strong>P\u00fablico<\/strong>: estudantes de Matem\u00e1tica (Bacharelado, Industrial e Licenciatura), Ci\u00eancia da Computa\u00e7\u00e3o, Engenharias e F\u00edsica<\/p>\n<ul>\n<li>Um TCC (Trabalho de conclus\u00e3o de curso) envolve a escrita de um relat\u00f3rio t\u00e9cnico-cient\u00edfico (dentro das normas t\u00e9cnicas e usando o LATEX) descrevendo o problema a ser abordado, os detalhes da formula\u00e7\u00e3o matem\u00e1tica\/num\u00e9rica\/computacional, descri\u00e7\u00e3o dos resultados e conclus\u00f5es. O aluno dever\u00e1 fazer uma apresenta\u00e7\u00e3o oral do seu trabalho, conforme as regras do colegiado do seu curso.<\/li>\n<\/ul>\n<\/td>\n<\/tr>\n<\/tbody>\n<\/table>\n<ul>\n<li style=\"list-style-type: none\">\n<ol>\n<li><em>Modelo de turbul\u00eancia de Smagorinky<\/em><\/li>\n<li><em>Sistemas hiperb\u00f3licos de leis de conserva\u00e7\u00e3o<\/em><\/li>\n<li><em>O problema de Stokes<\/em><\/li>\n<li><em>O m\u00e9todo de elementos finitos para problemas el\u00edpticos<\/em><\/li>\n<\/ol>\n<h2><\/h2>\n<\/li>\n<\/ul>\n<\/li>\n<\/ul>\n<h1><span style=\"color: #ff0000\">Orienta\u00e7\u00f5es Acad\u00eamicas Conclu\u00eddas:<\/span><\/h1>\n<ul>\n<li>\n<h2><a href=\"http:\/\/blog.ufes.br\/isaacsantos\/pesquisa\/dissertacoes-de-mestrado-concluidas\/\" target=\"_blank\" rel=\"noopener\">Disserta\u00e7\u00f5es de Mestrado<\/a><\/h2>\n<\/li>\n<li>\n<h2><a href=\"http:\/\/blog.ufes.br\/isaacsantos\/pesquisa\/iniciacao-cientifica-piic-ufes-concluidas\/\" target=\"_blank\" rel=\"noopener\">Inicia\u00e7\u00e3o Cient\u00edfica &#8211; PIIC\/UFES<\/a><\/h2>\n<\/li>\n<li>\n<h2><a href=\"http:\/\/blog.ufes.br\/isaacsantos\/trabalho-de-conclusao-de-curso-de-graduacao\/\" target=\"_blank\" rel=\"noopener\">Trabalhos de Conclus\u00e3o de Curso &#8211; Conclu\u00eddos<\/a><\/h2>\n<\/li>\n<\/ul>\n<h1><span style=\"color: #ff0000\">Publica\u00e7\u00f5es Recentes (Artigos em peri\u00f3dicos, Cap\u00edtulos de livros e Anais de congressos internacionais):<\/span><\/h1>\n<ol>\n<li>Andrea M.P. Valli, Regina C. Almeida, ISAAC P. SANTOS, Lucia Catabriga, Sandra M.C. Malta, Alvaro L.G.A. Coutinho.<a href=\"http:\/\/www.sciencedirect.com\/science\/article\/pii\/S0898122117305680\" target=\"_blank\" rel=\"noopener\"><strong> A Parameter-Free Dynamic Diffusion Method for Advection-Diffusion-Reaction\u00a0Problems<\/strong><\/a>. Computers &amp; Mathematics with Applications, v. 75. p. 307-321, 2018.<\/li>\n<li>Burman, E. ; SANTOS, I. P. <a href=\"http:\/\/www.sciencedirect.com\/science\/article\/pii\/S0377042716302965\" target=\"_blank\" rel=\"noopener\"><strong>Error estimates for transport problems with high P\u00e9clet number using a continuous dependence assumption<\/strong><\/a>. Journal of Computational and Applied Mathematics, v. 309, p. 267-286, 2017. <a href=\"http:\/\/blog.ufes.br\/isaacsantos\/files\/2017\/09\/burman-santos-2017.pdf\" target=\"_blank\" rel=\"noopener\">[PDF]<\/a><\/li>\n<li>Bento, S\u00e9rgio Souza ; Barbosa, Paulo Wander ; SANTOS, I. P<strong>.<\/strong>; \u00a0Lima, Leonardo Muniz ; Catabriga, Lucia . <a href=\"https:\/\/link.springer.com\/chapter\/10.1007\/978-3-319-62407-5_55\" target=\"_blank\" rel=\"noopener\"><strong>A Nonlinear Finite Element Formulation Based on Multiscale Approach to Solve Compressible Euler Equations<\/strong><\/a>. Lecture Notes in Computer Science. 1ed.: Springer International Publishing, \u00a0v. , p. 735-743, 2017.<\/li>\n<li>Bento, S\u00e9rgio Souza ; de Lima, Leonardo Muniz ; Sedano, Ramoni Zancanela ; CATABRIGA, LUCIA ; SANTOS, ISAAC P. \u00a0<a href=\"https:\/\/link.springer.com\/chapter\/10.1007\/978-3-319-42085-1_1\" target=\"_blank\" rel=\"noopener\"><strong>A Nonlinear Multiscale Viscosity Method to Solve Compressible Flow Problems<\/strong><\/a>. Lecture Notes in Computer Science. 1ed.: Springer International Publishing, v. , p. 3-17, 2016.<\/li>\n<li>Valli, A. M. P. ; Catabriga, L. ; SANTOS, I. P.; Coutinho, A. L. G. A.; Almeida, R. C. <strong>Multiscale dynamic diffusion method to solve advection-diffusion problems<\/strong>. Procceding of the 36th Ibero-Latin American Congress on Computational Methods in Engineering, 2015.<\/li>\n<li>Valli, A. M. P.; Catabriga, L.; SANTOS, I. P ; Almeida, R. C. ; Coutinho, A. L. G. A. <strong>Time integration schemes for a multiscale finite element formulation to solve transient advection &#8211; diffusion &#8211; reaction problems<\/strong>. Proceedings of the 35th Iberian Latin American Congress on Computational Methods in Engineering, 2014.<\/li>\n<li>Mattos, R. N.; SANTOS, I. P ; Catabriga, L. <strong>Estudo Num\u00e9rico da Formula\u00e7\u00e3o Estabilizada Submalha Difus\u00e3o Din\u00e2mica Aplicada \u00e0s Equa\u00e7\u00f5es de Euler<\/strong>. Proceedings of the 33th Iberian Latin American Congress on Computational Methods in Engineering, 2012.<\/li>\n<li>SANTOS, I. P; Almeida, R. C. ; Malta, S. M C. <a href=\"http:\/\/www.scielo.br\/scielo.php?script=sci_arttext&amp;pid=S1807-03022012000300003\" target=\"_blank\" rel=\"noopener\"><strong>Numerical analysis of the nonlinear subgrid scale method<\/strong><\/a>. Computational &amp; Applied Mathematics, v. 31, p. 473-503, 2012. <a href=\"http:\/\/www.scielo.br\/pdf\/cam\/v31n3\/a03v31n3.pdf\" target=\"_blank\" rel=\"noopener\">[PDF]<\/a><\/li>\n<li>SANTOS, I. P; Almeida, R. C. <a href=\"http:\/\/www.sciencedirect.com\/science\/article\/pii\/S004578250700254X\" target=\"_blank\" rel=\"noopener\"><strong>A nonlinear subgrid method for advection-diffusion problems<\/strong><\/a>. Computer Methods in Applied Mechanics and Engineering, v. 196, p. 4771-4778, 2007.<\/li>\n<\/ol>\n","protected":false},"excerpt":{"rendered":"<p>Curr\u00edculo Lattes Links Interessantes \u00c1reas de Interesse: An\u00e1lise Num\u00e9rica e Computa\u00e7\u00e3o Cient\u00edfica Solu\u00e7\u00f5es Num\u00e9ricas de Equa\u00e7\u00f5es Diferenciais Parciais Formula\u00e7\u00f5es estabilizadas do M\u00e9todo de Elementos Finitos Computa\u00e7\u00e3o de Alto Desempenho Orienta\u00e7\u00f5es Acad\u00eamicas em Andamento: Doutorado (Coorienta\u00e7\u00e3o) Sergio Souza Bento &#8211; Nonlinear &hellip; <a href=\"https:\/\/blog.ufes.br\/isaacsantos\/pesquisa\/\">Continue lendo <span class=\"meta-nav\">&rarr;<\/span><\/a><\/p>\n","protected":false},"author":279,"featured_media":0,"parent":0,"menu_order":0,"comment_status":"closed","ping_status":"closed","template":"","meta":{"_bbp_topic_count":0,"_bbp_reply_count":0,"_bbp_total_topic_count":0,"_bbp_total_reply_count":0,"_bbp_voice_count":0,"_bbp_anonymous_reply_count":0,"_bbp_topic_count_hidden":0,"_bbp_reply_count_hidden":0,"_bbp_forum_subforum_count":0,"_uag_custom_page_level_css":"","footnotes":""},"class_list":["post-79","page","type-page","status-publish","hentry"],"uagb_featured_image_src":{"full":false,"thumbnail":false,"medium":false,"medium_large":false,"large":false,"1536x1536":false,"2048x2048":false,"post-thumbnail":false,"large-feature":false,"small-feature":false},"uagb_author_info":{"display_name":"Isaac","author_link":"https:\/\/blog.ufes.br\/isaacsantos\/author\/isaac_pinheiro-dos-santos\/"},"uagb_comment_info":0,"uagb_excerpt":"Curr\u00edculo Lattes Links Interessantes \u00c1reas de Interesse: An\u00e1lise Num\u00e9rica e Computa\u00e7\u00e3o Cient\u00edfica Solu\u00e7\u00f5es Num\u00e9ricas de Equa\u00e7\u00f5es Diferenciais Parciais Formula\u00e7\u00f5es estabilizadas do M\u00e9todo de Elementos Finitos Computa\u00e7\u00e3o de Alto Desempenho Orienta\u00e7\u00f5es Acad\u00eamicas em Andamento: Doutorado (Coorienta\u00e7\u00e3o) Sergio Souza Bento &#8211; Nonlinear &hellip; Continue lendo &rarr;","_links":{"self":[{"href":"https:\/\/blog.ufes.br\/isaacsantos\/wp-json\/wp\/v2\/pages\/79","targetHints":{"allow":["GET"]}}],"collection":[{"href":"https:\/\/blog.ufes.br\/isaacsantos\/wp-json\/wp\/v2\/pages"}],"about":[{"href":"https:\/\/blog.ufes.br\/isaacsantos\/wp-json\/wp\/v2\/types\/page"}],"author":[{"embeddable":true,"href":"https:\/\/blog.ufes.br\/isaacsantos\/wp-json\/wp\/v2\/users\/279"}],"replies":[{"embeddable":true,"href":"https:\/\/blog.ufes.br\/isaacsantos\/wp-json\/wp\/v2\/comments?post=79"}],"version-history":[{"count":43,"href":"https:\/\/blog.ufes.br\/isaacsantos\/wp-json\/wp\/v2\/pages\/79\/revisions"}],"predecessor-version":[{"id":358,"href":"https:\/\/blog.ufes.br\/isaacsantos\/wp-json\/wp\/v2\/pages\/79\/revisions\/358"}],"wp:attachment":[{"href":"https:\/\/blog.ufes.br\/isaacsantos\/wp-json\/wp\/v2\/media?parent=79"}],"curies":[{"name":"wp","href":"https:\/\/api.w.org\/{rel}","templated":true}]}}