{"id":83,"date":"2017-08-23T16:24:51","date_gmt":"2017-08-23T19:24:51","guid":{"rendered":"http:\/\/blog.ufes.br\/isaacsantos\/?page_id=83"},"modified":"2020-03-03T22:18:18","modified_gmt":"2020-03-04T01:18:18","slug":"calculo-iii","status":"publish","type":"page","link":"https:\/\/blog.ufes.br\/isaacsantos\/ensino\/calculo-iii\/","title":{"rendered":"C\u00e1lculo III"},"content":{"rendered":"<h1><strong>Curso<\/strong>:<\/h1>\n<p>Matem\u00e1tica Industrial<\/p>\n<h1><strong>Hor\u00e1rio das aulas<\/strong>:<\/h1>\n<p>quartas 10:40 &#8211; 12:20 e&nbsp;sextas 07:00 &#8211; 09:30<\/p>\n<h2><strong>Programa da disciplina<\/strong>:<\/h2>\n<ol>\n<li>Coordenadas Polares. Areas e comprimentos em coordenadas polares.<\/li>\n<li>Fun\u00e7\u00f5es vetoriais e curvas espaciais. Derivadas e integra\u00e7\u00e3o de fun\u00e7\u00f5es vetoriais. Comprimento de arco e curvatura. Movimento no espa\u00e7o: velocidade e acelera\u00e7\u00e3o.<\/li>\n<li>Integrais duplas sobre ret\u00e2ngulos. Integrais iteradas. Integrais duplas sobre regi\u00f5es gen\u00e9ricas.&nbsp;Integrais duplas em coordenadas polares. \u00c1rea de superf\u00edcie. Integrais triplas. Integrais triplas em coordenadas cil\u00edndricas e esf\u00e9ricas. Mudan\u00e7a de vari\u00e1veis em integrais m\u00faltiplas.<\/li>\n<li>Campos vetoriais. Integrais de linha. Teorema fundamental para as integrais de linha.&nbsp;Teorema de Green. Rotacional e Diverg\u00eancia. Superf\u00edcies Param\u00e9tricas e suas \u00e1reas. Integrais de Superf\u00edcie. Teorema de Stokes. Teorema da Diverg\u00eancia.<\/li>\n<\/ol>\n<h1>Data das provas:<\/h1>\n<p>Prova 1: dia 20 de outubro de 2017 (t\u00f3picos 1 e 2)<\/p>\n<p>Prova 2: dia 24 de novembro de 2017 (t\u00f3pico 3)<\/p>\n<p>Prova 3: dia 29 de dezembro de 2017 (t\u00f3pico 4)<\/p>\n<p>Prova Final: 05 de janeiro de 2018<\/p>\n<h1>Livro B\u00e1sico:<\/h1>\n<p>James Stewart. <em>C\u00e1lculo<\/em>. Editora Cengage Learning, 7a edi\u00e7\u00e3o, volume II, S\u00e3o Paulo, 2013.<\/p>\n<h1>Acompanhamento das aulas:<\/h1>\n<h1><\/h1>\n","protected":false},"excerpt":{"rendered":"<p>Curso: Matem\u00e1tica Industrial Hor\u00e1rio das aulas: quartas 10:40 &#8211; 12:20 e&nbsp;sextas 07:00 &#8211; 09:30 Programa da disciplina: Coordenadas Polares. Areas e comprimentos em coordenadas polares. Fun\u00e7\u00f5es vetoriais e curvas espaciais. Derivadas e integra\u00e7\u00e3o de fun\u00e7\u00f5es vetoriais. Comprimento de arco e &hellip; <a href=\"https:\/\/blog.ufes.br\/isaacsantos\/ensino\/calculo-iii\/\">Continue lendo <span class=\"meta-nav\">&rarr;<\/span><\/a><\/p>\n","protected":false},"author":279,"featured_media":0,"parent":73,"menu_order":0,"comment_status":"closed","ping_status":"closed","template":"","meta":{"_bbp_topic_count":0,"_bbp_reply_count":0,"_bbp_total_topic_count":0,"_bbp_total_reply_count":0,"_bbp_voice_count":0,"_bbp_anonymous_reply_count":0,"_bbp_topic_count_hidden":0,"_bbp_reply_count_hidden":0,"_bbp_forum_subforum_count":0,"_uag_custom_page_level_css":"","footnotes":""},"class_list":["post-83","page","type-page","status-publish","hentry"],"uagb_featured_image_src":{"full":false,"thumbnail":false,"medium":false,"medium_large":false,"large":false,"1536x1536":false,"2048x2048":false,"post-thumbnail":false,"large-feature":false,"small-feature":false},"uagb_author_info":{"display_name":"Isaac","author_link":"https:\/\/blog.ufes.br\/isaacsantos\/author\/isaac_pinheiro-dos-santos\/"},"uagb_comment_info":0,"uagb_excerpt":"Curso: Matem\u00e1tica Industrial Hor\u00e1rio das aulas: quartas 10:40 &#8211; 12:20 e&nbsp;sextas 07:00 &#8211; 09:30 Programa da disciplina: Coordenadas Polares. Areas e comprimentos em coordenadas polares. Fun\u00e7\u00f5es vetoriais e curvas espaciais. Derivadas e integra\u00e7\u00e3o de fun\u00e7\u00f5es vetoriais. Comprimento de arco e &hellip; Continue lendo &rarr;","_links":{"self":[{"href":"https:\/\/blog.ufes.br\/isaacsantos\/wp-json\/wp\/v2\/pages\/83","targetHints":{"allow":["GET"]}}],"collection":[{"href":"https:\/\/blog.ufes.br\/isaacsantos\/wp-json\/wp\/v2\/pages"}],"about":[{"href":"https:\/\/blog.ufes.br\/isaacsantos\/wp-json\/wp\/v2\/types\/page"}],"author":[{"embeddable":true,"href":"https:\/\/blog.ufes.br\/isaacsantos\/wp-json\/wp\/v2\/users\/279"}],"replies":[{"embeddable":true,"href":"https:\/\/blog.ufes.br\/isaacsantos\/wp-json\/wp\/v2\/comments?post=83"}],"version-history":[{"count":3,"href":"https:\/\/blog.ufes.br\/isaacsantos\/wp-json\/wp\/v2\/pages\/83\/revisions"}],"predecessor-version":[{"id":684,"href":"https:\/\/blog.ufes.br\/isaacsantos\/wp-json\/wp\/v2\/pages\/83\/revisions\/684"}],"up":[{"embeddable":true,"href":"https:\/\/blog.ufes.br\/isaacsantos\/wp-json\/wp\/v2\/pages\/73"}],"wp:attachment":[{"href":"https:\/\/blog.ufes.br\/isaacsantos\/wp-json\/wp\/v2\/media?parent=83"}],"curies":[{"name":"wp","href":"https:\/\/api.w.org\/{rel}","templated":true}]}}