{"id":95,"date":"2017-08-23T19:08:30","date_gmt":"2017-08-23T22:08:30","guid":{"rendered":"http:\/\/blog.ufes.br\/isaacsantos\/?page_id=95"},"modified":"2020-03-03T22:22:07","modified_gmt":"2020-03-04T01:22:07","slug":"pos-graduacao","status":"publish","type":"page","link":"https:\/\/blog.ufes.br\/isaacsantos\/ensino\/pos-graduacao\/","title":{"rendered":"P\u00f3s-Gradua\u00e7\u00e3o"},"content":{"rendered":"<h1>Mestrado\/Doutorado em Ci\u00eancia da Computa\u00e7\u00e3o &#8211; PPGI\/UFES<\/h1>\n<ul>\n<li><a href=\"http:\/\/blog.ufes.br\/isaacsantos\/ensino\/pos-graduacao\/elementos-finitos-mestrado-ppgi\/\">Elementos Finitos &#8211; 2017\/2<\/a><\/li>\n<li><a href=\"http:\/\/blog.ufes.br\/isaacsantos\/ensino\/pos-graduacao\/topicos-avancados-de-elementos-finitos\/\">T\u00f3picos Avan\u00e7ados de Elementos Finitos &#8211; 2018\/1<\/a><\/li>\n<li><a href=\"http:\/\/blog.ufes.br\/isaacsantos\/ensino\/pos-graduacao\/metodos-de-elementos-finitos-para-equacoes-de-navier-stokes-incompressiveis\/\">MEF para Navier-Stokes incompress\u00edveis &#8211; 2018\/2<\/a><\/li>\n<\/ul>\n","protected":false},"excerpt":{"rendered":"<p>Mestrado\/Doutorado em Ci\u00eancia da Computa\u00e7\u00e3o &#8211; PPGI\/UFES Elementos Finitos &#8211; 2017\/2 T\u00f3picos Avan\u00e7ados de Elementos Finitos &#8211; 2018\/1 MEF para Navier-Stokes incompress\u00edveis &#8211; 2018\/2<\/p>\n","protected":false},"author":279,"featured_media":0,"parent":73,"menu_order":0,"comment_status":"closed","ping_status":"closed","template":"","meta":{"_bbp_topic_count":0,"_bbp_reply_count":0,"_bbp_total_topic_count":0,"_bbp_total_reply_count":0,"_bbp_voice_count":0,"_bbp_anonymous_reply_count":0,"_bbp_topic_count_hidden":0,"_bbp_reply_count_hidden":0,"_bbp_forum_subforum_count":0,"_uag_custom_page_level_css":"","footnotes":""},"class_list":["post-95","page","type-page","status-publish","hentry"],"uagb_featured_image_src":{"full":false,"thumbnail":false,"medium":false,"medium_large":false,"large":false,"1536x1536":false,"2048x2048":false,"post-thumbnail":false,"large-feature":false,"small-feature":false},"uagb_author_info":{"display_name":"Isaac","author_link":"https:\/\/blog.ufes.br\/isaacsantos\/author\/isaac_pinheiro-dos-santos\/"},"uagb_comment_info":0,"uagb_excerpt":"Mestrado\/Doutorado em Ci\u00eancia da Computa\u00e7\u00e3o &#8211; PPGI\/UFES Elementos Finitos &#8211; 2017\/2 T\u00f3picos Avan\u00e7ados de Elementos Finitos &#8211; 2018\/1 MEF para Navier-Stokes incompress\u00edveis &#8211; 2018\/2","_links":{"self":[{"href":"https:\/\/blog.ufes.br\/isaacsantos\/wp-json\/wp\/v2\/pages\/95","targetHints":{"allow":["GET"]}}],"collection":[{"href":"https:\/\/blog.ufes.br\/isaacsantos\/wp-json\/wp\/v2\/pages"}],"about":[{"href":"https:\/\/blog.ufes.br\/isaacsantos\/wp-json\/wp\/v2\/types\/page"}],"author":[{"embeddable":true,"href":"https:\/\/blog.ufes.br\/isaacsantos\/wp-json\/wp\/v2\/users\/279"}],"replies":[{"embeddable":true,"href":"https:\/\/blog.ufes.br\/isaacsantos\/wp-json\/wp\/v2\/comments?post=95"}],"version-history":[{"count":6,"href":"https:\/\/blog.ufes.br\/isaacsantos\/wp-json\/wp\/v2\/pages\/95\/revisions"}],"predecessor-version":[{"id":568,"href":"https:\/\/blog.ufes.br\/isaacsantos\/wp-json\/wp\/v2\/pages\/95\/revisions\/568"}],"up":[{"embeddable":true,"href":"https:\/\/blog.ufes.br\/isaacsantos\/wp-json\/wp\/v2\/pages\/73"}],"wp:attachment":[{"href":"https:\/\/blog.ufes.br\/isaacsantos\/wp-json\/wp\/v2\/media?parent=95"}],"curies":[{"name":"wp","href":"https:\/\/api.w.org\/{rel}","templated":true}]}}