{"id":24,"date":"2015-04-21T16:15:14","date_gmt":"2015-04-21T16:15:14","guid":{"rendered":"http:\/\/blog.ufes.br\/iurygoncalves\/?page_id=24"},"modified":"2017-03-18T17:10:37","modified_gmt":"2017-03-18T17:10:37","slug":"atividades-dma","status":"publish","type":"page","link":"https:\/\/blog.ufes.br\/iurygoncalves\/atividades-dma\/","title":{"rendered":"Atividades &#8211; DMA"},"content":{"rendered":"<p><strong>Atividades 2017\/01<\/strong><\/p>\n<ol>\n<li>Ensino &#8211; Disciplinas<\/li>\n<\/ol>\n<ul>\n<li>\u00a0C\u00e1lculo Num\u00e9rico (Lic. Matem\u00e1tica): 08 h<\/li>\n<li>Equa\u00e7\u00f5es Diferenciais (Bach. Matem\u00e1tica): 08 h<\/li>\n<li>T\u00f3picos em Modelagem Computacional(Matem\u00e1tica Industrial): 08 h<\/li>\n<\/ul>\n<p>2.\u00a0\u00a0 Pesquisa<\/p>\n<ul>\n<li style=\"text-align: justify\">Projeto 1: Implementa\u00e7\u00f5es de um espectro de ondas curtas e da separa\u00e7\u00e3o do fluxo de ar no sistema de modelos acoplados WW3-WRF (PRPPG &#8211; 5702\/2014): 20 h<\/li>\n<\/ul>\n<p>3.\u00a0 Administra\u00e7\u00e3o &#8211; (15\u00b0 Reuni\u00e3o ordin\u00e1ria &#8211; DMA &#8211; 12\/11\/2015)<\/p>\n<ul>\n<li>Membro da comiss\u00e3o de Pesquisa e P\u00f3s-Gradua\u00e7\u00e3o<\/li>\n<li>Membro da comiss\u00e3o de Extens\u00e3o<\/li>\n<li>Membro da comiss\u00e3o de Monografia do Curso de Licenciatura em Matem\u00e1tica<\/li>\n<\/ul>\n","protected":false},"excerpt":{"rendered":"<p>Atividades 2017\/01 Ensino &#8211; Disciplinas \u00a0C\u00e1lculo Num\u00e9rico (Lic. Matem\u00e1tica): 08 h Equa\u00e7\u00f5es Diferenciais (Bach. Matem\u00e1tica): 08 h T\u00f3picos em Modelagem Computacional(Matem\u00e1tica Industrial): 08 h 2.\u00a0\u00a0 Pesquisa Projeto 1: Implementa\u00e7\u00f5es de um espectro de ondas curtas e da separa\u00e7\u00e3o do fluxo &hellip; <a href=\"https:\/\/blog.ufes.br\/iurygoncalves\/atividades-dma\/\">Continue lendo <span class=\"meta-nav\">&rarr;<\/span><\/a><\/p>\n","protected":false},"author":222,"featured_media":0,"parent":0,"menu_order":0,"comment_status":"closed","ping_status":"closed","template":"onecolumn-page.php","meta":{"_bbp_topic_count":0,"_bbp_reply_count":0,"_bbp_total_topic_count":0,"_bbp_total_reply_count":0,"_bbp_voice_count":0,"_bbp_anonymous_reply_count":0,"_bbp_topic_count_hidden":0,"_bbp_reply_count_hidden":0,"_bbp_forum_subforum_count":0,"_uag_custom_page_level_css":"","footnotes":""},"class_list":["post-24","page","type-page","status-publish","hentry"],"uagb_featured_image_src":{"full":false,"thumbnail":false,"medium":false,"medium_large":false,"large":false,"1536x1536":false,"2048x2048":false,"post-thumbnail":false},"uagb_author_info":{"display_name":"Iury Angelo Goncalves","author_link":"https:\/\/blog.ufes.br\/iurygoncalves\/author\/iury-goncalves\/"},"uagb_comment_info":0,"uagb_excerpt":"Atividades 2017\/01 Ensino &#8211; Disciplinas \u00a0C\u00e1lculo Num\u00e9rico (Lic. Matem\u00e1tica): 08 h Equa\u00e7\u00f5es Diferenciais (Bach. Matem\u00e1tica): 08 h T\u00f3picos em Modelagem Computacional(Matem\u00e1tica Industrial): 08 h 2.\u00a0\u00a0 Pesquisa Projeto 1: Implementa\u00e7\u00f5es de um espectro de ondas curtas e da separa\u00e7\u00e3o do fluxo &hellip; Continue lendo &rarr;","_links":{"self":[{"href":"https:\/\/blog.ufes.br\/iurygoncalves\/wp-json\/wp\/v2\/pages\/24","targetHints":{"allow":["GET"]}}],"collection":[{"href":"https:\/\/blog.ufes.br\/iurygoncalves\/wp-json\/wp\/v2\/pages"}],"about":[{"href":"https:\/\/blog.ufes.br\/iurygoncalves\/wp-json\/wp\/v2\/types\/page"}],"author":[{"embeddable":true,"href":"https:\/\/blog.ufes.br\/iurygoncalves\/wp-json\/wp\/v2\/users\/222"}],"replies":[{"embeddable":true,"href":"https:\/\/blog.ufes.br\/iurygoncalves\/wp-json\/wp\/v2\/comments?post=24"}],"version-history":[{"count":9,"href":"https:\/\/blog.ufes.br\/iurygoncalves\/wp-json\/wp\/v2\/pages\/24\/revisions"}],"predecessor-version":[{"id":140,"href":"https:\/\/blog.ufes.br\/iurygoncalves\/wp-json\/wp\/v2\/pages\/24\/revisions\/140"}],"wp:attachment":[{"href":"https:\/\/blog.ufes.br\/iurygoncalves\/wp-json\/wp\/v2\/media?parent=24"}],"curies":[{"name":"wp","href":"https:\/\/api.w.org\/{rel}","templated":true}]}}