{"id":90,"date":"2016-04-07T22:34:43","date_gmt":"2016-04-07T22:34:43","guid":{"rendered":"http:\/\/blog.ufes.br\/iurygoncalves\/?page_id=90"},"modified":"2016-04-09T21:24:41","modified_gmt":"2016-04-09T21:24:41","slug":"temas-de-pesquisa","status":"publish","type":"page","link":"https:\/\/blog.ufes.br\/iurygoncalves\/minha-pesquisa\/temas-de-pesquisa\/","title":{"rendered":"Temas de pesquisa"},"content":{"rendered":"<p><span style=\"text-decoration: underline;color: #000080\">Tenho interesse em orientar alunos nos seguintes temas de pesquisa:<\/span><\/p>\n<h3><strong>Tema 1: Modelo de produ\u00e7\u00e3o de got\u00edculas espumas.<br \/>\n<\/strong><\/h3>\n<p>Estudar uma formula\u00e7\u00e3o que quantifica a produ\u00e7\u00e3o de got\u00edculas espumas em fun\u00e7\u00e3o do espectro do comprimento de\u00a0 onda quebrando. Tal formula\u00e7\u00e3o ser\u00e1 avaliada numericamente. Por fim, o resultado estimado pela formula\u00e7\u00e3o ser\u00e1 comparado com os apresentados na literatura. Como refer\u00eancia, leia o artigo: &#8220;<a href=\"http:\/\/cdn.knmi.nl\/system\/data_center_publications\/files\/000\/049\/325\/original\/km_2008gl036871.pdf?1432897563\">Model of the spume sea spray generation<\/a>&#8220;.<\/p>\n<hr \/>\n<h3><strong>Tema 2: Efeito da energia cin\u00e9tica turbulenta e da mistura turbulenta na camada limite atmosf\u00e9rica (CLA)<\/strong><\/h3>\n<p>Explorar o mecanismo direto do impacto da produ\u00e7\u00e3o de got\u00edculas na CLA atrav\u00e9s da energia cin\u00e9tica turbulenta. A turbul\u00eancia ser\u00e1 parametrizada segundo os trabalhos de Barenblat and Golitsyn (1974). Como refer\u00eancia, leia o artigo: <a href=\"http:\/\/onlinelibrary.wiley.com\/doi\/10.1029\/2005JC002970\/full\">&#8220;<em>On the effectof sea droplet on the atmospheric boundary layer<\/em>&#8220;.<\/a><\/p>\n<hr \/>\n<h3><strong>Tema 3.\u00a0 Superf\u00edcie de abrigo, do ingl\u00eas &#8220;<em>Sheltered surface&#8221;.<\/em><\/strong><\/h3>\n<p>Avaliar o efeito da superf\u00edcie de abrigo na turbul\u00eancia da baixa atmosfera acima do oceano. Como refer\u00eancia, leia o artigo: &#8220;<em><a href=\"http:\/\/link.springer.com\/article\/10.1007%2Fs10546-007-9184-7\">Aerodynamic roughness of the sea surface at high winds<\/a><\/em>&#8220;.<\/p>\n<hr \/>\n<h3><strong>Tema 4. Difus\u00e3o do g\u00e1s CO2 na superf\u00edcie de got\u00edculas espumas.<\/strong><\/h3>\n<p>Explorar a teria de difus\u00e3o turbulenta em superf\u00edcies esf\u00e9ricas, isto \u00e9, got\u00edculas espumas. A difus\u00e3o de g\u00e1s ser\u00e1 avaliada segundo os trabalhos de Pruppacher and klett (2010). Ser\u00e1 considerado que a\u00a0 got\u00edcula possui uma circula\u00e7\u00e3o interna capaz de modificar a difus\u00e3o de g\u00e1s em sua interface. Como refer\u00eancia, leia o cap\u00edtulo 10 do livro <a href=\"http:\/\/www.springer.com\/us\/book\/9780792342113\"><em>Microphysics of clouds and precipitation.<\/em><\/a><\/p>\n<hr \/>\n<h3><strong>Tema 5. Teoria linear de ondas oce\u00e2nicas.<\/strong><\/h3>\n<p>Estudar a agita\u00e7\u00e3o mar\u00edtima e teria linear de ondas.\u00a0 Al\u00e9m disso,\u00a0 realizar\u00a0 simula\u00e7\u00f5es num\u00e9ricas com o modelo de previs\u00e3o de ondas oce\u00e2nicas &#8211; <em><a href=\"http:\/\/polar.ncep.noaa.gov\/waves\/wavewatch\/wavewatch.shtml\" target=\"_blank\">WAVEWATCH III<\/a><\/em>. Como refer\u00eancia, leia o cap\u00edtulo 5 do livro <a href=\"https:\/\/nuvem.ufes.br\/index.php\/s\/k8OLditvzRC9OLt\">Leo H. Holthuijsen<\/a>.<\/p>\n<hr \/>\n<h3><strong>Tema 6. Climatologia de ondas da Praia de Guriri<\/strong><\/h3>\n<p>Atrav\u00e9s de simula\u00e7\u00f5es num\u00e9ricas com o modelo WAVEWATCH III, realizar uma an\u00e1lise climatol\u00f3gica do padr\u00e3o de ondas na praia de Guriri. Pretende-se tamb\u00e9m, estudar a energia e o transporte de sedimentos gerados\u00a0 pelas ondas nessa regi\u00e3o. Como refer\u00eancia, leia as se\u00e7\u00f5es\u00a0 2.4.3 e 6.1\u00a0 da disserta\u00e7\u00e3o de mestrado do <a href=\"http:\/\/mtc-m16d.sid.inpe.br\/col\/sid.inpe.br\/mtc-m19\/2013\/03.12.16.55\/doc\/publicacao.pdf\">Philipp Edson dias<\/a>.<\/p>\n<p>&nbsp;<\/p>\n<p>&nbsp;<\/p>\n","protected":false},"excerpt":{"rendered":"<p>Tenho interesse em orientar alunos nos seguintes temas de pesquisa: Tema 1: Modelo de produ\u00e7\u00e3o de got\u00edculas espumas. Estudar uma formula\u00e7\u00e3o que quantifica a produ\u00e7\u00e3o de got\u00edculas espumas em fun\u00e7\u00e3o do espectro do comprimento de\u00a0 onda quebrando. Tal formula\u00e7\u00e3o ser\u00e1 &hellip; <a href=\"https:\/\/blog.ufes.br\/iurygoncalves\/minha-pesquisa\/temas-de-pesquisa\/\">Continue lendo <span class=\"meta-nav\">&rarr;<\/span><\/a><\/p>\n","protected":false},"author":222,"featured_media":0,"parent":62,"menu_order":1,"comment_status":"closed","ping_status":"closed","template":"onecolumn-page.php","meta":{"_bbp_topic_count":0,"_bbp_reply_count":0,"_bbp_total_topic_count":0,"_bbp_total_reply_count":0,"_bbp_voice_count":0,"_bbp_anonymous_reply_count":0,"_bbp_topic_count_hidden":0,"_bbp_reply_count_hidden":0,"_bbp_forum_subforum_count":0,"_uag_custom_page_level_css":"","footnotes":""},"class_list":["post-90","page","type-page","status-publish","hentry"],"uagb_featured_image_src":{"full":false,"thumbnail":false,"medium":false,"medium_large":false,"large":false,"1536x1536":false,"2048x2048":false,"post-thumbnail":false},"uagb_author_info":{"display_name":"Iury Angelo Goncalves","author_link":"https:\/\/blog.ufes.br\/iurygoncalves\/author\/iury-goncalves\/"},"uagb_comment_info":0,"uagb_excerpt":"Tenho interesse em orientar alunos nos seguintes temas de pesquisa: Tema 1: Modelo de produ\u00e7\u00e3o de got\u00edculas espumas. Estudar uma formula\u00e7\u00e3o que quantifica a produ\u00e7\u00e3o de got\u00edculas espumas em fun\u00e7\u00e3o do espectro do comprimento de\u00a0 onda quebrando. Tal formula\u00e7\u00e3o ser\u00e1 &hellip; Continue lendo &rarr;","_links":{"self":[{"href":"https:\/\/blog.ufes.br\/iurygoncalves\/wp-json\/wp\/v2\/pages\/90","targetHints":{"allow":["GET"]}}],"collection":[{"href":"https:\/\/blog.ufes.br\/iurygoncalves\/wp-json\/wp\/v2\/pages"}],"about":[{"href":"https:\/\/blog.ufes.br\/iurygoncalves\/wp-json\/wp\/v2\/types\/page"}],"author":[{"embeddable":true,"href":"https:\/\/blog.ufes.br\/iurygoncalves\/wp-json\/wp\/v2\/users\/222"}],"replies":[{"embeddable":true,"href":"https:\/\/blog.ufes.br\/iurygoncalves\/wp-json\/wp\/v2\/comments?post=90"}],"version-history":[{"count":15,"href":"https:\/\/blog.ufes.br\/iurygoncalves\/wp-json\/wp\/v2\/pages\/90\/revisions"}],"predecessor-version":[{"id":124,"href":"https:\/\/blog.ufes.br\/iurygoncalves\/wp-json\/wp\/v2\/pages\/90\/revisions\/124"}],"up":[{"embeddable":true,"href":"https:\/\/blog.ufes.br\/iurygoncalves\/wp-json\/wp\/v2\/pages\/62"}],"wp:attachment":[{"href":"https:\/\/blog.ufes.br\/iurygoncalves\/wp-json\/wp\/v2\/media?parent=90"}],"curies":[{"name":"wp","href":"https:\/\/api.w.org\/{rel}","templated":true}]}}