{"id":122,"date":"2017-04-20T19:50:38","date_gmt":"2017-04-20T22:50:38","guid":{"rendered":"http:\/\/blog.ufes.br\/jairfreitas\/?page_id=122"},"modified":"2020-03-17T13:06:25","modified_gmt":"2020-03-17T16:06:25","slug":"exercicios","status":"publish","type":"page","link":"https:\/\/blog.ufes.br\/jairfreitas\/disciplinas\/fis3\/exercicios\/","title":{"rendered":"Exerc\u00edcios"},"content":{"rendered":"<h2 style=\"text-align: center\"><span style=\"color: #ff6600\">F\u00edsica III\u00a0<\/span><\/h2>\n<h4 style=\"text-align: center\">FIS 06580<\/h4>\n<h4 style=\"text-align: center\">Semestre 2020\/01<\/h4>\n<p style=\"text-align: right\">Professor <a href=\"mailto:jairccfreitas@yahoo.com.br\">Jair C. C. Freitas<\/a><\/p>\n<p>Exerc\u00edcios e problemas sugeridos do livro texto (\u201c<em>F\u00edsica\u00a0 III \u2013 Eletromagnetismo<\/em>\u201d, H. D. Young &amp; R. A. Freedman, 12<u><sup>a<\/sup><\/u> ed., Pearson, S\u00e3o Paulo, 2009):<\/p>\n<p><strong>Cap\u00edtulo 21 &#8211; <span style=\"color: #339966\">Carga el\u00e9trica e campo el\u00e9trico<\/span><\/strong>:<\/p>\n<p><u>Problemas para o <span style=\"color: #ff0000\"><strong>Teste 01<\/strong><\/span><\/u>:<\/p>\n<p><em>Exerc\u00edcios \/ Problemas<\/em>: 65, 68, 73, 74, 84, 89, 96, 98.<\/p>\n<p><a href=\"http:\/\/blog.ufes.br\/jairfreitas\/files\/2020\/03\/Problemas_Adicionais_Cap21.pdf\" target=\"_blank\" rel=\"noopener noreferrer\"><em><strong>Problemas adicionais<\/strong><\/em><\/a>: I e II<\/p>\n<p>\u00a0<\/p>\n<p><u>Sugest\u00f5es gerais<\/u>:<\/p>\n<p><em>Quest\u00f5es<\/em>: 5, 8, 11, 12, 20, 21.<\/p>\n<p><em>Exerc\u00edcios \/ Problemas<\/em>: 1, 4, 8, 17, 21, 23, 26, 29, 30, 33, 35, 48, 54, 55, 57, 61, 62, 64, 65, 66, 67, 68, 69, 72, 73, 74, 77, 84, 85, 86, 89, 90, 94, 96, 97, 98, 104.\u00a0\u00a0<\/p>\n<p>\u00a0<\/p>\n\n\n<p><\/p>\n","protected":false},"excerpt":{"rendered":"<p>F\u00edsica III\u00a0 FIS 06580 Semestre 2020\/01 Professor Jair C. C. Freitas Exerc\u00edcios e problemas sugeridos do livro texto (\u201cF\u00edsica\u00a0 III \u2013 Eletromagnetismo\u201d, H. D. Young &amp; R. A. Freedman, 12a ed., Pearson, S\u00e3o Paulo, 2009): Cap\u00edtulo 21 &#8211; Carga el\u00e9trica e campo el\u00e9trico: Problemas para o Teste 01: Exerc\u00edcios \/ Problemas: 65, 68, 73, 74, &hellip; <a href=\"https:\/\/blog.ufes.br\/jairfreitas\/disciplinas\/fis3\/exercicios\/\" class=\"more-link\">Continue lendo <span class=\"screen-reader-text\">Exerc\u00edcios<\/span> <span class=\"meta-nav\">&rarr;<\/span><\/a><\/p>\n","protected":false},"author":303,"featured_media":0,"parent":63,"menu_order":0,"comment_status":"closed","ping_status":"closed","template":"","meta":{"_bbp_topic_count":0,"_bbp_reply_count":0,"_bbp_total_topic_count":0,"_bbp_total_reply_count":0,"_bbp_voice_count":0,"_bbp_anonymous_reply_count":0,"_bbp_topic_count_hidden":0,"_bbp_reply_count_hidden":0,"_bbp_forum_subforum_count":0,"_uag_custom_page_level_css":"","footnotes":""},"class_list":["post-122","page","type-page","status-publish","hentry"],"uagb_featured_image_src":{"full":false,"thumbnail":false,"medium":false,"medium_large":false,"large":false,"1536x1536":false,"2048x2048":false,"post-thumbnail":false},"uagb_author_info":{"display_name":"jair.freitas","author_link":"https:\/\/blog.ufes.br\/jairfreitas\/author\/jair_carlos-checon-de-freitas\/"},"uagb_comment_info":0,"uagb_excerpt":"F\u00edsica III\u00a0 FIS 06580 Semestre 2020\/01 Professor Jair C. C. Freitas Exerc\u00edcios e problemas sugeridos do livro texto (\u201cF\u00edsica\u00a0 III \u2013 Eletromagnetismo\u201d, H. D. Young &amp; R. A. Freedman, 12a ed., Pearson, S\u00e3o Paulo, 2009): Cap\u00edtulo 21 &#8211; Carga el\u00e9trica e campo el\u00e9trico: Problemas para o Teste 01: Exerc\u00edcios \/ Problemas: 65, 68, 73, 74,&hellip;","_links":{"self":[{"href":"https:\/\/blog.ufes.br\/jairfreitas\/wp-json\/wp\/v2\/pages\/122","targetHints":{"allow":["GET"]}}],"collection":[{"href":"https:\/\/blog.ufes.br\/jairfreitas\/wp-json\/wp\/v2\/pages"}],"about":[{"href":"https:\/\/blog.ufes.br\/jairfreitas\/wp-json\/wp\/v2\/types\/page"}],"author":[{"embeddable":true,"href":"https:\/\/blog.ufes.br\/jairfreitas\/wp-json\/wp\/v2\/users\/303"}],"replies":[{"embeddable":true,"href":"https:\/\/blog.ufes.br\/jairfreitas\/wp-json\/wp\/v2\/comments?post=122"}],"version-history":[{"count":40,"href":"https:\/\/blog.ufes.br\/jairfreitas\/wp-json\/wp\/v2\/pages\/122\/revisions"}],"predecessor-version":[{"id":903,"href":"https:\/\/blog.ufes.br\/jairfreitas\/wp-json\/wp\/v2\/pages\/122\/revisions\/903"}],"up":[{"embeddable":true,"href":"https:\/\/blog.ufes.br\/jairfreitas\/wp-json\/wp\/v2\/pages\/63"}],"wp:attachment":[{"href":"https:\/\/blog.ufes.br\/jairfreitas\/wp-json\/wp\/v2\/media?parent=122"}],"curies":[{"name":"wp","href":"https:\/\/api.w.org\/{rel}","templated":true}]}}