{"id":139,"date":"2017-05-03T19:51:31","date_gmt":"2017-05-03T22:51:31","guid":{"rendered":"http:\/\/blog.ufes.br\/jairfreitas\/?page_id=139"},"modified":"2021-02-19T13:16:28","modified_gmt":"2021-02-19T16:16:28","slug":"programa","status":"publish","type":"page","link":"https:\/\/blog.ufes.br\/jairfreitas\/disciplinas\/rmnpg\/programa\/","title":{"rendered":"Program"},"content":{"rendered":"<h1 style=\"text-align: center\"><span style=\"color: #ff6600\">Solid-state NMR<\/span><\/h1>\n<h4 style=\"text-align: center\">PFIS-2020 \/ PQUI-335<\/h4>\n<h4 style=\"text-align: center\">\u00a0<\/h4>\n<p style=\"text-align: right\">Prof. <a href=\"mailto:jairccfreitas@yahoo.com.br\">Jair C. C. Freitas<\/a><\/p>\n<p style=\"text-align: right\"><em><a href=\"http:\/\/blog.ufes.br\/jairfreitas\/files\/2019\/08\/Prog2019_02_RMN.pdf\" target=\"_blank\" rel=\"noopener noreferrer\">Detailed course information (in Portuguese)<\/a>.<\/em><\/p>\n<p style=\"text-align: left\"><strong>I. Program:<\/strong><\/p>\n<p>1) <strong>Introduction to NMR: <\/strong>\u00a0Nuclear paramagnetism; the NMR phenomenon; pulses, FIDs, echoes and relaxation; NMR spectroscopy; basic instrumentation.<\/p>\n<p>2) <strong>Relaxation: <\/strong>Longitudinal relaxation; transverse relaxation; measurements of relaxation times; relaxometry; applications in low-field NMR.<\/p>\n<p>3) <strong>Nuclear spin interactions<\/strong>: Magnetic interactions; electric interactions; homogeneous and inomogeneous interactions; anisotropy of the interactions in solids; hyperfine interactions and magnetic materials.<\/p>\n<p>4) <strong>High-resolution solid-state techniques<\/strong>: magic angle spinning; high-power decoupling; cross polarization; 2D methods in solids.<\/p>\n<p>5) <strong>Applications of solid-state NMR<\/strong>: glasses and other disordered materials; polymers; carbon materials; magnetic materials; other materials.<\/p>\n<p>6) <strong>Laboratory activities involving solid-state NMR experiments<\/strong>.<\/p>\n<p>\u00a0<\/p>\n<p><strong>II. Bibliography:<\/strong><\/p>\n<ol>\n<li>Duer, M. J. <em>Introduction do solid state NMR spectroscopy<\/em>. Blackwell Publishing, 2004.<\/li>\n<li>Gil, V. M. S.; Geraldes, C.F.G.C.; <em>Resson\u00e2ncia Magn\u00e9tica Nuclear: Fundamentos, M\u00e9todos e Aplica\u00e7\u00f5es<\/em>, Funda\u00e7\u00e3o Calouste Gulbenkian, 1987.<\/li>\n<li>Levitt, M. H. <em>Spin dynamics<\/em>. John Wiley &amp; Sons, 2001.<\/li>\n<li>Slichter, C. P. <em>Principles of Magnetic Resonance<\/em>. Springer, 1996.<\/li>\n<\/ol>\n<p><strong>III. Schedule:<\/strong><\/p>\n<p>Course start:\u00a0<\/p>\n<p>Course end:\u00a0<\/p>\n<p>Classes:\u00a0<\/p>\n<p>\u00a0<\/p>\n<p><strong>IV. Evaluation:<\/strong><\/p>\n<ul>\n<li>Lists of problems.<\/li>\n<li>Students&#8217; talks.<\/li>\n<li>Experimental activities (in the lab).<\/li>\n<\/ul>\n\n\n<p><\/p>\n","protected":false},"excerpt":{"rendered":"<p>Solid-state NMR PFIS-2020 \/ PQUI-335 \u00a0 Prof. Jair C. C. Freitas Detailed course information (in Portuguese). I. Program: 1) Introduction to NMR: \u00a0Nuclear paramagnetism; the NMR phenomenon; pulses, FIDs, echoes and relaxation; NMR spectroscopy; basic instrumentation. 2) Relaxation: Longitudinal relaxation; transverse relaxation; measurements of relaxation times; relaxometry; applications in low-field NMR. 3) Nuclear spin interactions: &hellip; <a href=\"https:\/\/blog.ufes.br\/jairfreitas\/disciplinas\/rmnpg\/programa\/\" class=\"more-link\">Continue lendo <span class=\"screen-reader-text\">Program<\/span> <span class=\"meta-nav\">&rarr;<\/span><\/a><\/p>\n","protected":false},"author":303,"featured_media":0,"parent":12,"menu_order":0,"comment_status":"closed","ping_status":"closed","template":"","meta":{"_bbp_topic_count":0,"_bbp_reply_count":0,"_bbp_total_topic_count":0,"_bbp_total_reply_count":0,"_bbp_voice_count":0,"_bbp_anonymous_reply_count":0,"_bbp_topic_count_hidden":0,"_bbp_reply_count_hidden":0,"_bbp_forum_subforum_count":0,"_uag_custom_page_level_css":"","footnotes":""},"class_list":["post-139","page","type-page","status-publish","hentry"],"uagb_featured_image_src":{"full":false,"thumbnail":false,"medium":false,"medium_large":false,"large":false,"1536x1536":false,"2048x2048":false,"post-thumbnail":false},"uagb_author_info":{"display_name":"jair.freitas","author_link":"https:\/\/blog.ufes.br\/jairfreitas\/author\/jair_carlos-checon-de-freitas\/"},"uagb_comment_info":0,"uagb_excerpt":"Solid-state NMR PFIS-2020 \/ PQUI-335 \u00a0 Prof. Jair C. C. Freitas Detailed course information (in Portuguese). I. Program: 1) Introduction to NMR: \u00a0Nuclear paramagnetism; the NMR phenomenon; pulses, FIDs, echoes and relaxation; NMR spectroscopy; basic instrumentation. 2) Relaxation: Longitudinal relaxation; transverse relaxation; measurements of relaxation times; relaxometry; applications in low-field NMR. 3) Nuclear spin interactions:&hellip;","_links":{"self":[{"href":"https:\/\/blog.ufes.br\/jairfreitas\/wp-json\/wp\/v2\/pages\/139","targetHints":{"allow":["GET"]}}],"collection":[{"href":"https:\/\/blog.ufes.br\/jairfreitas\/wp-json\/wp\/v2\/pages"}],"about":[{"href":"https:\/\/blog.ufes.br\/jairfreitas\/wp-json\/wp\/v2\/types\/page"}],"author":[{"embeddable":true,"href":"https:\/\/blog.ufes.br\/jairfreitas\/wp-json\/wp\/v2\/users\/303"}],"replies":[{"embeddable":true,"href":"https:\/\/blog.ufes.br\/jairfreitas\/wp-json\/wp\/v2\/comments?post=139"}],"version-history":[{"count":6,"href":"https:\/\/blog.ufes.br\/jairfreitas\/wp-json\/wp\/v2\/pages\/139\/revisions"}],"predecessor-version":[{"id":981,"href":"https:\/\/blog.ufes.br\/jairfreitas\/wp-json\/wp\/v2\/pages\/139\/revisions\/981"}],"up":[{"embeddable":true,"href":"https:\/\/blog.ufes.br\/jairfreitas\/wp-json\/wp\/v2\/pages\/12"}],"wp:attachment":[{"href":"https:\/\/blog.ufes.br\/jairfreitas\/wp-json\/wp\/v2\/media?parent=139"}],"curies":[{"name":"wp","href":"https:\/\/api.w.org\/{rel}","templated":true}]}}