{"id":278,"date":"2017-08-25T12:09:04","date_gmt":"2017-08-25T15:09:04","guid":{"rendered":"http:\/\/blog.ufes.br\/jairfreitas\/?page_id=278"},"modified":"2020-02-28T18:01:14","modified_gmt":"2020-02-28T21:01:14","slug":"te1","status":"publish","type":"page","link":"https:\/\/blog.ufes.br\/jairfreitas\/disciplinas\/te1\/","title":{"rendered":"TE I"},"content":{"rendered":"<h4 style=\"text-align: center\"><span style=\"color: #ff0000\"><strong>Teoria Eletromagn\u00e9tica I (FIS 06647)\u00a0<\/strong><\/span><\/h4>\n<h4 style=\"text-align: center\"><span style=\"color: #ff0000\">Semestre 2020\/01<\/span><\/h4>\n<p>Professor <a href=\"mailto:jairccfreitas@yahoo.com.br\">Jair C. C. Freitas<\/a><\/p>\n<p>1) Carga hor\u00e1ria: 4 h semanais.<\/p>\n<p>2) <a href=\"https:\/\/blog.ufes.br\/jairfreitas\/disciplinas\/te1\/programa\/\" target=\"_blank\" rel=\"noopener noreferrer\">Programa, bibliografia, crit\u00e9rios de avalia\u00e7\u00e3o<\/a>.<\/p>\n<p>3) Resultados.<\/p>\n<p>4) <a href=\"https:\/\/blog.ufes.br\/jairfreitas\/disciplinas\/te1\/apresentacoes\/\" target=\"_blank\" rel=\"noopener noreferrer\">Apresenta\u00e7\u00f5es<\/a>.<\/p>\n<p>5) <a href=\"https:\/\/blog.ufes.br\/jairfreitas\/disciplinas\/te1\/exercicios\/\" target=\"_blank\" rel=\"noopener noreferrer\">Exerc\u00edcios sugeridos<\/a>.<\/p>\n<p>6) V\u00eddeos sugeridos.<\/p>\n<p>7) <a href=\"https:\/\/blog.ufes.br\/jairfreitas\/disciplinas\/te1\/textos\/\" target=\"_blank\" rel=\"noopener noreferrer\">Textos sugeridos<\/a>.<\/p>\n<p>8) Links interessantes.<\/p>\n<p>9) <a href=\"mailto:jairccfreitas@yahoo.com.br\">Cr\u00edticas, coment\u00e1rios e sugest\u00f5es<\/a>.<\/p>\n","protected":false},"excerpt":{"rendered":"<p>Teoria Eletromagn\u00e9tica I (FIS 06647)\u00a0 Semestre 2020\/01 Professor Jair C. C. Freitas 1) Carga hor\u00e1ria: 4 h semanais. 2) Programa, bibliografia, crit\u00e9rios de avalia\u00e7\u00e3o. 3) Resultados. 4) Apresenta\u00e7\u00f5es. 5) Exerc\u00edcios sugeridos. 6) V\u00eddeos sugeridos. 7) Textos sugeridos. 8) Links interessantes. 9) Cr\u00edticas, coment\u00e1rios e sugest\u00f5es.<\/p>\n","protected":false},"author":303,"featured_media":0,"parent":40,"menu_order":0,"comment_status":"closed","ping_status":"closed","template":"","meta":{"_bbp_topic_count":0,"_bbp_reply_count":0,"_bbp_total_topic_count":0,"_bbp_total_reply_count":0,"_bbp_voice_count":0,"_bbp_anonymous_reply_count":0,"_bbp_topic_count_hidden":0,"_bbp_reply_count_hidden":0,"_bbp_forum_subforum_count":0,"_uag_custom_page_level_css":"","footnotes":""},"class_list":["post-278","page","type-page","status-publish","hentry"],"uagb_featured_image_src":{"full":false,"thumbnail":false,"medium":false,"medium_large":false,"large":false,"1536x1536":false,"2048x2048":false,"post-thumbnail":false},"uagb_author_info":{"display_name":"jair.freitas","author_link":"https:\/\/blog.ufes.br\/jairfreitas\/author\/jair_carlos-checon-de-freitas\/"},"uagb_comment_info":0,"uagb_excerpt":"Teoria Eletromagn\u00e9tica I (FIS 06647)\u00a0 Semestre 2020\/01 Professor Jair C. C. Freitas 1) Carga hor\u00e1ria: 4 h semanais. 2) Programa, bibliografia, crit\u00e9rios de avalia\u00e7\u00e3o. 3) Resultados. 4) Apresenta\u00e7\u00f5es. 5) Exerc\u00edcios sugeridos. 6) V\u00eddeos sugeridos. 7) Textos sugeridos. 8) Links interessantes. 9) Cr\u00edticas, coment\u00e1rios e sugest\u00f5es.","_links":{"self":[{"href":"https:\/\/blog.ufes.br\/jairfreitas\/wp-json\/wp\/v2\/pages\/278","targetHints":{"allow":["GET"]}}],"collection":[{"href":"https:\/\/blog.ufes.br\/jairfreitas\/wp-json\/wp\/v2\/pages"}],"about":[{"href":"https:\/\/blog.ufes.br\/jairfreitas\/wp-json\/wp\/v2\/types\/page"}],"author":[{"embeddable":true,"href":"https:\/\/blog.ufes.br\/jairfreitas\/wp-json\/wp\/v2\/users\/303"}],"replies":[{"embeddable":true,"href":"https:\/\/blog.ufes.br\/jairfreitas\/wp-json\/wp\/v2\/comments?post=278"}],"version-history":[{"count":26,"href":"https:\/\/blog.ufes.br\/jairfreitas\/wp-json\/wp\/v2\/pages\/278\/revisions"}],"predecessor-version":[{"id":872,"href":"https:\/\/blog.ufes.br\/jairfreitas\/wp-json\/wp\/v2\/pages\/278\/revisions\/872"}],"up":[{"embeddable":true,"href":"https:\/\/blog.ufes.br\/jairfreitas\/wp-json\/wp\/v2\/pages\/40"}],"wp:attachment":[{"href":"https:\/\/blog.ufes.br\/jairfreitas\/wp-json\/wp\/v2\/media?parent=278"}],"curies":[{"name":"wp","href":"https:\/\/api.w.org\/{rel}","templated":true}]}}