{"id":283,"date":"2017-08-25T12:12:09","date_gmt":"2017-08-25T15:12:09","guid":{"rendered":"http:\/\/blog.ufes.br\/jairfreitas\/?page_id=283"},"modified":"2020-02-28T17:57:15","modified_gmt":"2020-02-28T20:57:15","slug":"programa","status":"publish","type":"page","link":"https:\/\/blog.ufes.br\/jairfreitas\/disciplinas\/te1\/programa\/","title":{"rendered":"Programa"},"content":{"rendered":"<h2 style=\"text-align: center\"><span style=\"color: #ff6600\">Teoria Eletromagn\u00e9tica I<\/span><\/h2>\n<h4 style=\"text-align: center\"><span style=\"color: #000000\">FIS 06647<\/span><\/h4>\n<h4 style=\"text-align: center\"><span style=\"color: #000000\">Semestre 2020\/01<\/span><\/h4>\n<p style=\"text-align: right\">Professor <a href=\"mailto:jairccfreitas@yahoo.com.br\">Jair C. C. Freitas<\/a><\/p>\n<p><strong>Programa previsto:<\/strong><\/p>\n<ol>\n<li>Revis\u00e3o de an\u00e1lise vetorial.<\/li>\n<li>Eletrost\u00e1tica: campo e potencial el\u00e9trico; energia eletrost\u00e1tica; condutores.<\/li>\n<li>T\u00e9cnicas especiais: equa\u00e7\u00e3o de Laplace; m\u00e9todo das imagens; separa\u00e7\u00e3o de vari\u00e1veis; expans\u00e3o multipolar.<\/li>\n<li>Diel\u00e9tricos: polariza\u00e7\u00e3o; campo eletrost\u00e1tico na mat\u00e9ria; diel\u00e9tricos lineares.<\/li>\n<li>Magnetost\u00e1tica: for\u00e7a de Lorentz; correntes estacion\u00e1rias; campo magn\u00e9tico; potencial vetorial magn\u00e9tico.<\/li>\n<li>Materiais magn\u00e9ticos: magnetiza\u00e7\u00e3o; campo magn\u00e9tico na mat\u00e9ria; diamagnetismo, paramagnetismo e ferromagnetismo.<\/li>\n<\/ol>\n<p><strong>Bibliografia:<\/strong><\/p>\n<p><u>Livro-texto<\/u>: \u00a0\u00a0\u00a0\u00a0\u00a0\u00a0\u00a0\u00a0\u00a0\u00a0\u00a0\u00a0\u00a0\u00a0<\/p>\n<p>D. J. Griffiths. <em>Eletrodin\u00e2mica<\/em>, 3a edi\u00e7\u00e3o, Pearson, 2011..<\/p>\n<p><u>Textos auxiliares<\/u>:\u00a0 \u00a0<\/p>\n<p>R. Reitz, F. J. Milford, R. W. Christy. <em>Fundamentos da teoria eletromagn\u00e9tica<\/em>, 3a edi\u00e7\u00e3o, Editora \u00a0Campus, 1982.<\/p>\n<p>K. D. Machado. <em>Teoria do Eletromagnetismo<\/em>, Editora UEPG, 2002.<\/p>\n<p><strong>Avalia\u00e7\u00e3o:<\/strong><\/p>\n<p>A avalia\u00e7\u00e3o incluir\u00e1 duas provas parciais e uma prova substitutiva, previstas para as seguintes datas:<\/p>\n<p>Prova 1 (itens 1, 2, e 3):\u00a0 \u00a0 \u00a0 \u00a0 \u00a0 \u00a0 \u00a0 \u00a0 \u00a0 \u00a0 \u00a0 \u00a0 \u00a0 \u00a0 \u00a0 \u00a0 \u00a0 \u00a0 \u00a0 \u00a0 <span style=\"color: #ff0000\"><strong>29\/04\/2020<\/strong><\/span><br \/>Prova 2 (itens 4, 5 e 6):\u00a0 \u00a0 \u00a0 \u00a0 \u00a0 \u00a0 \u00a0 \u00a0 \u00a0 \u00a0 \u00a0 \u00a0 \u00a0 \u00a0 \u00a0 \u00a0 \u00a0 \u00a0 \u00a0 \u00a0 \u00a0<span style=\"color: #ff0000\"><strong>01\/07\/2020<\/strong><\/span><br \/>Prova substitutiva (todo o conte\u00fado):\u00a0 \u00a0 \u00a0 \u00a0 \u00a0\u00a0<span style=\"color: #ff0000\"><strong>08\/07\/2020<\/strong><\/span><br \/>Prova final (todo o conte\u00fado):\u00a0 \u00a0 \u00a0 \u00a0 \u00a0 \u00a0 \u00a0 \u00a0 \u00a0 \u00a0 \u00a0 \u00a0 \u00a0<span style=\"color: #ff0000\"><strong>15\/07\/2020<\/strong><\/span><\/p>\n<p>Al\u00e9m das provas ser\u00e3o aplicados diversos <u>testes<\/u> ao longo do per\u00edodo, com o objetivo de manter continuamente atualizado o conte\u00fado que est\u00e1 sendo ministrado. Esses testes ser\u00e3o baseados em problemas retirados do livro-texto e\/ou exerc\u00edcios propostos em sala de aula. A lista com os problemas e exerc\u00edcios para cada teste ser\u00e1 comunicada aproximadamente uma semana antes da sua realiza\u00e7\u00e3o.<\/p>\n<p>O controle de freq\u00fc\u00eancia dos alunos ser\u00e1 feito por meio de Listas de Presen\u00e7a. Em todas as aulas do semestre os alunos dever\u00e3o assinar a lista do dia, que \u00e9 a prova legal da presen\u00e7a do aluno na aula. A aus\u00eancia da assinatura do aluno na Lista de Presen\u00e7a em determinado dia implicar\u00e1 no c\u00f4mputo de n\u00famero de faltas correspondente ao n\u00famero de horas-aula desse dia. De acordo com as normas da UFES, cada aluno poder\u00e1 faltar at\u00e9 25% das aulas da disciplina. N\u00e3o existe abono de faltas por motivo m\u00e9dico ou por qualquer outro motivo; as aulas perdidas por quaisquer motivos devem ser enquadradas no porcentual permitido para faltas, descrito acima.<\/p>\n<p>A m\u00e9dia parcial ser\u00e1 computada atrav\u00e9s da m\u00e9dia aritm\u00e9tica das <u>tr\u00eas maiores<\/u> notas dentre as quatro a seguir: <u>nota da prova 1<\/u>, <u>nota da prova 2<\/u>, <u>m\u00e9dia dos testes<\/u> (com elimina\u00e7\u00e3o da menor nota obtida nos testes) e nota da <u>prova substitutiva<\/u>. Os alunos que obtiverem m\u00e9dia parcial igual ou superior a 7,0 estar\u00e3o automaticamente aprovados sem a necessidade de avalia\u00e7\u00e3o final. Os alunos que n\u00e3o obtiverem essa m\u00e9dia dever\u00e3o realizar uma prova final, necessitando de obter m\u00e9dia final igual ou superior a 5,0 para conseguir aprova\u00e7\u00e3o na disciplina.<\/p>\n<p style=\"text-align: right\">Informa\u00e7\u00f5es adicionais: <a href=\"http:\/\/blog.ufes.br\/jairfreitas\/disciplinas\/te1\" target=\"_blank\" rel=\"noopener noreferrer\">http:\/\/blog.ufes.br\/jairfreitas\/disciplinas\/te1<\/a>\u00a0<\/p>\n<p style=\"text-align: right\">Cr\u00edticas, coment\u00e1rios e sugest\u00f5es: <a href=\"mailto:jairccfreitas@yahoo.com.br\" target=\"_blank\" rel=\"noopener noreferrer\">jairccfreitas@yahoo.com.br<\/a><\/p>\n\n\n<p><\/p>\n","protected":false},"excerpt":{"rendered":"<p>Teoria Eletromagn\u00e9tica I FIS 06647 Semestre 2020\/01 Professor Jair C. C. Freitas Programa previsto: Revis\u00e3o de an\u00e1lise vetorial. Eletrost\u00e1tica: campo e potencial el\u00e9trico; energia eletrost\u00e1tica; condutores. T\u00e9cnicas especiais: equa\u00e7\u00e3o de Laplace; m\u00e9todo das imagens; separa\u00e7\u00e3o de vari\u00e1veis; expans\u00e3o multipolar. Diel\u00e9tricos: polariza\u00e7\u00e3o; campo eletrost\u00e1tico na mat\u00e9ria; diel\u00e9tricos lineares. Magnetost\u00e1tica: for\u00e7a de Lorentz; correntes estacion\u00e1rias; campo magn\u00e9tico; &hellip; <a href=\"https:\/\/blog.ufes.br\/jairfreitas\/disciplinas\/te1\/programa\/\" class=\"more-link\">Continue lendo <span class=\"screen-reader-text\">Programa<\/span> <span class=\"meta-nav\">&rarr;<\/span><\/a><\/p>\n","protected":false},"author":303,"featured_media":0,"parent":278,"menu_order":0,"comment_status":"closed","ping_status":"closed","template":"","meta":{"_bbp_topic_count":0,"_bbp_reply_count":0,"_bbp_total_topic_count":0,"_bbp_total_reply_count":0,"_bbp_voice_count":0,"_bbp_anonymous_reply_count":0,"_bbp_topic_count_hidden":0,"_bbp_reply_count_hidden":0,"_bbp_forum_subforum_count":0,"_uag_custom_page_level_css":"","footnotes":""},"class_list":["post-283","page","type-page","status-publish","hentry"],"uagb_featured_image_src":{"full":false,"thumbnail":false,"medium":false,"medium_large":false,"large":false,"1536x1536":false,"2048x2048":false,"post-thumbnail":false},"uagb_author_info":{"display_name":"jair.freitas","author_link":"https:\/\/blog.ufes.br\/jairfreitas\/author\/jair_carlos-checon-de-freitas\/"},"uagb_comment_info":0,"uagb_excerpt":"Teoria Eletromagn\u00e9tica I FIS 06647 Semestre 2020\/01 Professor Jair C. C. Freitas Programa previsto: Revis\u00e3o de an\u00e1lise vetorial. Eletrost\u00e1tica: campo e potencial el\u00e9trico; energia eletrost\u00e1tica; condutores. T\u00e9cnicas especiais: equa\u00e7\u00e3o de Laplace; m\u00e9todo das imagens; separa\u00e7\u00e3o de vari\u00e1veis; expans\u00e3o multipolar. Diel\u00e9tricos: polariza\u00e7\u00e3o; campo eletrost\u00e1tico na mat\u00e9ria; diel\u00e9tricos lineares. Magnetost\u00e1tica: for\u00e7a de Lorentz; correntes estacion\u00e1rias; campo magn\u00e9tico;&hellip;","_links":{"self":[{"href":"https:\/\/blog.ufes.br\/jairfreitas\/wp-json\/wp\/v2\/pages\/283","targetHints":{"allow":["GET"]}}],"collection":[{"href":"https:\/\/blog.ufes.br\/jairfreitas\/wp-json\/wp\/v2\/pages"}],"about":[{"href":"https:\/\/blog.ufes.br\/jairfreitas\/wp-json\/wp\/v2\/types\/page"}],"author":[{"embeddable":true,"href":"https:\/\/blog.ufes.br\/jairfreitas\/wp-json\/wp\/v2\/users\/303"}],"replies":[{"embeddable":true,"href":"https:\/\/blog.ufes.br\/jairfreitas\/wp-json\/wp\/v2\/comments?post=283"}],"version-history":[{"count":13,"href":"https:\/\/blog.ufes.br\/jairfreitas\/wp-json\/wp\/v2\/pages\/283\/revisions"}],"predecessor-version":[{"id":869,"href":"https:\/\/blog.ufes.br\/jairfreitas\/wp-json\/wp\/v2\/pages\/283\/revisions\/869"}],"up":[{"embeddable":true,"href":"https:\/\/blog.ufes.br\/jairfreitas\/wp-json\/wp\/v2\/pages\/278"}],"wp:attachment":[{"href":"https:\/\/blog.ufes.br\/jairfreitas\/wp-json\/wp\/v2\/media?parent=283"}],"curies":[{"name":"wp","href":"https:\/\/api.w.org\/{rel}","templated":true}]}}