{"id":308,"date":"2017-09-05T14:58:45","date_gmt":"2017-09-05T17:58:45","guid":{"rendered":"http:\/\/blog.ufes.br\/jairfreitas\/?page_id=308"},"modified":"2020-03-17T12:49:45","modified_gmt":"2020-03-17T15:49:45","slug":"exercicios","status":"publish","type":"page","link":"https:\/\/blog.ufes.br\/jairfreitas\/disciplinas\/te1\/exercicios\/","title":{"rendered":"Exerc\u00edcios"},"content":{"rendered":"<h2 style=\"text-align: center\"><span style=\"color: #ff6600\">Teoria Eletromagn\u00e9tica I<\/span><\/h2>\n<h4 style=\"text-align: center\"><span style=\"color: #000000\">FIS 06647<\/span><\/h4>\n<h4 style=\"text-align: center\"><span style=\"color: #000000\">Semestre 2020\/01<\/span><\/h4>\n<p style=\"text-align: right\">Professor <a href=\"mailto:jairccfreitas@yahoo.com.br\">Jair C. C. Freitas<\/a><\/p>\n<p>Exerc\u00edcios e problemas sugeridos do livro texto (D. J. Griffiths. <em>Eletrodin\u00e2mica<\/em>, 3a edi\u00e7\u00e3o, Pearson, 2011):<\/p>\n<p><strong>Problemas sugeridos:<\/strong><\/p>\n<p><span style=\"color: #339966\">Cap\u00edtulo 1<\/span>: <strong>13, 16, 19, 20, 21, 22, 23, 26, 27, 32, 33, 35, 37, 38, 39, 41, 42, 43, 44, 45, 46, 47, 48, 50, 51, 53, 54, 56, 58, 59, 60, 61, 62<\/strong>.<\/p>\n<p><span style=\"color: #339966\">Problemas adicionais<\/span>: <a href=\"http:\/\/blog.ufes.br\/jairfreitas\/files\/2020\/03\/Lista01.pdf\" target=\"_blank\" rel=\"noopener noreferrer\">Lista 01<\/a>.<\/p>\n<p>\u00a0<\/p>\n\n\n<p><\/p>\n","protected":false},"excerpt":{"rendered":"<p>Teoria Eletromagn\u00e9tica I FIS 06647 Semestre 2020\/01 Professor Jair C. C. Freitas Exerc\u00edcios e problemas sugeridos do livro texto (D. J. Griffiths. Eletrodin\u00e2mica, 3a edi\u00e7\u00e3o, Pearson, 2011): Problemas sugeridos: Cap\u00edtulo 1: 13, 16, 19, 20, 21, 22, 23, 26, 27, 32, 33, 35, 37, 38, 39, 41, 42, 43, 44, 45, 46, 47, 48, 50, &hellip; <a href=\"https:\/\/blog.ufes.br\/jairfreitas\/disciplinas\/te1\/exercicios\/\" class=\"more-link\">Continue lendo <span class=\"screen-reader-text\">Exerc\u00edcios<\/span> <span class=\"meta-nav\">&rarr;<\/span><\/a><\/p>\n","protected":false},"author":303,"featured_media":0,"parent":278,"menu_order":0,"comment_status":"closed","ping_status":"closed","template":"","meta":{"_bbp_topic_count":0,"_bbp_reply_count":0,"_bbp_total_topic_count":0,"_bbp_total_reply_count":0,"_bbp_voice_count":0,"_bbp_anonymous_reply_count":0,"_bbp_topic_count_hidden":0,"_bbp_reply_count_hidden":0,"_bbp_forum_subforum_count":0,"_uag_custom_page_level_css":"","footnotes":""},"class_list":["post-308","page","type-page","status-publish","hentry"],"uagb_featured_image_src":{"full":false,"thumbnail":false,"medium":false,"medium_large":false,"large":false,"1536x1536":false,"2048x2048":false,"post-thumbnail":false},"uagb_author_info":{"display_name":"jair.freitas","author_link":"https:\/\/blog.ufes.br\/jairfreitas\/author\/jair_carlos-checon-de-freitas\/"},"uagb_comment_info":0,"uagb_excerpt":"Teoria Eletromagn\u00e9tica I FIS 06647 Semestre 2020\/01 Professor Jair C. C. Freitas Exerc\u00edcios e problemas sugeridos do livro texto (D. J. Griffiths. Eletrodin\u00e2mica, 3a edi\u00e7\u00e3o, Pearson, 2011): Problemas sugeridos: Cap\u00edtulo 1: 13, 16, 19, 20, 21, 22, 23, 26, 27, 32, 33, 35, 37, 38, 39, 41, 42, 43, 44, 45, 46, 47, 48, 50,&hellip;","_links":{"self":[{"href":"https:\/\/blog.ufes.br\/jairfreitas\/wp-json\/wp\/v2\/pages\/308","targetHints":{"allow":["GET"]}}],"collection":[{"href":"https:\/\/blog.ufes.br\/jairfreitas\/wp-json\/wp\/v2\/pages"}],"about":[{"href":"https:\/\/blog.ufes.br\/jairfreitas\/wp-json\/wp\/v2\/types\/page"}],"author":[{"embeddable":true,"href":"https:\/\/blog.ufes.br\/jairfreitas\/wp-json\/wp\/v2\/users\/303"}],"replies":[{"embeddable":true,"href":"https:\/\/blog.ufes.br\/jairfreitas\/wp-json\/wp\/v2\/comments?post=308"}],"version-history":[{"count":33,"href":"https:\/\/blog.ufes.br\/jairfreitas\/wp-json\/wp\/v2\/pages\/308\/revisions"}],"predecessor-version":[{"id":900,"href":"https:\/\/blog.ufes.br\/jairfreitas\/wp-json\/wp\/v2\/pages\/308\/revisions\/900"}],"up":[{"embeddable":true,"href":"https:\/\/blog.ufes.br\/jairfreitas\/wp-json\/wp\/v2\/pages\/278"}],"wp:attachment":[{"href":"https:\/\/blog.ufes.br\/jairfreitas\/wp-json\/wp\/v2\/media?parent=308"}],"curies":[{"name":"wp","href":"https:\/\/api.w.org\/{rel}","templated":true}]}}